{"id":75407,"date":"2017-10-31T01:40:33","date_gmt":"2017-10-31T00:40:33","guid":{"rendered":"http:\/\/ekoplast-group.com\/home\/"},"modified":"2019-06-12T11:06:33","modified_gmt":"2019-06-12T09:06:33","slug":"home","status":"publish","type":"page","link":"https:\/\/ekoplast-group.com\/de\/home\/","title":{"rendered":"Home"},"content":{"rendered":"<div class=\"wpb-content-wrapper\"><p>[vc_row row_height_percent=&#8220;0&#8243; override_padding=&#8220;yes&#8220; h_padding=&#8220;0&#8243; top_padding=&#8220;0&#8243; bottom_padding=&#8220;0&#8243; overlay_alpha=&#8220;50&#8243; gutter_size=&#8220;0&#8243; column_width_percent=&#8220;100&#8243; shift_y=&#8220;0&#8243; z_index=&#8220;0&#8243; row_height_pixel=&#8220;420&#8243;][vc_column column_width_use_pixel=&#8220;yes&#8220; position_horizontal=&#8220;right&#8220; position_vertical=&#8220;middle&#8220; override_padding=&#8220;yes&#8220; column_padding=&#8220;2&#8243; overlay_alpha=&#8220;50&#8243; gutter_size=&#8220;3&#8243; medium_width=&#8220;0&#8243; mobile_width=&#8220;0&#8243; shift_x=&#8220;0&#8243; shift_y=&#8220;0&#8243; shift_y_down=&#8220;0&#8243; z_index=&#8220;0&#8243; width=&#8220;1\/2&#8243; column_width_pixel=&#8220;600&#8243; css=&#8220;.vc_custom_1509485029827{padding-right: 80px !important;}&#8220;][vc_custom_heading]Technologie innovante \u2018Foam Inside\u2019[\/vc_custom_heading][vc_column_text]L\u2019injection sous pression d\u2019une mousse ultra isolante ainsi que l\u2019am\u00e9lioration du vitrage nous permet de vous proposer une fen\u00eatre avec des performances thermiques sup\u00e9rieures de 30%.*<\/p>\n<p>*pour la taille standard CSTB.[\/vc_column_text][vc_button button_color=&#8220;accent&#8220; radius=&#8220;btn-square&#8220; custom_typo=&#8220;yes&#8220; font_family=&#8220;font-762333&#8243; font_weight=&#8220;600&#8243; text_transform=&#8220;uppercase&#8220; border_width=&#8220;1&#8243; link=&#8220;url:http%3A%2F%2Fwww.ekoplastfrance.fr%2Ftechnologie-innovante-foam-inside%2F|||&#8220;]D\u00e9couvrir[\/vc_button][\/vc_column][vc_column column_width_percent=&#8220;100&#8243; overlay_alpha=&#8220;50&#8243; gutter_size=&#8220;3&#8243; medium_width=&#8220;0&#8243; mobile_width=&#8220;0&#8243; shift_x=&#8220;0&#8243; shift_y=&#8220;0&#8243; shift_y_down=&#8220;0&#8243; z_index=&#8220;0&#8243; width=&#8220;1\/2&#8243;][vc_single_image media=&#8220;93&#8243; media_width_percent=&#8220;100&#8243; media_ratio=&#8220;four-three&#8220;][\/vc_column][\/vc_row][vc_row unlock_row_content=&#8220;yes&#8220; row_height_percent=&#8220;0&#8243; override_padding=&#8220;yes&#8220; h_padding=&#8220;0&#8243; top_padding=&#8220;0&#8243; bottom_padding=&#8220;0&#8243; overlay_alpha=&#8220;50&#8243; gutter_size=&#8220;0&#8243; column_width_percent=&#8220;100&#8243; shift_y=&#8220;0&#8243; z_index=&#8220;0&#8243; row_height_pixel=&#8220;420&#8243;][vc_column column_width_percent=&#8220;100&#8243; overlay_alpha=&#8220;50&#8243; gutter_size=&#8220;3&#8243; medium_width=&#8220;0&#8243; mobile_width=&#8220;0&#8243; shift_x=&#8220;0&#8243; shift_y=&#8220;0&#8243; shift_y_down=&#8220;0&#8243; z_index=&#8220;0&#8243; width=&#8220;1\/2&#8243;][vc_single_image media=&#8220;74741&#8243; media_width_percent=&#8220;100&#8243; media_ratio=&#8220;sixteen-nine&#8220;][\/vc_column][vc_column column_width_use_pixel=&#8220;yes&#8220; position_horizontal=&#8220;left&#8220; position_vertical=&#8220;middle&#8220; override_padding=&#8220;yes&#8220; column_padding=&#8220;2&#8243; overlay_alpha=&#8220;50&#8243; gutter_size=&#8220;3&#8243; medium_width=&#8220;0&#8243; mobile_width=&#8220;0&#8243; shift_x=&#8220;0&#8243; shift_y=&#8220;0&#8243; shift_y_down=&#8220;0&#8243; z_index=&#8220;0&#8243; width=&#8220;1\/2&#8243; column_width_pixel=&#8220;500&#8243; css=&#8220;.vc_custom_1509800420247{padding-right: 80px !important;padding-left: 80px !important;}&#8220;][vc_custom_heading text_height=&#8220;&#8220;]V-Perfect &#8211; Okna PVC nigdy nie by\u0142y tak doskona\u0142e[\/vc_custom_heading][vc_column_text]Uwa\u017cnie \u015bledzimy rozw\u00f3j rynku i dok\u0142adamy wszelkich stara\u0144, by zaoferowa\u0107 naszym Klientom innowacyjne i perfekcyjne rozwi\u0105zania.[\/vc_column_text][vc_button button_color=&#8220;accent&#8220; radius=&#8220;btn-square&#8220; custom_typo=&#8220;yes&#8220; font_family=&#8220;font-762333&#8243; font_weight=&#8220;600&#8243; text_transform=&#8220;uppercase&#8220; border_width=&#8220;1&#8243; link=&#8220;url:http%3A%2F%2Fekoplast-group.com%2Fpl%2Fv-perfect%2F|||&#8220;]Zobacz wi\u0119cej[\/vc_button][\/vc_column][\/vc_row][vc_row row_height_percent=&#8220;0&#8243; override_padding=&#8220;yes&#8220; h_padding=&#8220;0&#8243; top_padding=&#8220;0&#8243; bottom_padding=&#8220;0&#8243; overlay_alpha=&#8220;50&#8243; gutter_size=&#8220;3&#8243; column_width_percent=&#8220;100&#8243; shift_y=&#8220;0&#8243; z_index=&#8220;0&#8243;][vc_column width=&#8220;1\/1&#8243;][uncode_index el_id=&#8220;index-164303&#8243; isotope_mode=&#8220;packery&#8220; loop=&#8220;size:4|order_by:menu_order|order:ASC|post_type:portfolio|tax_query:34,36&#8243; auto_query=&#8220;yes&#8220; style_preset=&#8220;metro&#8220; single_height_viewport=&#8220;yes&#8220; gutter_size=&#8220;0&#8243; post_items=&#8220;media|featured|onpost|poster,title,spacer|half,author&#8220; portfolio_items=&#8220;media|featured|onpost|original,title,spacer|half&#8220; screen_lg=&#8220;1200&#8243; screen_md=&#8220;1000&#8243; screen_sm=&#8220;480&#8243; single_text=&#8220;overlay&#8220; single_width=&#8220;3&#8243; single_fluid_height=&#8220;50&#8243; single_style=&#8220;dark&#8220; single_overlay_color=&#8220;color-xsdn&#8220; single_overlay_coloration=&#8220;bottom_gradient&#8220; single_overlay_opacity=&#8220;1&#8243; single_text_visible=&#8220;yes&#8220; single_text_anim=&#8220;no&#8220; single_overlay_visible=&#8220;yes&#8220; single_v_position=&#8220;bottom&#8220; single_reduced=&#8220;half&#8220; single_padding=&#8220;2&#8243; single_title_transform=&#8220;uppercase&#8220; single_title_dimension=&#8220;h6&#8243; single_title_family=&#8220;font-762333&#8243; single_border=&#8220;yes&#8220; single_css_animation=&#8220;zoom-in&#8220; single_animation_delay=&#8220;400&#8243; order_ids=&#8220;4151,66305,66317,66364&#8243;][\/vc_column][\/vc_row][vc_row row_height_percent=&#8220;0&#8243; override_padding=&#8220;yes&#8220; h_padding=&#8220;0&#8243; top_padding=&#8220;4&#8243; bottom_padding=&#8220;0&#8243; overlay_alpha=&#8220;50&#8243; gutter_size=&#8220;3&#8243; column_width_percent=&#8220;100&#8243; shift_y=&#8220;0&#8243; z_index=&#8220;0&#8243;][vc_column width=&#8220;1\/1&#8243;][vc_custom_heading heading_semantic=&#8220;h3&#8243; text_size=&#8220;h3&#8243;]<\/p>\n<div class=\"nav navbar-nav navbar-main navbar-nav-first\">\n<p><strong>Actualit\u00e9s<\/strong><\/p>\n<\/div>\n<div class=\"nav navbar-nav navbar-nav-last\"><\/div>\n<p>[\/vc_custom_heading][\/vc_column][\/vc_row][vc_row unlock_row_content=&#8220;yes&#8220; row_height_percent=&#8220;0&#8243; overlay_alpha=&#8220;50&#8243; gutter_size=&#8220;3&#8243; column_width_percent=&#8220;100&#8243; shift_y=&#8220;0&#8243; z_index=&#8220;0&#8243;][vc_column width=&#8220;1\/1&#8243;][vc_separator][\/vc_column][\/vc_row][vc_row unlock_row_content=&#8220;yes&#8220; row_height_percent=&#8220;45&#8243; override_padding=&#8220;yes&#8220; h_padding=&#8220;0&#8243; top_padding=&#8220;0&#8243; bottom_padding=&#8220;0&#8243; overlay_alpha=&#8220;50&#8243; gutter_size=&#8220;3&#8243; column_width_percent=&#8220;100&#8243; shift_y=&#8220;0&#8243; z_index=&#8220;0&#8243;][vc_column column_width_percent=&#8220;100&#8243; style=&#8220;dark&#8220; overlay_alpha=&#8220;50&#8243; gutter_size=&#8220;3&#8243; medium_width=&#8220;0&#8243; mobile_width=&#8220;0&#8243; shift_x=&#8220;0&#8243; shift_y=&#8220;0&#8243; shift_y_down=&#8220;0&#8243; z_index=&#8220;0&#8243; width=&#8220;1\/1&#8243;][uncode_index el_id=&#8220;index-164303&#8243; isotope_mode=&#8220;packery&#8220; loop=&#8220;size:4|order_by:date|post_type:post&#8220; style_preset=&#8220;metro&#8220; single_height_viewport=&#8220;yes&#8220; filtering=&#8220;yes&#8220; filtering_uppercase=&#8220;yes&#8220; gutter_size=&#8220;0&#8243; post_items=&#8220;media|featured|onpost|poster,title,spacer|half&#8220; screen_lg=&#8220;1200&#8243; screen_md=&#8220;1000&#8243; screen_sm=&#8220;480&#8243; single_text=&#8220;overlay&#8220; single_width=&#8220;3&#8243; single_fluid_height=&#8220;50&#8243; single_overlay_color=&#8220;color-nhtu&#8220; single_overlay_coloration=&#8220;bottom_gradient&#8220; single_overlay_opacity=&#8220;71&#8243; single_text_visible=&#8220;yes&#8220; single_text_anim=&#8220;no&#8220; single_overlay_visible=&#8220;yes&#8220; single_v_position=&#8220;bottom&#8220; single_reduced=&#8220;half&#8220; single_padding=&#8220;2&#8243; single_title_transform=&#8220;uppercase&#8220; single_title_dimension=&#8220;h3&#8243; single_border=&#8220;yes&#8220; single_css_animation=&#8220;zoom-in&#8220; single_animation_delay=&#8220;400&#8243;][\/vc_column][\/vc_row][vc_row unlock_row_content=&#8220;yes&#8220; row_height_percent=&#8220;0&#8243; override_padding=&#8220;yes&#8220; h_padding=&#8220;0&#8243; top_padding=&#8220;0&#8243; bottom_padding=&#8220;0&#8243; overlay_alpha=&#8220;50&#8243; gutter_size=&#8220;3&#8243; column_width_percent=&#8220;100&#8243; shift_y=&#8220;0&#8243; z_index=&#8220;0&#8243;][vc_column column_width_percent=&#8220;100&#8243; override_padding=&#8220;yes&#8220; column_padding=&#8220;0&#8243; overlay_alpha=&#8220;50&#8243; gutter_size=&#8220;3&#8243; medium_width=&#8220;0&#8243; mobile_width=&#8220;0&#8243; shift_x=&#8220;0&#8243; shift_y=&#8220;0&#8243; shift_y_down=&#8220;0&#8243; z_index=&#8220;0&#8243; width=&#8220;1\/1&#8243;][vc_gmaps map_color=&#8220;accent&#8220; ui_color=&#8220;color-rgdb&#8220; zoom=&#8220;14&#8243; map_saturation=&#8220;-20&#8243; map_brightness=&#8220;5&#8243; latlon=&#8220;48.704842, 6.144068&#8243; size=&#8220;400&#8243;][\/vc_column][\/vc_row][vc_row][vc_column width=&#8220;1\/1&#8243;][uncode_block id=&#8220;15588&#8243;][\/vc_column][\/vc_row]<\/p>\n<\/div>","protected":false},"excerpt":{"rendered":"<p>[vc_row row_height_percent=&#8220;0&#8243; override_padding=&#8220;yes&#8220; h_padding=&#8220;0&#8243; top_padding=&#8220;0&#8243; bottom_padding=&#8220;0&#8243; overlay_alpha=&#8220;50&#8243; gutter_size=&#8220;0&#8243; column_width_percent=&#8220;100&#8243; shift_y=&#8220;0&#8243; z_index=&#8220;0&#8243; row_height_pixel=&#8220;420&#8243;][vc_column column_width_use_pixel=&#8220;yes&#8220; position_horizontal=&#8220;right&#8220; position_vertical=&#8220;middle&#8220; override_padding=&#8220;yes&#8220; column_padding=&#8220;2&#8243; overlay_alpha=&#8220;50&#8243; gutter_size=&#8220;3&#8243; medium_width=&#8220;0&#8243; [&hellip;]<\/p>\n","protected":false},"author":43,"featured_media":70680,"parent":0,"menu_order":0,"comment_status":"closed","ping_status":"closed","template":"","meta":{"footnotes":""},"class_list":["post-75407","page","type-page","status-publish","has-post-thumbnail","hentry"],"yoast_head":"<!-- This site is optimized with the Yoast SEO plugin v27.4 - https:\/\/yoast.com\/product\/yoast-seo-wordpress\/ -->\n<title>Home | Ekoplast S.A.<\/title>\n<meta name=\"description\" content=\"Nous sommes sp\u00e9cialis\u00e9s dans la production et la vente de fen\u00eatres, portes, portes de garage, coulissantes et toutes sortes de menuiseries en PVC et aluminium. Dans l&#039;offre d&#039;Ekoplast vous trouverez aussi une large gamme d&#039;accessoires.\" \/>\n<meta name=\"robots\" content=\"index, follow, max-snippet:-1, max-image-preview:large, max-video-preview:-1\" \/>\n<link rel=\"canonical\" href=\"https:\/\/ekoplast-group.com\/de\/home\/\" \/>\n<meta property=\"og:locale\" content=\"de_DE\" \/>\n<meta property=\"og:type\" content=\"article\" \/>\n<meta property=\"og:title\" content=\"Home | Ekoplast S.A.\" \/>\n<meta property=\"og:description\" content=\"Nous sommes sp\u00e9cialis\u00e9s dans la production et la vente de fen\u00eatres, portes, portes de garage, coulissantes et toutes sortes de menuiseries en PVC et aluminium. Dans l&#039;offre d&#039;Ekoplast vous trouverez aussi une large gamme d&#039;accessoires.\" \/>\n<meta property=\"og:url\" content=\"https:\/\/ekoplast-group.com\/de\/home\/\" \/>\n<meta property=\"og:site_name\" content=\"Ekoplast S.A.\" \/>\n<meta property=\"article:publisher\" content=\"https:\/\/www.facebook.com\/EkoplastPL\" \/>\n<meta property=\"article:modified_time\" content=\"2019-06-12T09:06:33+00:00\" \/>\n<meta property=\"og:image\" content=\"https:\/\/ekoplast-group.com\/wp-content\/uploads\/Ekoplast_mainslider.jpg\" \/>\n\t<meta property=\"og:image:width\" content=\"1920\" \/>\n\t<meta property=\"og:image:height\" content=\"1000\" \/>\n\t<meta property=\"og:image:type\" content=\"image\/jpeg\" \/>\n<meta name=\"twitter:card\" content=\"summary_large_image\" \/>\n<meta name=\"twitter:label1\" content=\"Gesch\u00e4tzte Lesezeit\" \/>\n\t<meta name=\"twitter:data1\" content=\"4\u00a0Minuten\" \/>\n<script type=\"application\/ld+json\" class=\"yoast-schema-graph\">{\"@context\":\"https:\\\/\\\/schema.org\",\"@graph\":[{\"@type\":\"WebPage\",\"@id\":\"https:\\\/\\\/ekoplast-group.com\\\/de\\\/home\\\/\",\"url\":\"https:\\\/\\\/ekoplast-group.com\\\/de\\\/home\\\/\",\"name\":\"Home | Ekoplast S.A.\",\"isPartOf\":{\"@id\":\"https:\\\/\\\/ekoplast-group.com\\\/de\\\/#website\"},\"primaryImageOfPage\":{\"@id\":\"https:\\\/\\\/ekoplast-group.com\\\/de\\\/home\\\/#primaryimage\"},\"image\":{\"@id\":\"https:\\\/\\\/ekoplast-group.com\\\/de\\\/home\\\/#primaryimage\"},\"thumbnailUrl\":\"https:\\\/\\\/ekoplast-group.com\\\/wp-content\\\/uploads\\\/Ekoplast_mainslider.jpg\",\"datePublished\":\"2017-10-31T00:40:33+00:00\",\"dateModified\":\"2019-06-12T09:06:33+00:00\",\"description\":\"Nous sommes sp\u00e9cialis\u00e9s dans la production et la vente de fen\u00eatres, portes, portes de garage, coulissantes et toutes sortes de menuiseries en PVC et aluminium. Dans l'offre d'Ekoplast vous trouverez aussi une large gamme d'accessoires.\",\"breadcrumb\":{\"@id\":\"https:\\\/\\\/ekoplast-group.com\\\/de\\\/home\\\/#breadcrumb\"},\"inLanguage\":\"de\",\"potentialAction\":[{\"@type\":\"ReadAction\",\"target\":[\"https:\\\/\\\/ekoplast-group.com\\\/de\\\/home\\\/\"]}]},{\"@type\":\"ImageObject\",\"inLanguage\":\"de\",\"@id\":\"https:\\\/\\\/ekoplast-group.com\\\/de\\\/home\\\/#primaryimage\",\"url\":\"https:\\\/\\\/ekoplast-group.com\\\/wp-content\\\/uploads\\\/Ekoplast_mainslider.jpg\",\"contentUrl\":\"https:\\\/\\\/ekoplast-group.com\\\/wp-content\\\/uploads\\\/Ekoplast_mainslider.jpg\",\"width\":1920,\"height\":1000,\"caption\":\"fenster\"},{\"@type\":\"BreadcrumbList\",\"@id\":\"https:\\\/\\\/ekoplast-group.com\\\/de\\\/home\\\/#breadcrumb\",\"itemListElement\":[{\"@type\":\"ListItem\",\"position\":1,\"name\":\"Strona g\u0142\u00f3wna\",\"item\":\"https:\\\/\\\/ekoplast-group.com\\\/de\\\/\"},{\"@type\":\"ListItem\",\"position\":2,\"name\":\"Home\"}]},{\"@type\":\"WebSite\",\"@id\":\"https:\\\/\\\/ekoplast-group.com\\\/de\\\/#website\",\"url\":\"https:\\\/\\\/ekoplast-group.com\\\/de\\\/\",\"name\":\"Ekoplast S.A.\",\"description\":\"Okna PCV Krak\u00f3w Ekoplast - okna plastikowe, okna aluminiowe\",\"publisher\":{\"@id\":\"https:\\\/\\\/ekoplast-group.com\\\/de\\\/#organization\"},\"potentialAction\":[{\"@type\":\"SearchAction\",\"target\":{\"@type\":\"EntryPoint\",\"urlTemplate\":\"https:\\\/\\\/ekoplast-group.com\\\/de\\\/?s={search_term_string}\"},\"query-input\":{\"@type\":\"PropertyValueSpecification\",\"valueRequired\":true,\"valueName\":\"search_term_string\"}}],\"inLanguage\":\"de\"},{\"@type\":\"Organization\",\"@id\":\"https:\\\/\\\/ekoplast-group.com\\\/de\\\/#organization\",\"name\":\"Ekoplast S.A.\",\"url\":\"https:\\\/\\\/ekoplast-group.com\\\/de\\\/\",\"logo\":{\"@type\":\"ImageObject\",\"inLanguage\":\"de\",\"@id\":\"https:\\\/\\\/ekoplast-group.com\\\/de\\\/#\\\/schema\\\/logo\\\/image\\\/\",\"url\":\"https:\\\/\\\/ekoplast-group.com\\\/wp-content\\\/uploads\\\/2017\\\/10\\\/Ekoplast_Logo_Color_Regular_Transparent-copy.svg\",\"contentUrl\":\"https:\\\/\\\/ekoplast-group.com\\\/wp-content\\\/uploads\\\/2017\\\/10\\\/Ekoplast_Logo_Color_Regular_Transparent-copy.svg\",\"width\":1,\"height\":1,\"caption\":\"Ekoplast S.A.\"},\"image\":{\"@id\":\"https:\\\/\\\/ekoplast-group.com\\\/de\\\/#\\\/schema\\\/logo\\\/image\\\/\"},\"sameAs\":[\"https:\\\/\\\/www.facebook.com\\\/EkoplastPL\",\"https:\\\/\\\/www.linkedin.com\\\/company\\\/ekoplastsa\"]}]}<\/script>\n<!-- \/ Yoast SEO plugin. -->","yoast_head_json":{"title":"Home | Ekoplast S.A.","description":"Nous sommes sp\u00e9cialis\u00e9s dans la production et la vente de fen\u00eatres, portes, portes de garage, coulissantes et toutes sortes de menuiseries en PVC et aluminium. Dans l'offre d'Ekoplast vous trouverez aussi une large gamme d'accessoires.","robots":{"index":"index","follow":"follow","max-snippet":"max-snippet:-1","max-image-preview":"max-image-preview:large","max-video-preview":"max-video-preview:-1"},"canonical":"https:\/\/ekoplast-group.com\/de\/home\/","og_locale":"de_DE","og_type":"article","og_title":"Home | Ekoplast S.A.","og_description":"Nous sommes sp\u00e9cialis\u00e9s dans la production et la vente de fen\u00eatres, portes, portes de garage, coulissantes et toutes sortes de menuiseries en PVC et aluminium. Dans l'offre d'Ekoplast vous trouverez aussi une large gamme d'accessoires.","og_url":"https:\/\/ekoplast-group.com\/de\/home\/","og_site_name":"Ekoplast S.A.","article_publisher":"https:\/\/www.facebook.com\/EkoplastPL","article_modified_time":"2019-06-12T09:06:33+00:00","og_image":[{"width":1920,"height":1000,"url":"https:\/\/ekoplast-group.com\/wp-content\/uploads\/Ekoplast_mainslider.jpg","type":"image\/jpeg"}],"twitter_card":"summary_large_image","twitter_misc":{"Gesch\u00e4tzte Lesezeit":"4\u00a0Minuten"},"schema":{"@context":"https:\/\/schema.org","@graph":[{"@type":"WebPage","@id":"https:\/\/ekoplast-group.com\/de\/home\/","url":"https:\/\/ekoplast-group.com\/de\/home\/","name":"Home | Ekoplast S.A.","isPartOf":{"@id":"https:\/\/ekoplast-group.com\/de\/#website"},"primaryImageOfPage":{"@id":"https:\/\/ekoplast-group.com\/de\/home\/#primaryimage"},"image":{"@id":"https:\/\/ekoplast-group.com\/de\/home\/#primaryimage"},"thumbnailUrl":"https:\/\/ekoplast-group.com\/wp-content\/uploads\/Ekoplast_mainslider.jpg","datePublished":"2017-10-31T00:40:33+00:00","dateModified":"2019-06-12T09:06:33+00:00","description":"Nous sommes sp\u00e9cialis\u00e9s dans la production et la vente de fen\u00eatres, portes, portes de garage, coulissantes et toutes sortes de menuiseries en PVC et aluminium. Dans l'offre d'Ekoplast vous trouverez aussi une large gamme d'accessoires.","breadcrumb":{"@id":"https:\/\/ekoplast-group.com\/de\/home\/#breadcrumb"},"inLanguage":"de","potentialAction":[{"@type":"ReadAction","target":["https:\/\/ekoplast-group.com\/de\/home\/"]}]},{"@type":"ImageObject","inLanguage":"de","@id":"https:\/\/ekoplast-group.com\/de\/home\/#primaryimage","url":"https:\/\/ekoplast-group.com\/wp-content\/uploads\/Ekoplast_mainslider.jpg","contentUrl":"https:\/\/ekoplast-group.com\/wp-content\/uploads\/Ekoplast_mainslider.jpg","width":1920,"height":1000,"caption":"fenster"},{"@type":"BreadcrumbList","@id":"https:\/\/ekoplast-group.com\/de\/home\/#breadcrumb","itemListElement":[{"@type":"ListItem","position":1,"name":"Strona g\u0142\u00f3wna","item":"https:\/\/ekoplast-group.com\/de\/"},{"@type":"ListItem","position":2,"name":"Home"}]},{"@type":"WebSite","@id":"https:\/\/ekoplast-group.com\/de\/#website","url":"https:\/\/ekoplast-group.com\/de\/","name":"Ekoplast S.A.","description":"Okna PCV Krak\u00f3w Ekoplast - okna plastikowe, okna aluminiowe","publisher":{"@id":"https:\/\/ekoplast-group.com\/de\/#organization"},"potentialAction":[{"@type":"SearchAction","target":{"@type":"EntryPoint","urlTemplate":"https:\/\/ekoplast-group.com\/de\/?s={search_term_string}"},"query-input":{"@type":"PropertyValueSpecification","valueRequired":true,"valueName":"search_term_string"}}],"inLanguage":"de"},{"@type":"Organization","@id":"https:\/\/ekoplast-group.com\/de\/#organization","name":"Ekoplast S.A.","url":"https:\/\/ekoplast-group.com\/de\/","logo":{"@type":"ImageObject","inLanguage":"de","@id":"https:\/\/ekoplast-group.com\/de\/#\/schema\/logo\/image\/","url":"https:\/\/ekoplast-group.com\/wp-content\/uploads\/2017\/10\/Ekoplast_Logo_Color_Regular_Transparent-copy.svg","contentUrl":"https:\/\/ekoplast-group.com\/wp-content\/uploads\/2017\/10\/Ekoplast_Logo_Color_Regular_Transparent-copy.svg","width":1,"height":1,"caption":"Ekoplast S.A."},"image":{"@id":"https:\/\/ekoplast-group.com\/de\/#\/schema\/logo\/image\/"},"sameAs":["https:\/\/www.facebook.com\/EkoplastPL","https:\/\/www.linkedin.com\/company\/ekoplastsa"]}]}},"_links":{"self":[{"href":"https:\/\/ekoplast-group.com\/de\/wp-json\/wp\/v2\/pages\/75407","targetHints":{"allow":["GET"]}}],"collection":[{"href":"https:\/\/ekoplast-group.com\/de\/wp-json\/wp\/v2\/pages"}],"about":[{"href":"https:\/\/ekoplast-group.com\/de\/wp-json\/wp\/v2\/types\/page"}],"author":[{"embeddable":true,"href":"https:\/\/ekoplast-group.com\/de\/wp-json\/wp\/v2\/users\/43"}],"replies":[{"embeddable":true,"href":"https:\/\/ekoplast-group.com\/de\/wp-json\/wp\/v2\/comments?post=75407"}],"version-history":[{"count":0,"href":"https:\/\/ekoplast-group.com\/de\/wp-json\/wp\/v2\/pages\/75407\/revisions"}],"wp:featuredmedia":[{"embeddable":true,"href":"https:\/\/ekoplast-group.com\/de\/wp-json\/wp\/v2\/media\/70680"}],"wp:attachment":[{"href":"https:\/\/ekoplast-group.com\/de\/wp-json\/wp\/v2\/media?parent=75407"}],"curies":[{"name":"wp","href":"https:\/\/api.w.org\/{rel}","templated":true}]}}