{"id":79171,"date":"2019-11-15T13:09:15","date_gmt":"2019-11-15T12:09:15","guid":{"rendered":"https:\/\/ekoplast-group.com\/?page_id=79171"},"modified":"2020-12-10T22:25:13","modified_gmt":"2020-12-10T21:25:13","slug":"kipptore","status":"publish","type":"page","link":"https:\/\/ekoplast-group.com\/de\/garagentore\/kipptore\/","title":{"rendered":"Kipptore"},"content":{"rendered":"<div class=\"wpb-content-wrapper\"><p>[vc_row row_height_percent=&#8220;3&#8243; override_padding=&#8220;yes&#8220; h_padding=&#8220;2&#8243; top_padding=&#8220;0&#8243; bottom_padding=&#8220;2&#8243; back_color=&#8220;color-lxmt&#8220; overlay_alpha=&#8220;50&#8243; gutter_size=&#8220;0&#8243; column_width_percent=&#8220;100&#8243; shift_y=&#8220;0&#8243; z_index=&#8220;0&#8243; mobile_visibility=&#8220;yes&#8220;][vc_column column_width_percent=&#8220;100&#8243; position_horizontal=&#8220;left&#8220; position_vertical=&#8220;middle&#8220; gutter_size=&#8220;0&#8243; overlay_alpha=&#8220;50&#8243; shift_x=&#8220;0&#8243; shift_y=&#8220;2&#8243; shift_y_down=&#8220;0&#8243; z_index=&#8220;0&#8243; medium_width=&#8220;0&#8243; mobile_width=&#8220;0&#8243; width=&#8220;1\/1&#8243;][uncode_breadcrumbs][\/vc_column][\/vc_row][vc_row row_height_percent=&#8220;0&#8243; override_padding=&#8220;yes&#8220; h_padding=&#8220;2&#8243; top_padding=&#8220;3&#8243; bottom_padding=&#8220;3&#8243; overlay_alpha=&#8220;100&#8243; gutter_size=&#8220;3&#8243; column_width_percent=&#8220;100&#8243; border_color=&#8220;color-lxmt&#8220; border_style=&#8220;solid&#8220; shift_y=&#8220;0&#8243; z_index=&#8220;0&#8243; row_height_use_pixel=&#8220;&#8220;][vc_column column_width_use_pixel=&#8220;yes&#8220; gutter_size=&#8220;3&#8243; override_padding=&#8220;yes&#8220; column_padding=&#8220;0&#8243; overlay_alpha=&#8220;50&#8243; shift_x=&#8220;0&#8243; shift_y=&#8220;0&#8243; shift_y_down=&#8220;0&#8243; z_index=&#8220;0&#8243; medium_width=&#8220;0&#8243; mobile_width=&#8220;0&#8243; zoom_width=&#8220;0&#8243; zoom_height=&#8220;0&#8243; column_width_pixel=&#8220;800&#8243; width=&#8220;1\/1&#8243;][vc_column_text text_lead=&#8220;yes&#8220;]<\/p>\n<h4>Angenehmes \u00d6ffnen<\/h4>\n<p>Kipptore sind mit einfachen und bew\u00e4hrten mechanischen L\u00f6sungen ausger\u00fcstet. Sie k\u00f6nnen leicht ge\u00f6ffnet und geschlossen werden. Au\u00dferdem zeichnen sie sich durch einen reibungslosen Betrieb aus, den ein System von speziell ausgew\u00e4hlten und ausgewuchteten Federn sowie Lagerrollen und Puffern erm\u00f6glicht. Das Tor kann in der Standardausf\u00fchrung oder mit automatischer Steuerung geliefert werden.<\/p>\n<p>Im Rahmen des Systems kann eine Durchgangst\u00fcr im Fl\u00fcgel installiert werden, die Nutzung der Garage ohne das \u00d6ffnen des eigentlichen Torfl\u00fcgels erm\u00f6glicht. Weitere Optionen sind: L\u00fcftungsgitter, zus\u00e4tzliche Isolierung, Verglasungen, wie z. B. Acryl-Milchglas, das Licht in die Garage l\u00e4sst, ohne dass Einsicht in den Innenraum m\u00f6glich ist.[\/vc_column_text][\/vc_column][\/vc_row][vc_row unlock_row=&#8220;&#8220; row_height_percent=&#8220;0&#8243; override_padding=&#8220;yes&#8220; h_padding=&#8220;2&#8243; top_padding=&#8220;1&#8243; bottom_padding=&#8220;1&#8243; overlay_alpha=&#8220;100&#8243; gutter_size=&#8220;3&#8243; column_width_percent=&#8220;100&#8243; border_color=&#8220;color-lxmt&#8220; shift_y=&#8220;0&#8243; z_index=&#8220;0&#8243; row_height_use_pixel=&#8220;&#8220;][vc_column column_width_use_pixel=&#8220;yes&#8220; gutter_size=&#8220;3&#8243; overlay_alpha=&#8220;50&#8243; shift_x=&#8220;0&#8243; shift_y=&#8220;0&#8243; medium_width=&#8220;0&#8243; zoom_width=&#8220;0&#8243; zoom_height=&#8220;0&#8243;][vc_gallery el_id=&#8220;gallery-47626&#8243; medias=&#8220;68168,68169,68170&#8243; gutter_size=&#8220;2&#8243; media_items=&#8220;media,icon&#8220; screen_lg=&#8220;600&#8243; screen_md=&#8220;600&#8243; screen_sm=&#8220;480&#8243; images_size=&#8220;three-two&#8220; single_overlay_opacity=&#8220;50&#8243; single_h_align=&#8220;center&#8220; single_padding=&#8220;2&#8243; single_title_dimension=&#8220;h1&#8243; single_icon=&#8220;fa fa-plus2&#8243; single_border=&#8220;yes&#8220; carousel_rtl=&#8220;&#8220; single_title_uppercase=&#8220;&#8220;][\/vc_column][\/vc_row][vc_row row_height_percent=&#8220;0&#8243; override_padding=&#8220;yes&#8220; h_padding=&#8220;2&#8243; top_padding=&#8220;2&#8243; bottom_padding=&#8220;3&#8243; overlay_alpha=&#8220;50&#8243; gutter_size=&#8220;3&#8243; column_width_percent=&#8220;100&#8243; shift_y=&#8220;0&#8243; z_index=&#8220;0&#8243;][vc_column column_width_use_pixel=&#8220;yes&#8220; gutter_size=&#8220;3&#8243; overlay_alpha=&#8220;50&#8243; shift_x=&#8220;0&#8243; shift_y=&#8220;0&#8243; shift_y_down=&#8220;0&#8243; z_index=&#8220;0&#8243; medium_width=&#8220;0&#8243; mobile_width=&#8220;0&#8243; width=&#8220;1\/1&#8243; column_width_pixel=&#8220;800&#8243;][vc_column_text]<\/p>\n<h4>Langj\u00e4hrige Sicherheit und Garantie<\/h4>\n<p>Die Zweipunkt-Schnappschlossverriegelung sorgt f\u00fcr einen sicheren Verschluss des Tors. Ein \u00dcberlastschalter, Lichtschranken, Federabdeckungen, die Form der F\u00fchrungsschienen, kugelgelagerte F\u00fchrungsrollen machen die Nutzung des Tors absolut sicher. Kipptore sind robust und langlebig dank Korrosionsschutz (feuerverzinkte Konstruktionen, verzinkte und polyesterbeschichtete Torbeplankung).[\/vc_column_text][\/vc_column][\/vc_row][vc_row][vc_column width=&#8220;1\/1&#8243;][uncode_block id=&#8220;74986&#8243;][\/vc_column][\/vc_row]<\/p>\n<\/div>","protected":false},"excerpt":{"rendered":"<p>[vc_row row_height_percent=&#8220;3&#8243; override_padding=&#8220;yes&#8220; h_padding=&#8220;2&#8243; top_padding=&#8220;0&#8243; bottom_padding=&#8220;2&#8243; back_color=&#8220;color-lxmt&#8220; overlay_alpha=&#8220;50&#8243; gutter_size=&#8220;0&#8243; column_width_percent=&#8220;100&#8243; shift_y=&#8220;0&#8243; z_index=&#8220;0&#8243; mobile_visibility=&#8220;yes&#8220;][vc_column column_width_percent=&#8220;100&#8243; position_horizontal=&#8220;left&#8220; position_vertical=&#8220;middle&#8220; gutter_size=&#8220;0&#8243; overlay_alpha=&#8220;50&#8243; shift_x=&#8220;0&#8243; shift_y=&#8220;2&#8243; [&hellip;]<\/p>\n","protected":false},"author":43,"featured_media":68018,"parent":75423,"menu_order":0,"comment_status":"closed","ping_status":"closed","template":"","meta":{"footnotes":""},"class_list":["post-79171","page","type-page","status-publish","has-post-thumbnail","hentry","page_category-garagentore"],"yoast_head":"<!-- This site is optimized with the Yoast SEO plugin v27.4 - https:\/\/yoast.com\/product\/yoast-seo-wordpress\/ -->\n<title>Kipptore | Ekoplast S.A.<\/title>\n<meta name=\"robots\" content=\"index, follow, max-snippet:-1, max-image-preview:large, max-video-preview:-1\" \/>\n<link rel=\"canonical\" href=\"https:\/\/ekoplast-group.com\/de\/garagentore\/kipptore\/\" \/>\n<meta property=\"og:locale\" content=\"de_DE\" \/>\n<meta property=\"og:type\" content=\"article\" \/>\n<meta property=\"og:title\" content=\"Kipptore | Ekoplast S.A.\" \/>\n<meta property=\"og:description\" content=\"[vc_row row_height_percent=&#8220;3&#8243; override_padding=&#8220;yes&#8220; h_padding=&#8220;2&#8243; top_padding=&#8220;0&#8243; bottom_padding=&#8220;2&#8243; back_color=&#8220;color-lxmt&#8220; overlay_alpha=&#8220;50&#8243; gutter_size=&#8220;0&#8243; column_width_percent=&#8220;100&#8243; shift_y=&#8220;0&#8243; z_index=&#8220;0&#8243; mobile_visibility=&#8220;yes&#8220;][vc_column column_width_percent=&#8220;100&#8243; position_horizontal=&#8220;left&#8220; position_vertical=&#8220;middle&#8220; gutter_size=&#8220;0&#8243; overlay_alpha=&#8220;50&#8243; shift_x=&#8220;0&#8243; shift_y=&#8220;2&#8243; [&hellip;]\" \/>\n<meta property=\"og:url\" content=\"https:\/\/ekoplast-group.com\/de\/garagentore\/kipptore\/\" \/>\n<meta property=\"og:site_name\" content=\"Ekoplast S.A.\" \/>\n<meta property=\"article:publisher\" content=\"https:\/\/www.facebook.com\/EkoplastPL\" \/>\n<meta property=\"article:modified_time\" content=\"2020-12-10T21:25:13+00:00\" \/>\n<meta property=\"og:image\" content=\"https:\/\/ekoplast-group.com\/wp-content\/uploads\/bramyuchylne.jpg\" \/>\n\t<meta property=\"og:image:width\" content=\"1280\" \/>\n\t<meta property=\"og:image:height\" content=\"832\" \/>\n\t<meta property=\"og:image:type\" content=\"image\/jpeg\" \/>\n<meta name=\"twitter:card\" content=\"summary_large_image\" \/>\n<meta name=\"twitter:label1\" content=\"Gesch\u00e4tzte Lesezeit\" \/>\n\t<meta name=\"twitter:data1\" content=\"2\u00a0Minuten\" \/>\n<script type=\"application\/ld+json\" class=\"yoast-schema-graph\">{\"@context\":\"https:\\\/\\\/schema.org\",\"@graph\":[{\"@type\":\"WebPage\",\"@id\":\"https:\\\/\\\/ekoplast-group.com\\\/de\\\/garagentore\\\/kipptore\\\/\",\"url\":\"https:\\\/\\\/ekoplast-group.com\\\/de\\\/garagentore\\\/kipptore\\\/\",\"name\":\"Kipptore | Ekoplast S.A.\",\"isPartOf\":{\"@id\":\"https:\\\/\\\/ekoplast-group.com\\\/de\\\/#website\"},\"primaryImageOfPage\":{\"@id\":\"https:\\\/\\\/ekoplast-group.com\\\/de\\\/garagentore\\\/kipptore\\\/#primaryimage\"},\"image\":{\"@id\":\"https:\\\/\\\/ekoplast-group.com\\\/de\\\/garagentore\\\/kipptore\\\/#primaryimage\"},\"thumbnailUrl\":\"https:\\\/\\\/ekoplast-group.com\\\/wp-content\\\/uploads\\\/bramyuchylne.jpg\",\"datePublished\":\"2019-11-15T12:09:15+00:00\",\"dateModified\":\"2020-12-10T21:25:13+00:00\",\"breadcrumb\":{\"@id\":\"https:\\\/\\\/ekoplast-group.com\\\/de\\\/garagentore\\\/kipptore\\\/#breadcrumb\"},\"inLanguage\":\"de\",\"potentialAction\":[{\"@type\":\"ReadAction\",\"target\":[\"https:\\\/\\\/ekoplast-group.com\\\/de\\\/garagentore\\\/kipptore\\\/\"]}]},{\"@type\":\"ImageObject\",\"inLanguage\":\"de\",\"@id\":\"https:\\\/\\\/ekoplast-group.com\\\/de\\\/garagentore\\\/kipptore\\\/#primaryimage\",\"url\":\"https:\\\/\\\/ekoplast-group.com\\\/wp-content\\\/uploads\\\/bramyuchylne.jpg\",\"contentUrl\":\"https:\\\/\\\/ekoplast-group.com\\\/wp-content\\\/uploads\\\/bramyuchylne.jpg\",\"width\":1280,\"height\":832,\"caption\":\"bramy uchylne\"},{\"@type\":\"BreadcrumbList\",\"@id\":\"https:\\\/\\\/ekoplast-group.com\\\/de\\\/garagentore\\\/kipptore\\\/#breadcrumb\",\"itemListElement\":[{\"@type\":\"ListItem\",\"position\":1,\"name\":\"Strona g\u0142\u00f3wna\",\"item\":\"https:\\\/\\\/ekoplast-group.com\\\/de\\\/\"},{\"@type\":\"ListItem\",\"position\":2,\"name\":\"Garagentore\",\"item\":\"https:\\\/\\\/ekoplast-group.com\\\/de\\\/garagentore\\\/\"},{\"@type\":\"ListItem\",\"position\":3,\"name\":\"Kipptore\"}]},{\"@type\":\"WebSite\",\"@id\":\"https:\\\/\\\/ekoplast-group.com\\\/de\\\/#website\",\"url\":\"https:\\\/\\\/ekoplast-group.com\\\/de\\\/\",\"name\":\"Ekoplast S.A.\",\"description\":\"Okna PCV Krak\u00f3w Ekoplast - okna plastikowe, okna aluminiowe\",\"publisher\":{\"@id\":\"https:\\\/\\\/ekoplast-group.com\\\/de\\\/#organization\"},\"potentialAction\":[{\"@type\":\"SearchAction\",\"target\":{\"@type\":\"EntryPoint\",\"urlTemplate\":\"https:\\\/\\\/ekoplast-group.com\\\/de\\\/?s={search_term_string}\"},\"query-input\":{\"@type\":\"PropertyValueSpecification\",\"valueRequired\":true,\"valueName\":\"search_term_string\"}}],\"inLanguage\":\"de\"},{\"@type\":\"Organization\",\"@id\":\"https:\\\/\\\/ekoplast-group.com\\\/de\\\/#organization\",\"name\":\"Ekoplast S.A.\",\"url\":\"https:\\\/\\\/ekoplast-group.com\\\/de\\\/\",\"logo\":{\"@type\":\"ImageObject\",\"inLanguage\":\"de\",\"@id\":\"https:\\\/\\\/ekoplast-group.com\\\/de\\\/#\\\/schema\\\/logo\\\/image\\\/\",\"url\":\"https:\\\/\\\/ekoplast-group.com\\\/wp-content\\\/uploads\\\/2017\\\/10\\\/Ekoplast_Logo_Color_Regular_Transparent-copy.svg\",\"contentUrl\":\"https:\\\/\\\/ekoplast-group.com\\\/wp-content\\\/uploads\\\/2017\\\/10\\\/Ekoplast_Logo_Color_Regular_Transparent-copy.svg\",\"width\":1,\"height\":1,\"caption\":\"Ekoplast S.A.\"},\"image\":{\"@id\":\"https:\\\/\\\/ekoplast-group.com\\\/de\\\/#\\\/schema\\\/logo\\\/image\\\/\"},\"sameAs\":[\"https:\\\/\\\/www.facebook.com\\\/EkoplastPL\",\"https:\\\/\\\/www.linkedin.com\\\/company\\\/ekoplastsa\"]}]}<\/script>\n<!-- \/ Yoast SEO plugin. -->","yoast_head_json":{"title":"Kipptore | Ekoplast S.A.","robots":{"index":"index","follow":"follow","max-snippet":"max-snippet:-1","max-image-preview":"max-image-preview:large","max-video-preview":"max-video-preview:-1"},"canonical":"https:\/\/ekoplast-group.com\/de\/garagentore\/kipptore\/","og_locale":"de_DE","og_type":"article","og_title":"Kipptore | Ekoplast S.A.","og_description":"[vc_row row_height_percent=&#8220;3&#8243; override_padding=&#8220;yes&#8220; h_padding=&#8220;2&#8243; top_padding=&#8220;0&#8243; bottom_padding=&#8220;2&#8243; back_color=&#8220;color-lxmt&#8220; overlay_alpha=&#8220;50&#8243; gutter_size=&#8220;0&#8243; column_width_percent=&#8220;100&#8243; shift_y=&#8220;0&#8243; z_index=&#8220;0&#8243; mobile_visibility=&#8220;yes&#8220;][vc_column column_width_percent=&#8220;100&#8243; position_horizontal=&#8220;left&#8220; position_vertical=&#8220;middle&#8220; gutter_size=&#8220;0&#8243; overlay_alpha=&#8220;50&#8243; shift_x=&#8220;0&#8243; shift_y=&#8220;2&#8243; [&hellip;]","og_url":"https:\/\/ekoplast-group.com\/de\/garagentore\/kipptore\/","og_site_name":"Ekoplast S.A.","article_publisher":"https:\/\/www.facebook.com\/EkoplastPL","article_modified_time":"2020-12-10T21:25:13+00:00","og_image":[{"width":1280,"height":832,"url":"https:\/\/ekoplast-group.com\/wp-content\/uploads\/bramyuchylne.jpg","type":"image\/jpeg"}],"twitter_card":"summary_large_image","twitter_misc":{"Gesch\u00e4tzte Lesezeit":"2\u00a0Minuten"},"schema":{"@context":"https:\/\/schema.org","@graph":[{"@type":"WebPage","@id":"https:\/\/ekoplast-group.com\/de\/garagentore\/kipptore\/","url":"https:\/\/ekoplast-group.com\/de\/garagentore\/kipptore\/","name":"Kipptore | Ekoplast S.A.","isPartOf":{"@id":"https:\/\/ekoplast-group.com\/de\/#website"},"primaryImageOfPage":{"@id":"https:\/\/ekoplast-group.com\/de\/garagentore\/kipptore\/#primaryimage"},"image":{"@id":"https:\/\/ekoplast-group.com\/de\/garagentore\/kipptore\/#primaryimage"},"thumbnailUrl":"https:\/\/ekoplast-group.com\/wp-content\/uploads\/bramyuchylne.jpg","datePublished":"2019-11-15T12:09:15+00:00","dateModified":"2020-12-10T21:25:13+00:00","breadcrumb":{"@id":"https:\/\/ekoplast-group.com\/de\/garagentore\/kipptore\/#breadcrumb"},"inLanguage":"de","potentialAction":[{"@type":"ReadAction","target":["https:\/\/ekoplast-group.com\/de\/garagentore\/kipptore\/"]}]},{"@type":"ImageObject","inLanguage":"de","@id":"https:\/\/ekoplast-group.com\/de\/garagentore\/kipptore\/#primaryimage","url":"https:\/\/ekoplast-group.com\/wp-content\/uploads\/bramyuchylne.jpg","contentUrl":"https:\/\/ekoplast-group.com\/wp-content\/uploads\/bramyuchylne.jpg","width":1280,"height":832,"caption":"bramy uchylne"},{"@type":"BreadcrumbList","@id":"https:\/\/ekoplast-group.com\/de\/garagentore\/kipptore\/#breadcrumb","itemListElement":[{"@type":"ListItem","position":1,"name":"Strona g\u0142\u00f3wna","item":"https:\/\/ekoplast-group.com\/de\/"},{"@type":"ListItem","position":2,"name":"Garagentore","item":"https:\/\/ekoplast-group.com\/de\/garagentore\/"},{"@type":"ListItem","position":3,"name":"Kipptore"}]},{"@type":"WebSite","@id":"https:\/\/ekoplast-group.com\/de\/#website","url":"https:\/\/ekoplast-group.com\/de\/","name":"Ekoplast S.A.","description":"Okna PCV Krak\u00f3w Ekoplast - okna plastikowe, okna aluminiowe","publisher":{"@id":"https:\/\/ekoplast-group.com\/de\/#organization"},"potentialAction":[{"@type":"SearchAction","target":{"@type":"EntryPoint","urlTemplate":"https:\/\/ekoplast-group.com\/de\/?s={search_term_string}"},"query-input":{"@type":"PropertyValueSpecification","valueRequired":true,"valueName":"search_term_string"}}],"inLanguage":"de"},{"@type":"Organization","@id":"https:\/\/ekoplast-group.com\/de\/#organization","name":"Ekoplast S.A.","url":"https:\/\/ekoplast-group.com\/de\/","logo":{"@type":"ImageObject","inLanguage":"de","@id":"https:\/\/ekoplast-group.com\/de\/#\/schema\/logo\/image\/","url":"https:\/\/ekoplast-group.com\/wp-content\/uploads\/2017\/10\/Ekoplast_Logo_Color_Regular_Transparent-copy.svg","contentUrl":"https:\/\/ekoplast-group.com\/wp-content\/uploads\/2017\/10\/Ekoplast_Logo_Color_Regular_Transparent-copy.svg","width":1,"height":1,"caption":"Ekoplast S.A."},"image":{"@id":"https:\/\/ekoplast-group.com\/de\/#\/schema\/logo\/image\/"},"sameAs":["https:\/\/www.facebook.com\/EkoplastPL","https:\/\/www.linkedin.com\/company\/ekoplastsa"]}]}},"_links":{"self":[{"href":"https:\/\/ekoplast-group.com\/de\/wp-json\/wp\/v2\/pages\/79171","targetHints":{"allow":["GET"]}}],"collection":[{"href":"https:\/\/ekoplast-group.com\/de\/wp-json\/wp\/v2\/pages"}],"about":[{"href":"https:\/\/ekoplast-group.com\/de\/wp-json\/wp\/v2\/types\/page"}],"author":[{"embeddable":true,"href":"https:\/\/ekoplast-group.com\/de\/wp-json\/wp\/v2\/users\/43"}],"replies":[{"embeddable":true,"href":"https:\/\/ekoplast-group.com\/de\/wp-json\/wp\/v2\/comments?post=79171"}],"version-history":[{"count":0,"href":"https:\/\/ekoplast-group.com\/de\/wp-json\/wp\/v2\/pages\/79171\/revisions"}],"up":[{"embeddable":true,"href":"https:\/\/ekoplast-group.com\/de\/wp-json\/wp\/v2\/pages\/75423"}],"wp:featuredmedia":[{"embeddable":true,"href":"https:\/\/ekoplast-group.com\/de\/wp-json\/wp\/v2\/media\/68018"}],"wp:attachment":[{"href":"https:\/\/ekoplast-group.com\/de\/wp-json\/wp\/v2\/media?parent=79171"}],"curies":[{"name":"wp","href":"https:\/\/api.w.org\/{rel}","templated":true}]}}