{"id":79180,"date":"2019-11-15T13:48:00","date_gmt":"2019-11-15T12:48:00","guid":{"rendered":"https:\/\/ekoplast-group.com\/?page_id=79180"},"modified":"2020-12-09T14:25:42","modified_gmt":"2020-12-09T13:25:42","slug":"pvc-tueren","status":"publish","type":"page","link":"https:\/\/ekoplast-group.com\/de\/hausturen\/pvc-tueren\/","title":{"rendered":"PVC-T\u00fcren"},"content":{"rendered":"<div class=\"wpb-content-wrapper\"><p>[vc_row row_height_percent=&#8220;3&#8243; override_padding=&#8220;yes&#8220; h_padding=&#8220;2&#8243; top_padding=&#8220;0&#8243; bottom_padding=&#8220;2&#8243; back_color=&#8220;color-lxmt&#8220; overlay_alpha=&#8220;50&#8243; gutter_size=&#8220;0&#8243; column_width_percent=&#8220;100&#8243; shift_y=&#8220;0&#8243; z_index=&#8220;0&#8243; mobile_visibility=&#8220;yes&#8220;][vc_column column_width_percent=&#8220;100&#8243; position_horizontal=&#8220;left&#8220; position_vertical=&#8220;middle&#8220; gutter_size=&#8220;0&#8243; overlay_alpha=&#8220;50&#8243; shift_x=&#8220;0&#8243; shift_y=&#8220;2&#8243; shift_y_down=&#8220;0&#8243; z_index=&#8220;0&#8243; medium_width=&#8220;0&#8243; mobile_width=&#8220;0&#8243; width=&#8220;1\/1&#8243;][uncode_breadcrumbs][\/vc_column][\/vc_row][vc_row row_height_percent=&#8220;0&#8243; override_padding=&#8220;yes&#8220; h_padding=&#8220;2&#8243; top_padding=&#8220;2&#8243; bottom_padding=&#8220;1&#8243; overlay_alpha=&#8220;50&#8243; gutter_size=&#8220;3&#8243; column_width_percent=&#8220;100&#8243; shift_y=&#8220;0&#8243; z_index=&#8220;0&#8243;][vc_column column_width_percent=&#8220;100&#8243; gutter_size=&#8220;3&#8243; overlay_alpha=&#8220;50&#8243; shift_x=&#8220;0&#8243; shift_y=&#8220;0&#8243; shift_y_down=&#8220;0&#8243; z_index=&#8220;0&#8243; medium_width=&#8220;0&#8243; mobile_width=&#8220;0&#8243; width=&#8220;1\/2&#8243;][vc_custom_heading heading_semantic=&#8220;h3&#8243; text_size=&#8220;h3&#8243; text_height=&#8220;&#8220; text_color=&#8220;accent&#8220;]<strong><span class=\"font-255517\">PVC Haust\u00fcren <\/span><\/strong>[\/vc_custom_heading][vc_column_text]PVC-T\u00fcren mit F\u00fcllung sind die preislich g\u00fcnstigste Wahl im Bereich der T\u00fcrf\u00fcllungen. Sie sind auch eine Alternative f\u00fcr Kunden, die nach Produkten mit sehr hoher Qualit\u00e4t zu sehr g\u00fcnstigen Preisen suchen. Mit PVC ergibt sich die M\u00f6glichkeit, sehr viele Muster zu gestalten \u2013 Vertiefungen, Rahmen oder anderer Elemente, die in ihrer \u00c4sthetik und Funktionalit\u00e4t jedes Haus versch\u00f6nern. [\/vc_column_text][\/vc_column][vc_column width=&#8220;1\/2&#8243;][\/vc_column][\/vc_row][vc_row row_height_percent=&#8220;0&#8243; override_padding=&#8220;yes&#8220; h_padding=&#8220;2&#8243; top_padding=&#8220;2&#8243; bottom_padding=&#8220;2&#8243; overlay_alpha=&#8220;50&#8243; gutter_size=&#8220;3&#8243; column_width_percent=&#8220;100&#8243; shift_y=&#8220;0&#8243; z_index=&#8220;0&#8243;][vc_column column_width_percent=&#8220;100&#8243; gutter_size=&#8220;3&#8243; overlay_alpha=&#8220;50&#8243; shift_x=&#8220;0&#8243; shift_y=&#8220;0&#8243; shift_y_down=&#8220;0&#8243; z_index=&#8220;0&#8243; medium_width=&#8220;0&#8243; mobile_width=&#8220;4&#8243; width=&#8220;1\/4&#8243;][vc_single_image media=&#8220;66506&#8243; media_width_percent=&#8220;100&#8243;][\/vc_column][vc_column column_width_percent=&#8220;100&#8243; gutter_size=&#8220;3&#8243; overlay_alpha=&#8220;50&#8243; shift_x=&#8220;0&#8243; shift_y=&#8220;0&#8243; shift_y_down=&#8220;0&#8243; z_index=&#8220;0&#8243; medium_width=&#8220;0&#8243; mobile_width=&#8220;4&#8243; width=&#8220;1\/4&#8243;][vc_single_image media=&#8220;66500&#8243; media_width_percent=&#8220;100&#8243;][\/vc_column][vc_column column_width_percent=&#8220;100&#8243; gutter_size=&#8220;3&#8243; overlay_alpha=&#8220;50&#8243; shift_x=&#8220;0&#8243; shift_y=&#8220;0&#8243; shift_y_down=&#8220;0&#8243; z_index=&#8220;0&#8243; medium_width=&#8220;0&#8243; mobile_width=&#8220;4&#8243; width=&#8220;1\/4&#8243;][vc_single_image media=&#8220;66501&#8243; media_width_percent=&#8220;100&#8243;][\/vc_column][vc_column column_width_percent=&#8220;100&#8243; gutter_size=&#8220;3&#8243; overlay_alpha=&#8220;50&#8243; shift_x=&#8220;0&#8243; shift_y=&#8220;0&#8243; shift_y_down=&#8220;0&#8243; z_index=&#8220;0&#8243; medium_width=&#8220;0&#8243; mobile_width=&#8220;4&#8243; width=&#8220;1\/4&#8243;][vc_single_image media=&#8220;66504&#8243; media_width_percent=&#8220;100&#8243;][\/vc_column][\/vc_row][vc_row row_height_percent=&#8220;0&#8243; override_padding=&#8220;yes&#8220; h_padding=&#8220;2&#8243; top_padding=&#8220;1&#8243; bottom_padding=&#8220;2&#8243; overlay_alpha=&#8220;50&#8243; gutter_size=&#8220;3&#8243; column_width_percent=&#8220;100&#8243; shift_y=&#8220;0&#8243; z_index=&#8220;0&#8243;][vc_column column_width_percent=&#8220;100&#8243; gutter_size=&#8220;3&#8243; overlay_alpha=&#8220;50&#8243; shift_x=&#8220;0&#8243; shift_y=&#8220;0&#8243; shift_y_down=&#8220;0&#8243; z_index=&#8220;0&#8243; medium_width=&#8220;0&#8243; mobile_width=&#8220;0&#8243; width=&#8220;1\/1&#8243;][vc_column_text]Eine Vielfalt an preislich g\u00fcnstigen L\u00f6sungen bei hervorragenden thermischen Parametern.<br \/>\n<b>U<sub>G<\/sub> \u2265 0,72 W\/m<sup>2<\/sup>K<\/b>[\/vc_column_text][\/vc_column][\/vc_row][vc_row row_height_percent=&#8220;0&#8243; override_padding=&#8220;yes&#8220; h_padding=&#8220;2&#8243; top_padding=&#8220;2&#8243; bottom_padding=&#8220;2&#8243; overlay_alpha=&#8220;50&#8243; gutter_size=&#8220;3&#8243; column_width_percent=&#8220;100&#8243; shift_y=&#8220;0&#8243; z_index=&#8220;0&#8243;][vc_column width=&#8220;1\/1&#8243;][vc_custom_heading heading_semantic=&#8220;h3&#8243; text_size=&#8220;h3&#8243; text_height=&#8220;&#8220; text_color=&#8220;accent&#8220;]<strong><span class=\"font-255517\">PVC-T\u00fcren mit HPL-F\u00fcllung<\/span><\/strong>[\/vc_custom_heading][vc_column_text]HPL-T\u00fcrf\u00fcllungen bestehen aus zwei Kunstharzplatten, deren gr\u00f6\u00dfte Vorteile die Sicherheit, die hohe Resistenz gegen mechanische Besch\u00e4digungen und die geringe W\u00e4rmeausdehnung sind. HPL-F\u00fcllungen k\u00f6nnen an Orten mit schwierigen Nutzungsbedingungen angewendet werden, wie etwa in \u00f6ffentlichen Geb\u00e4uden, Schulen, Krankenh\u00e4usern, Hotels, B\u00fcros und Wohnobjekten. \u00dcberall dort, wo Kunden nach einem Qualit\u00e4tsprodukt mit einem modernen Design zu einem g\u00fcnstigen Preis suchen. [\/vc_column_text][\/vc_column][\/vc_row][vc_row row_height_percent=&#8220;0&#8243; override_padding=&#8220;yes&#8220; h_padding=&#8220;2&#8243; top_padding=&#8220;2&#8243; bottom_padding=&#8220;2&#8243; overlay_alpha=&#8220;50&#8243; gutter_size=&#8220;3&#8243; column_width_percent=&#8220;100&#8243; shift_y=&#8220;0&#8243; z_index=&#8220;0&#8243;][vc_column column_width_percent=&#8220;100&#8243; gutter_size=&#8220;3&#8243; overlay_alpha=&#8220;50&#8243; shift_x=&#8220;0&#8243; shift_y=&#8220;0&#8243; shift_y_down=&#8220;0&#8243; z_index=&#8220;0&#8243; medium_width=&#8220;0&#8243; mobile_width=&#8220;4&#8243; width=&#8220;1\/4&#8243;][vc_single_image media=&#8220;66523&#8243; media_width_percent=&#8220;100&#8243;][\/vc_column][vc_column column_width_percent=&#8220;100&#8243; gutter_size=&#8220;3&#8243; overlay_alpha=&#8220;50&#8243; shift_x=&#8220;0&#8243; shift_y=&#8220;0&#8243; shift_y_down=&#8220;0&#8243; z_index=&#8220;0&#8243; medium_width=&#8220;0&#8243; mobile_width=&#8220;4&#8243; width=&#8220;1\/4&#8243;][vc_single_image media=&#8220;66522&#8243; media_width_percent=&#8220;100&#8243;][\/vc_column][vc_column column_width_percent=&#8220;100&#8243; gutter_size=&#8220;3&#8243; overlay_alpha=&#8220;50&#8243; shift_x=&#8220;0&#8243; shift_y=&#8220;0&#8243; shift_y_down=&#8220;0&#8243; z_index=&#8220;0&#8243; medium_width=&#8220;0&#8243; mobile_width=&#8220;4&#8243; width=&#8220;1\/4&#8243;][vc_single_image media=&#8220;66521&#8243; media_width_percent=&#8220;100&#8243;][\/vc_column][vc_column column_width_percent=&#8220;100&#8243; gutter_size=&#8220;3&#8243; overlay_alpha=&#8220;50&#8243; shift_x=&#8220;0&#8243; shift_y=&#8220;0&#8243; shift_y_down=&#8220;0&#8243; z_index=&#8220;0&#8243; medium_width=&#8220;0&#8243; mobile_width=&#8220;4&#8243; width=&#8220;1\/4&#8243;][vc_single_image media=&#8220;66526&#8243; media_width_percent=&#8220;100&#8243;][\/vc_column][\/vc_row][vc_row row_height_percent=&#8220;0&#8243; override_padding=&#8220;yes&#8220; h_padding=&#8220;2&#8243; top_padding=&#8220;1&#8243; bottom_padding=&#8220;3&#8243; overlay_alpha=&#8220;50&#8243; gutter_size=&#8220;3&#8243; column_width_percent=&#8220;100&#8243; shift_y=&#8220;0&#8243; z_index=&#8220;0&#8243;][vc_column width=&#8220;1\/2&#8243;][vc_column_text]Das beste Preis-Leistungs-Verh\u00e4ltnis, sehr resistent, mit einem modernen Design.<br \/>\n<b>U<sub>G<\/sub> \u2265 0,72 W\/m<sup>2<\/sup>K<\/b>[\/vc_column_text][\/vc_column][vc_column width=&#8220;1\/2&#8243;][\/vc_column][\/vc_row][vc_row row_height_percent=&#8220;0&#8243; override_padding=&#8220;yes&#8220; h_padding=&#8220;2&#8243; top_padding=&#8220;1&#8243; bottom_padding=&#8220;1&#8243; overlay_alpha=&#8220;50&#8243; gutter_size=&#8220;3&#8243; column_width_percent=&#8220;100&#8243; shift_y=&#8220;0&#8243; z_index=&#8220;0&#8243;][vc_column width=&#8220;1\/1&#8243;][vc_custom_heading heading_semantic=&#8220;h3&#8243; text_size=&#8220;h3&#8243; text_height=&#8220;&#8220; text_color=&#8220;accent&#8220;]<strong><span class=\"font-255517\">Aluminium<\/span><\/strong>[\/vc_custom_heading][vc_column_text]Aluminiumt\u00fcren sind die beste Wahl und Investition, wenn Ihnen Lebensdauer, Resistenz und Sicherheit der verwendeten Stoffe wichtig sind. Aluminiumt\u00fcren verf\u00fcgen \u00fcber hervorragende Isolations- und Akustikeigenschaften. Kein anderer Stoff bietet so viele farbliche M\u00f6glichkeiten und Muster. Dank der Vielfalt an Farben und Dekorfolien machen es Aluminiumf\u00fcllungen m\u00f6glich, sie einfach an PVC-, Aluminium- oder Holzfenster anzupassen. [\/vc_column_text][\/vc_column][\/vc_row][vc_row row_height_percent=&#8220;0&#8243; override_padding=&#8220;yes&#8220; h_padding=&#8220;2&#8243; top_padding=&#8220;2&#8243; bottom_padding=&#8220;2&#8243; overlay_alpha=&#8220;50&#8243; gutter_size=&#8220;3&#8243; column_width_percent=&#8220;100&#8243; shift_y=&#8220;0&#8243; z_index=&#8220;0&#8243;][vc_column column_width_percent=&#8220;100&#8243; gutter_size=&#8220;3&#8243; overlay_alpha=&#8220;50&#8243; shift_x=&#8220;0&#8243; shift_y=&#8220;0&#8243; shift_y_down=&#8220;0&#8243; z_index=&#8220;0&#8243; medium_width=&#8220;0&#8243; mobile_width=&#8220;4&#8243; width=&#8220;1\/4&#8243;][vc_single_image media=&#8220;66528&#8243; media_width_percent=&#8220;100&#8243;][\/vc_column][vc_column column_width_percent=&#8220;100&#8243; gutter_size=&#8220;3&#8243; overlay_alpha=&#8220;50&#8243; shift_x=&#8220;0&#8243; shift_y=&#8220;0&#8243; shift_y_down=&#8220;0&#8243; z_index=&#8220;0&#8243; medium_width=&#8220;0&#8243; mobile_width=&#8220;4&#8243; width=&#8220;1\/4&#8243;][vc_single_image media=&#8220;66529&#8243; media_width_percent=&#8220;100&#8243;][\/vc_column][vc_column column_width_percent=&#8220;100&#8243; gutter_size=&#8220;3&#8243; overlay_alpha=&#8220;50&#8243; shift_x=&#8220;0&#8243; shift_y=&#8220;0&#8243; shift_y_down=&#8220;0&#8243; z_index=&#8220;0&#8243; medium_width=&#8220;0&#8243; mobile_width=&#8220;4&#8243; width=&#8220;1\/4&#8243;][vc_single_image media=&#8220;66530&#8243; media_width_percent=&#8220;100&#8243;][\/vc_column][vc_column column_width_percent=&#8220;100&#8243; gutter_size=&#8220;3&#8243; overlay_alpha=&#8220;50&#8243; shift_x=&#8220;0&#8243; shift_y=&#8220;0&#8243; shift_y_down=&#8220;0&#8243; z_index=&#8220;0&#8243; medium_width=&#8220;0&#8243; mobile_width=&#8220;4&#8243; width=&#8220;1\/4&#8243;][vc_single_image media=&#8220;76930&#8243; media_width_percent=&#8220;100&#8243;][\/vc_column][\/vc_row][vc_row][vc_column width=&#8220;1\/1&#8243;][uncode_block id=&#8220;74986&#8243;][\/vc_column][\/vc_row]<\/p>\n<\/div>","protected":false},"excerpt":{"rendered":"<p>[vc_row row_height_percent=&#8220;3&#8243; override_padding=&#8220;yes&#8220; h_padding=&#8220;2&#8243; top_padding=&#8220;0&#8243; bottom_padding=&#8220;2&#8243; back_color=&#8220;color-lxmt&#8220; overlay_alpha=&#8220;50&#8243; gutter_size=&#8220;0&#8243; column_width_percent=&#8220;100&#8243; shift_y=&#8220;0&#8243; z_index=&#8220;0&#8243; mobile_visibility=&#8220;yes&#8220;][vc_column column_width_percent=&#8220;100&#8243; position_horizontal=&#8220;left&#8220; position_vertical=&#8220;middle&#8220; gutter_size=&#8220;0&#8243; overlay_alpha=&#8220;50&#8243; shift_x=&#8220;0&#8243; shift_y=&#8220;2&#8243; [&hellip;]<\/p>\n","protected":false},"author":43,"featured_media":71729,"parent":75440,"menu_order":0,"comment_status":"closed","ping_status":"closed","template":"","meta":{"footnotes":""},"class_list":["post-79180","page","type-page","status-publish","has-post-thumbnail","hentry","page_category-tueren"],"yoast_head":"<!-- This site is optimized with the Yoast SEO plugin v27.4 - https:\/\/yoast.com\/product\/yoast-seo-wordpress\/ -->\n<title>PVC-T\u00fcren | Ekoplast S.A.<\/title>\n<meta name=\"robots\" content=\"index, follow, max-snippet:-1, max-image-preview:large, max-video-preview:-1\" \/>\n<link rel=\"canonical\" href=\"https:\/\/ekoplast-group.com\/de\/hausturen\/pvc-tueren\/\" \/>\n<meta property=\"og:locale\" content=\"de_DE\" \/>\n<meta property=\"og:type\" content=\"article\" \/>\n<meta property=\"og:title\" content=\"PVC-T\u00fcren | Ekoplast S.A.\" \/>\n<meta property=\"og:description\" content=\"[vc_row row_height_percent=&#8220;3&#8243; override_padding=&#8220;yes&#8220; h_padding=&#8220;2&#8243; top_padding=&#8220;0&#8243; bottom_padding=&#8220;2&#8243; back_color=&#8220;color-lxmt&#8220; overlay_alpha=&#8220;50&#8243; gutter_size=&#8220;0&#8243; column_width_percent=&#8220;100&#8243; shift_y=&#8220;0&#8243; z_index=&#8220;0&#8243; mobile_visibility=&#8220;yes&#8220;][vc_column column_width_percent=&#8220;100&#8243; position_horizontal=&#8220;left&#8220; position_vertical=&#8220;middle&#8220; gutter_size=&#8220;0&#8243; overlay_alpha=&#8220;50&#8243; shift_x=&#8220;0&#8243; shift_y=&#8220;2&#8243; [&hellip;]\" \/>\n<meta property=\"og:url\" content=\"https:\/\/ekoplast-group.com\/de\/hausturen\/pvc-tueren\/\" \/>\n<meta property=\"og:site_name\" content=\"Ekoplast S.A.\" \/>\n<meta property=\"article:publisher\" content=\"https:\/\/www.facebook.com\/EkoplastPL\" \/>\n<meta property=\"article:modified_time\" content=\"2020-12-09T13:25:42+00:00\" \/>\n<meta property=\"og:image\" content=\"https:\/\/ekoplast-group.com\/wp-content\/uploads\/drzwi2-1.jpg\" \/>\n\t<meta property=\"og:image:width\" content=\"1920\" \/>\n\t<meta property=\"og:image:height\" content=\"520\" \/>\n\t<meta property=\"og:image:type\" content=\"image\/jpeg\" \/>\n<meta name=\"twitter:card\" content=\"summary_large_image\" \/>\n<meta name=\"twitter:label1\" content=\"Gesch\u00e4tzte Lesezeit\" \/>\n\t<meta name=\"twitter:data1\" content=\"5\u00a0Minuten\" \/>\n<script type=\"application\/ld+json\" class=\"yoast-schema-graph\">{\"@context\":\"https:\\\/\\\/schema.org\",\"@graph\":[{\"@type\":\"WebPage\",\"@id\":\"https:\\\/\\\/ekoplast-group.com\\\/de\\\/hausturen\\\/pvc-tueren\\\/\",\"url\":\"https:\\\/\\\/ekoplast-group.com\\\/de\\\/hausturen\\\/pvc-tueren\\\/\",\"name\":\"PVC-T\u00fcren | Ekoplast S.A.\",\"isPartOf\":{\"@id\":\"https:\\\/\\\/ekoplast-group.com\\\/de\\\/#website\"},\"primaryImageOfPage\":{\"@id\":\"https:\\\/\\\/ekoplast-group.com\\\/de\\\/hausturen\\\/pvc-tueren\\\/#primaryimage\"},\"image\":{\"@id\":\"https:\\\/\\\/ekoplast-group.com\\\/de\\\/hausturen\\\/pvc-tueren\\\/#primaryimage\"},\"thumbnailUrl\":\"https:\\\/\\\/ekoplast-group.com\\\/wp-content\\\/uploads\\\/drzwi2-1.jpg\",\"datePublished\":\"2019-11-15T12:48:00+00:00\",\"dateModified\":\"2020-12-09T13:25:42+00:00\",\"breadcrumb\":{\"@id\":\"https:\\\/\\\/ekoplast-group.com\\\/de\\\/hausturen\\\/pvc-tueren\\\/#breadcrumb\"},\"inLanguage\":\"de\",\"potentialAction\":[{\"@type\":\"ReadAction\",\"target\":[\"https:\\\/\\\/ekoplast-group.com\\\/de\\\/hausturen\\\/pvc-tueren\\\/\"]}]},{\"@type\":\"ImageObject\",\"inLanguage\":\"de\",\"@id\":\"https:\\\/\\\/ekoplast-group.com\\\/de\\\/hausturen\\\/pvc-tueren\\\/#primaryimage\",\"url\":\"https:\\\/\\\/ekoplast-group.com\\\/wp-content\\\/uploads\\\/drzwi2-1.jpg\",\"contentUrl\":\"https:\\\/\\\/ekoplast-group.com\\\/wp-content\\\/uploads\\\/drzwi2-1.jpg\",\"width\":1920,\"height\":520},{\"@type\":\"BreadcrumbList\",\"@id\":\"https:\\\/\\\/ekoplast-group.com\\\/de\\\/hausturen\\\/pvc-tueren\\\/#breadcrumb\",\"itemListElement\":[{\"@type\":\"ListItem\",\"position\":1,\"name\":\"Strona g\u0142\u00f3wna\",\"item\":\"https:\\\/\\\/ekoplast-group.com\\\/de\\\/\"},{\"@type\":\"ListItem\",\"position\":2,\"name\":\"T\u00fcren\",\"item\":\"https:\\\/\\\/ekoplast-group.com\\\/de\\\/hausturen\\\/\"},{\"@type\":\"ListItem\",\"position\":3,\"name\":\"PVC-T\u00fcren\"}]},{\"@type\":\"WebSite\",\"@id\":\"https:\\\/\\\/ekoplast-group.com\\\/de\\\/#website\",\"url\":\"https:\\\/\\\/ekoplast-group.com\\\/de\\\/\",\"name\":\"Ekoplast S.A.\",\"description\":\"Okna PCV Krak\u00f3w Ekoplast - okna plastikowe, okna aluminiowe\",\"publisher\":{\"@id\":\"https:\\\/\\\/ekoplast-group.com\\\/de\\\/#organization\"},\"potentialAction\":[{\"@type\":\"SearchAction\",\"target\":{\"@type\":\"EntryPoint\",\"urlTemplate\":\"https:\\\/\\\/ekoplast-group.com\\\/de\\\/?s={search_term_string}\"},\"query-input\":{\"@type\":\"PropertyValueSpecification\",\"valueRequired\":true,\"valueName\":\"search_term_string\"}}],\"inLanguage\":\"de\"},{\"@type\":\"Organization\",\"@id\":\"https:\\\/\\\/ekoplast-group.com\\\/de\\\/#organization\",\"name\":\"Ekoplast S.A.\",\"url\":\"https:\\\/\\\/ekoplast-group.com\\\/de\\\/\",\"logo\":{\"@type\":\"ImageObject\",\"inLanguage\":\"de\",\"@id\":\"https:\\\/\\\/ekoplast-group.com\\\/de\\\/#\\\/schema\\\/logo\\\/image\\\/\",\"url\":\"https:\\\/\\\/ekoplast-group.com\\\/wp-content\\\/uploads\\\/2017\\\/10\\\/Ekoplast_Logo_Color_Regular_Transparent-copy.svg\",\"contentUrl\":\"https:\\\/\\\/ekoplast-group.com\\\/wp-content\\\/uploads\\\/2017\\\/10\\\/Ekoplast_Logo_Color_Regular_Transparent-copy.svg\",\"width\":1,\"height\":1,\"caption\":\"Ekoplast S.A.\"},\"image\":{\"@id\":\"https:\\\/\\\/ekoplast-group.com\\\/de\\\/#\\\/schema\\\/logo\\\/image\\\/\"},\"sameAs\":[\"https:\\\/\\\/www.facebook.com\\\/EkoplastPL\",\"https:\\\/\\\/www.linkedin.com\\\/company\\\/ekoplastsa\"]}]}<\/script>\n<!-- \/ Yoast SEO plugin. -->","yoast_head_json":{"title":"PVC-T\u00fcren | Ekoplast S.A.","robots":{"index":"index","follow":"follow","max-snippet":"max-snippet:-1","max-image-preview":"max-image-preview:large","max-video-preview":"max-video-preview:-1"},"canonical":"https:\/\/ekoplast-group.com\/de\/hausturen\/pvc-tueren\/","og_locale":"de_DE","og_type":"article","og_title":"PVC-T\u00fcren | Ekoplast S.A.","og_description":"[vc_row row_height_percent=&#8220;3&#8243; override_padding=&#8220;yes&#8220; h_padding=&#8220;2&#8243; top_padding=&#8220;0&#8243; bottom_padding=&#8220;2&#8243; back_color=&#8220;color-lxmt&#8220; overlay_alpha=&#8220;50&#8243; gutter_size=&#8220;0&#8243; column_width_percent=&#8220;100&#8243; shift_y=&#8220;0&#8243; z_index=&#8220;0&#8243; mobile_visibility=&#8220;yes&#8220;][vc_column column_width_percent=&#8220;100&#8243; position_horizontal=&#8220;left&#8220; position_vertical=&#8220;middle&#8220; gutter_size=&#8220;0&#8243; overlay_alpha=&#8220;50&#8243; shift_x=&#8220;0&#8243; shift_y=&#8220;2&#8243; [&hellip;]","og_url":"https:\/\/ekoplast-group.com\/de\/hausturen\/pvc-tueren\/","og_site_name":"Ekoplast S.A.","article_publisher":"https:\/\/www.facebook.com\/EkoplastPL","article_modified_time":"2020-12-09T13:25:42+00:00","og_image":[{"width":1920,"height":520,"url":"https:\/\/ekoplast-group.com\/wp-content\/uploads\/drzwi2-1.jpg","type":"image\/jpeg"}],"twitter_card":"summary_large_image","twitter_misc":{"Gesch\u00e4tzte Lesezeit":"5\u00a0Minuten"},"schema":{"@context":"https:\/\/schema.org","@graph":[{"@type":"WebPage","@id":"https:\/\/ekoplast-group.com\/de\/hausturen\/pvc-tueren\/","url":"https:\/\/ekoplast-group.com\/de\/hausturen\/pvc-tueren\/","name":"PVC-T\u00fcren | Ekoplast S.A.","isPartOf":{"@id":"https:\/\/ekoplast-group.com\/de\/#website"},"primaryImageOfPage":{"@id":"https:\/\/ekoplast-group.com\/de\/hausturen\/pvc-tueren\/#primaryimage"},"image":{"@id":"https:\/\/ekoplast-group.com\/de\/hausturen\/pvc-tueren\/#primaryimage"},"thumbnailUrl":"https:\/\/ekoplast-group.com\/wp-content\/uploads\/drzwi2-1.jpg","datePublished":"2019-11-15T12:48:00+00:00","dateModified":"2020-12-09T13:25:42+00:00","breadcrumb":{"@id":"https:\/\/ekoplast-group.com\/de\/hausturen\/pvc-tueren\/#breadcrumb"},"inLanguage":"de","potentialAction":[{"@type":"ReadAction","target":["https:\/\/ekoplast-group.com\/de\/hausturen\/pvc-tueren\/"]}]},{"@type":"ImageObject","inLanguage":"de","@id":"https:\/\/ekoplast-group.com\/de\/hausturen\/pvc-tueren\/#primaryimage","url":"https:\/\/ekoplast-group.com\/wp-content\/uploads\/drzwi2-1.jpg","contentUrl":"https:\/\/ekoplast-group.com\/wp-content\/uploads\/drzwi2-1.jpg","width":1920,"height":520},{"@type":"BreadcrumbList","@id":"https:\/\/ekoplast-group.com\/de\/hausturen\/pvc-tueren\/#breadcrumb","itemListElement":[{"@type":"ListItem","position":1,"name":"Strona g\u0142\u00f3wna","item":"https:\/\/ekoplast-group.com\/de\/"},{"@type":"ListItem","position":2,"name":"T\u00fcren","item":"https:\/\/ekoplast-group.com\/de\/hausturen\/"},{"@type":"ListItem","position":3,"name":"PVC-T\u00fcren"}]},{"@type":"WebSite","@id":"https:\/\/ekoplast-group.com\/de\/#website","url":"https:\/\/ekoplast-group.com\/de\/","name":"Ekoplast S.A.","description":"Okna PCV Krak\u00f3w Ekoplast - okna plastikowe, okna aluminiowe","publisher":{"@id":"https:\/\/ekoplast-group.com\/de\/#organization"},"potentialAction":[{"@type":"SearchAction","target":{"@type":"EntryPoint","urlTemplate":"https:\/\/ekoplast-group.com\/de\/?s={search_term_string}"},"query-input":{"@type":"PropertyValueSpecification","valueRequired":true,"valueName":"search_term_string"}}],"inLanguage":"de"},{"@type":"Organization","@id":"https:\/\/ekoplast-group.com\/de\/#organization","name":"Ekoplast S.A.","url":"https:\/\/ekoplast-group.com\/de\/","logo":{"@type":"ImageObject","inLanguage":"de","@id":"https:\/\/ekoplast-group.com\/de\/#\/schema\/logo\/image\/","url":"https:\/\/ekoplast-group.com\/wp-content\/uploads\/2017\/10\/Ekoplast_Logo_Color_Regular_Transparent-copy.svg","contentUrl":"https:\/\/ekoplast-group.com\/wp-content\/uploads\/2017\/10\/Ekoplast_Logo_Color_Regular_Transparent-copy.svg","width":1,"height":1,"caption":"Ekoplast S.A."},"image":{"@id":"https:\/\/ekoplast-group.com\/de\/#\/schema\/logo\/image\/"},"sameAs":["https:\/\/www.facebook.com\/EkoplastPL","https:\/\/www.linkedin.com\/company\/ekoplastsa"]}]}},"_links":{"self":[{"href":"https:\/\/ekoplast-group.com\/de\/wp-json\/wp\/v2\/pages\/79180","targetHints":{"allow":["GET"]}}],"collection":[{"href":"https:\/\/ekoplast-group.com\/de\/wp-json\/wp\/v2\/pages"}],"about":[{"href":"https:\/\/ekoplast-group.com\/de\/wp-json\/wp\/v2\/types\/page"}],"author":[{"embeddable":true,"href":"https:\/\/ekoplast-group.com\/de\/wp-json\/wp\/v2\/users\/43"}],"replies":[{"embeddable":true,"href":"https:\/\/ekoplast-group.com\/de\/wp-json\/wp\/v2\/comments?post=79180"}],"version-history":[{"count":0,"href":"https:\/\/ekoplast-group.com\/de\/wp-json\/wp\/v2\/pages\/79180\/revisions"}],"up":[{"embeddable":true,"href":"https:\/\/ekoplast-group.com\/de\/wp-json\/wp\/v2\/pages\/75440"}],"wp:featuredmedia":[{"embeddable":true,"href":"https:\/\/ekoplast-group.com\/de\/wp-json\/wp\/v2\/media\/71729"}],"wp:attachment":[{"href":"https:\/\/ekoplast-group.com\/de\/wp-json\/wp\/v2\/media?parent=79180"}],"curies":[{"name":"wp","href":"https:\/\/api.w.org\/{rel}","templated":true}]}}