{"id":79401,"date":"2019-12-12T14:36:40","date_gmt":"2019-12-12T13:36:40","guid":{"rendered":"https:\/\/ekoplast-group.com\/?page_id=79401"},"modified":"2019-12-12T14:36:40","modified_gmt":"2019-12-12T13:36:40","slug":"privacy-policy","status":"publish","type":"page","link":"https:\/\/ekoplast-group.com\/en\/privacy-policy\/","title":{"rendered":"PRIVACY POLICY"},"content":{"rendered":"<p style=\"margin: 0cm; margin-bottom: .0001pt; background: white;\"><strong><span lang=\"EN-GB\" style=\"font-size: 10.5pt; font-family: Roboto; color: #101213;\">PRIVACY POLICY (COOKIES AND OTHER SIMILAR TECHNOLOGIES)<\/span><\/strong><\/p>\n<p style=\"background: white; margin: 13.5pt 0cm .0001pt 0cm;\"><span lang=\"EN-GB\" style=\"font-size: 10.5pt; font-family: Roboto; color: #777777;\">The security of your personal data is very important to us. We are committed to processing your personal data in compliance with the highest standards. Therefore, we have prepared this Privacy Policy, which describes how and for what purpose we process your personal data and what rights you have in connection with our use of cookies and other similar technologies.<\/span><\/p>\n<p style=\"background: white; margin: 13.5pt 0cm .0001pt 0cm;\"><span lang=\"EN-GB\" style=\"font-size: 10.5pt; font-family: Roboto; color: #777777;\">Our website may use cookies and other similar technologies (hereinafter jointly referred to as \u201cCookies\u201d). Cookies are small text files sent by our website or third parties through our website which are stored on your device and read by your browser. Cookies are a technology commonly used to store and transfer information, save user settings and preferences, collect statistical data, optimise websites as well as personalise the content and advertisements being displayed.<\/span><\/p>\n<p style=\"background: white; margin: 13.5pt 0cm .0001pt 0cm;\"><span lang=\"EN-GB\" style=\"font-size: 10.5pt; font-family: Roboto; color: #777777;\">Described below are the types of cookies and how they are used on our website.<\/span><\/p>\n<p style=\"background: white; margin: 13.5pt 0cm .0001pt 0cm;\"><strong><span lang=\"EN-GB\" style=\"font-size: 10.5pt; font-family: Roboto; color: #101213;\">Who is the controller of your personal data?<\/span><\/strong><\/p>\n<p style=\"background: white; margin: 13.5pt 0cm .0001pt 0cm;\"><span lang=\"EN-GB\" style=\"font-size: 10.5pt; font-family: Roboto; color: #777777;\">The controller of your personal data is:<\/span><\/p>\n<p style=\"background: white; margin: 13.5pt 0cm .0001pt 0cm;\"><span lang=\"EN-GB\" style=\"font-size: 10.5pt; font-family: Roboto; color: #777777;\">EKOPLAST Sp\u00f3\u0142ka Akcyjna, with its registered office in Krakow, statistical no. REGON 356266133, tax ID NIP\u00a06792670020, Kokot\u00f3w 913, 32-002 Kokot\u00f3w\u00a0, entered into the register of businesses (National Court Register) maintained by the District Court for Krakow-\u015ar\u00f3dmie\u015bcie in Krakow, 11th Commercial Division of the National Court Register, under no. KRS\u00a00000594518<\/span><\/p>\n<p style=\"background: white; margin: 13.5pt 0cm .0001pt 0cm;\"><span lang=\"EN-GB\" style=\"font-size: 10.5pt; font-family: Roboto; color: #777777;\">correspondence address: Kokot\u00f3w 913, 32-002 Kokot\u00f3w<\/span><\/p>\n<p style=\"background: white; margin: 13.5pt 0cm .0001pt 0cm;\"><span lang=\"EN-GB\" style=\"font-size: 10.5pt; font-family: Roboto; color: #777777;\">e-mail: DPO@ekoplast.krakow.pl<\/span><\/p>\n<p style=\"background: white; margin: 13.5pt 0cm .0001pt 0cm;\"><span lang=\"EN-GB\" style=\"font-size: 10.5pt; font-family: Roboto; color: #777777;\">phone: 12\u00a0443 10 00<\/span><\/p>\n<p style=\"background: white; margin: 13.5pt 0cm .0001pt 0cm;\"><strong><span lang=\"EN-GB\" style=\"font-size: 10.5pt; font-family: Roboto; color: #101213;\">Why do we process your personal data?<\/span><\/strong><\/p>\n<p style=\"background: white; margin: 13.5pt 0cm .0001pt 0cm;\"><span lang=\"EN-GB\" style=\"font-size: 10.5pt; font-family: Roboto; color: #777777;\">Certain cookies are necessary in order to ensure secure and efficient communication \/ data transmission within the network or proper functioning of the basic features of our website. Other cookies allow us to analyse how you use the website in order to improve website performance, service as well as user interaction and experience. We also use cookies to personalise the advertisements being displayed to the needs and preferences of the user, and to share our webpages and content via external social networks and third-party websites, including for advertising purposes.<\/span><\/p>\n<p style=\"background: white; margin: 13.5pt 0cm .0001pt 0cm;\"><strong><span lang=\"EN-GB\" style=\"font-size: 10.5pt; font-family: Roboto; color: #101213;\">What personal data do we process?<\/span><\/strong><\/p>\n<p style=\"background: white; margin: 13.5pt 0cm .0001pt 0cm;\"><span lang=\"EN-GB\" style=\"font-size: 10.5pt; font-family: Roboto; color: #777777;\">We process personal data collected during the use of our website.<\/span><\/p>\n<p style=\"background: white; margin: 13.5pt 0cm .0001pt 0cm;\"><span lang=\"EN-GB\" style=\"font-size: 10.5pt; font-family: Roboto; color: #777777;\">We may process the following categories of data: type of device being used, unique device ID, device IP address, operating system, type of browser, information on how the website has been used, diagnostic information, search history, session summary, location information and other data provided automatically via a web browser.<\/span><\/p>\n<p style=\"background: white; margin: 13.5pt 0cm .0001pt 0cm;\"><strong><span lang=\"EN-GB\" style=\"font-size: 10.5pt; font-family: Roboto; color: #101213;\">What is the legal basis for processing personal data?<\/span><\/strong><\/p>\n<p style=\"background: white; margin: 13.5pt 0cm .0001pt 0cm;\"><span lang=\"EN-GB\" style=\"font-size: 10.5pt; font-family: Roboto; color: #777777;\">We process personal data relating to cookies as part of our legitimate interest, i.e. to provide information about our business as well as to offer services and products via the website.<\/span><\/p>\n<p style=\"background: white; margin: 13.5pt 0cm .0001pt 0cm;\"><strong><span lang=\"EN-GB\" style=\"font-size: 10.5pt; font-family: Roboto; color: #101213;\">\u00a0<\/span><\/strong><\/p>\n<p style=\"background: white; margin: 13.5pt 0cm .0001pt 0cm;\"><strong><span lang=\"EN-GB\" style=\"font-size: 10.5pt; font-family: Roboto; color: #101213;\">For how long will we process your personal data?<\/span><\/strong><\/p>\n<p style=\"background: white; margin: 13.5pt 0cm .0001pt 0cm;\"><span lang=\"EN-GB\" style=\"font-size: 10.5pt; font-family: Roboto; color: #777777;\">Cookies will be stored on your device: (i) until your browser is closed (session cookies); or (ii) until they expire or are deleted (persistent cookies). You can delete cookies from your computer or mobile device at any time in the web browser settings. You can also disable all cookies or only cookies from third parties in your browser settings. If you disable cookies, our website may not function properly or you may be unable to use some of its features.<\/span><\/p>\n<p style=\"background: white; margin: 13.5pt 0cm .0001pt 0cm;\"><strong><span lang=\"EN-GB\" style=\"font-size: 10.5pt; font-family: Roboto; color: #101213;\">Do we process your data automatically (including profiling)?<\/span><\/strong><\/p>\n<p style=\"background: white; margin: 13.5pt 0cm .0001pt 0cm;\"><span lang=\"EN-GB\" style=\"font-size: 10.5pt; font-family: Roboto; color: #777777;\">The personal data relating to cookies is processed automatically, in particular for the purpose of personalising the website content to the user\u2019s preference, optimising the use of webpages, statistical analysis and presenting personalised marketing content. This processing of personal data will not affect your rights or have any legal consequences.<\/span><\/p>\n<p style=\"background: white; margin: 13.5pt 0cm .0001pt 0cm;\"><strong><span lang=\"EN-GB\" style=\"font-size: 10.5pt; font-family: Roboto; color: #101213;\">Where do we store your personal data?<\/span><\/strong><\/p>\n<p style=\"background: white; margin: 13.5pt 0cm .0001pt 0cm;\"><span lang=\"EN-GB\" style=\"font-size: 10.5pt; font-family: Roboto; color: #777777;\">Your personal data will be stored in the countries of the European Economic Area (EEA). However, some of the services we use may require data transfer and processing outside the EEA. Each such transfer of personal data will comply with the applicable laws and will be based on appropriate legal safeguards (standard contractual clauses for the protection of personal data approved by the European Commission).<\/span><\/p>\n<p style=\"background: white; margin: 13.5pt 0cm .0001pt 0cm;\"><strong><span lang=\"EN-GB\" style=\"font-size: 10.5pt; font-family: Roboto; color: #101213;\">Who do we share your personal data with?<\/span><\/strong><\/p>\n<p style=\"background: white; margin: 13.5pt 0cm .0001pt 0cm;\"><span lang=\"EN-GB\" style=\"font-size: 10.5pt; font-family: Roboto; color: #777777;\">We may share personal data with third parties, e.g. to ensure communication with the user, provide analytical services involving the examination of website interaction or collect statistical information on website use in order to improve and optimise the website as well as to personalise advertisements and provide the possibility of sharing content on social networks and third-party websites.<\/span><\/p>\n<p style=\"background: white; margin: 13.5pt 0cm .0001pt 0cm;\"><span lang=\"EN-GB\" style=\"font-size: 10.5pt; font-family: Roboto; color: #777777;\">Some cookies are placed on your device via our website by third parties, for example by social networks or for advertising purposes, allowing the tracking and analysis of user activities on websites and providing personalised advertising, including remarketing of our products.<\/span><\/p>\n<p style=\"background: white; margin: 13.5pt 0cm .0001pt 0cm;\"><strong><span lang=\"EN-GB\" style=\"font-size: 10.5pt; font-family: Roboto; color: #101213;\">What rights do you have?<\/span><\/strong><\/p>\n<p style=\"background: white; margin: 13.5pt 0cm .0001pt 0cm;\"><span lang=\"EN-GB\" style=\"font-size: 10.5pt; font-family: Roboto; color: #777777;\">You have certain rights in connection with the processing of personal data. For more information on the scope of your rights and how you can exercise them, send us an e-mail message to: DPO@ekoplast.krakow.pl<\/span><\/p>\n<p style=\"background: white; margin: 13.5pt 0cm .0001pt 0cm;\"><span lang=\"EN-GB\" style=\"font-size: 10.5pt; font-family: Roboto; color: #777777;\">Right of access<\/span><\/p>\n<p style=\"background: white; margin: 13.5pt 0cm .0001pt 0cm;\"><span lang=\"EN-GB\" style=\"font-size: 10.5pt; font-family: Roboto; color: #777777;\">You have the right to request information from us about whether we process your personal data and to what extent, for what purpose and how we do it, with whom we share the data and where we have obtained it. You can submit a request via our contact e-mail address or in another way of your choice.<\/span><\/p>\n<p style=\"background: white; margin: 13.5pt 0cm .0001pt 0cm;\"><span lang=\"EN-GB\" style=\"font-size: 10.5pt; font-family: Roboto; color: #777777;\">Right to data portability<\/span><\/p>\n<p style=\"background: white; margin: 13.5pt 0cm .0001pt 0cm;\"><span lang=\"EN-GB\" style=\"font-size: 10.5pt; font-family: Roboto; color: #777777;\">You have the right to receive a copy of the personal data that you have provided to us in a structured, commonly used and machine-readable format, and to request the transfer of this data to another controller.<\/span><\/p>\n<p style=\"background: white; margin: 13.5pt 0cm .0001pt 0cm;\"><span lang=\"EN-GB\" style=\"font-size: 10.5pt; font-family: Roboto; color: #777777;\">Right to rectification<\/span><\/p>\n<p style=\"background: white; margin: 13.5pt 0cm .0001pt 0cm;\"><span lang=\"EN-GB\" style=\"font-size: 10.5pt; font-family: Roboto; color: #777777;\">You have the right to demand that we immediately rectify any incorrect personal data and, taking into account the purposes of the processing, to have incomplete personal data completed, including by means of providing a supplementary statement.<\/span><\/p>\n<p style=\"background: white; margin: 13.5pt 0cm .0001pt 0cm;\"><span lang=\"EN-GB\" style=\"font-size: 10.5pt; font-family: Roboto; color: #777777;\">Right to erasure<\/span><\/p>\n<p style=\"background: white; margin: 13.5pt 0cm .0001pt 0cm;\"><span lang=\"EN-GB\" style=\"font-size: 10.5pt; font-family: Roboto; color: #777777;\">You have the right to obtain the erasure of personal data without undue delay where: (i) the personal data is no longer necessary in relation to the purposes for which it was collected or otherwise processed; (ii) you withdraw consent on which the processing is based, and where there is no other valid ground for the processing; (iii) you object to the processing, and there are no overriding legitimate grounds for the processing; (iv) the personal data has been unlawfully processed; (v) the personal data has to be erased for compliance with a legal obligation. However, there may be legitimate exceptional cases where we will be unable to process your request.<\/span><\/p>\n<p style=\"background: white; margin: 13.5pt 0cm .0001pt 0cm;\"><span lang=\"EN-GB\" style=\"font-size: 10.5pt; font-family: Roboto; color: #777777;\">Right to restriction of processing<\/span><\/p>\n<p style=\"background: white; margin: 13.5pt 0cm .0001pt 0cm;\"><span lang=\"EN-GB\" style=\"font-size: 10.5pt; font-family: Roboto; color: #777777;\">You have the right to obtain from us restriction of processing where: (i) you contest the accuracy of the personal data, for a period enabling us to verify the accuracy of the personal data; (ii) the processing is unlawful and you oppose the erasure of the personal data; (iii) we no longer need the personal data for the purposes of the processing, but the data is required for the establishment, exercise or defence of legal claims; (iv) you have objected to processing pending the verification whether we have overriding legitimate grounds which justify continued processing despite your objection.<\/span><\/p>\n<p style=\"background: white; margin: 13.5pt 0cm .0001pt 0cm;\"><span lang=\"EN-GB\" style=\"font-size: 10.5pt; font-family: Roboto; color: #777777;\">Right to withdraw consent<\/span><\/p>\n<p style=\"background: white; margin: 13.5pt 0cm .0001pt 0cm;\"><span lang=\"EN-GB\" style=\"font-size: 10.5pt; font-family: Roboto; color: #777777;\">If the basis for the processing of personal data is your consent, you have the right to withdraw this consent at any time. The withdrawal of your consent will not affect the lawfulness of processing based on your consent before its withdrawal.<\/span><\/p>\n<p style=\"background: white; margin: 13.5pt 0cm .0001pt 0cm;\"><span lang=\"EN-GB\" style=\"font-size: 10.5pt; font-family: Roboto; color: #777777;\">Right to object<\/span><\/p>\n<p style=\"background: white; margin: 13.5pt 0cm .0001pt 0cm;\"><span lang=\"EN-GB\" style=\"font-size: 10.5pt; font-family: Roboto; color: #777777;\">You have the right to object at any time to the processing of your personal data (including profiling) for purposes arising from the legitimate interests of the controller or a third party. Continued data processing is possible only if there are valid legitimate overriding grounds for the processing of personal data or certain data is necessary for the establishment, exercise or defence of legal claims.<\/span><\/p>\n<p style=\"background: white; margin: 13.5pt 0cm .0001pt 0cm;\"><span lang=\"EN-GB\" style=\"font-size: 10.5pt; font-family: Roboto; color: #777777;\">Right to refuse consent to direct marketing<\/span><\/p>\n<p style=\"background: white; margin: 13.5pt 0cm .0001pt 0cm;\"><span lang=\"EN-GB\" style=\"font-size: 10.5pt; font-family: Roboto; color: #777777;\">You have the right to object at any time to the processing of your personal data for direct marketing purposes (including profiling) to the extent that the processing is related to such direct marketing. If you object, your data will not be used for such purposes.<\/span><\/p>\n<p style=\"background: white; margin: 13.5pt 0cm .0001pt 0cm;\"><strong><span lang=\"EN-GB\" style=\"font-size: 10.5pt; font-family: Roboto; color: #101213;\">How can you exercise your rights?<\/span><\/strong><\/p>\n<p style=\"background: white; margin: 13.5pt 0cm .0001pt 0cm;\"><span lang=\"EN-GB\" style=\"font-size: 10.5pt; font-family: Roboto; color: #777777;\">The laws do not require a particular form or method of communication for the exercise of your rights. However, we are committed to providing you with effective ways to exercise your rights. Therefore, we have set up a dedicated e-mail contact channel to handle queries, notifications and requests related to the exercise of the above rights: DPO@ekoplast.krakow.pl<\/span><\/p>\n<p style=\"background: white; margin: 13.5pt 0cm .0001pt 0cm;\"><strong><span lang=\"EN-GB\" style=\"font-size: 10.5pt; font-family: Roboto; color: #101213;\">Right to lodge a complaint with a supervisory authority<\/span><\/strong><\/p>\n<p style=\"background: white; margin: 13.5pt 0cm .0001pt 0cm;\"><span lang=\"EN-GB\" style=\"font-size: 10.5pt; font-family: Roboto; color: #777777;\">If you believe that we process your personal data improperly, you can always contact us as well as lodge a complaint with the competent supervisory authority (President of the Personal Data Protection Office [Prezes Urz\u0119du Ochrony Danych Osobowych]).<\/span><\/p>\n<p style=\"background: white; margin: 13.5pt 0cm .0001pt 0cm;\"><strong><span lang=\"EN-GB\" style=\"font-size: 10.5pt; font-family: Roboto; color: #101213;\">Privacy Policy revision<\/span><\/strong><\/p>\n<p style=\"background: white; margin: 13.5pt 0cm .0001pt 0cm;\"><span lang=\"EN-GB\" style=\"font-size: 10.5pt; font-family: Roboto; color: #777777;\">If it becomes necessary to revise this Privacy Policy, you will always be able to access its revised version on our website.<\/span><\/p>\n","protected":false},"excerpt":{"rendered":"<p>PRIVACY POLICY (COOKIES AND OTHER SIMILAR TECHNOLOGIES) The security of your personal data is very important to us. We are [&hellip;]<\/p>\n","protected":false},"author":43,"featured_media":0,"parent":0,"menu_order":0,"comment_status":"closed","ping_status":"closed","template":"","meta":{"footnotes":""},"class_list":["post-79401","page","type-page","status-publish","hentry"],"yoast_head":"<!-- This site is optimized with the Yoast SEO plugin v27.4 - https:\/\/yoast.com\/product\/yoast-seo-wordpress\/ -->\n<title>PRIVACY POLICY | Ekoplast S.A.<\/title>\n<meta name=\"robots\" content=\"index, follow, max-snippet:-1, max-image-preview:large, max-video-preview:-1\" \/>\n<link rel=\"canonical\" href=\"https:\/\/ekoplast-group.com\/en\/privacy-policy\/\" \/>\n<meta property=\"og:locale\" content=\"en_US\" \/>\n<meta property=\"og:type\" content=\"article\" \/>\n<meta property=\"og:title\" content=\"PRIVACY POLICY | Ekoplast S.A.\" \/>\n<meta property=\"og:description\" content=\"PRIVACY POLICY (COOKIES AND OTHER SIMILAR TECHNOLOGIES) The security of your personal data is very important to us. We are [&hellip;]\" \/>\n<meta property=\"og:url\" content=\"https:\/\/ekoplast-group.com\/en\/privacy-policy\/\" \/>\n<meta property=\"og:site_name\" content=\"Ekoplast S.A.\" \/>\n<meta property=\"article:publisher\" content=\"https:\/\/www.facebook.com\/EkoplastPL\" \/>\n<meta name=\"twitter:card\" content=\"summary_large_image\" \/>\n<meta name=\"twitter:label1\" content=\"Est. reading time\" \/>\n\t<meta name=\"twitter:data1\" content=\"7 minutes\" \/>\n<script type=\"application\/ld+json\" class=\"yoast-schema-graph\">{\"@context\":\"https:\\\/\\\/schema.org\",\"@graph\":[{\"@type\":\"WebPage\",\"@id\":\"https:\\\/\\\/ekoplast-group.com\\\/en\\\/privacy-policy\\\/\",\"url\":\"https:\\\/\\\/ekoplast-group.com\\\/en\\\/privacy-policy\\\/\",\"name\":\"PRIVACY POLICY | Ekoplast S.A.\",\"isPartOf\":{\"@id\":\"https:\\\/\\\/ekoplast-group.com\\\/en\\\/#website\"},\"datePublished\":\"2019-12-12T13:36:40+00:00\",\"breadcrumb\":{\"@id\":\"https:\\\/\\\/ekoplast-group.com\\\/en\\\/privacy-policy\\\/#breadcrumb\"},\"inLanguage\":\"en-US\",\"potentialAction\":[{\"@type\":\"ReadAction\",\"target\":[\"https:\\\/\\\/ekoplast-group.com\\\/en\\\/privacy-policy\\\/\"]}]},{\"@type\":\"BreadcrumbList\",\"@id\":\"https:\\\/\\\/ekoplast-group.com\\\/en\\\/privacy-policy\\\/#breadcrumb\",\"itemListElement\":[{\"@type\":\"ListItem\",\"position\":1,\"name\":\"Strona g\u0142\u00f3wna\",\"item\":\"https:\\\/\\\/ekoplast-group.com\\\/en\\\/\"},{\"@type\":\"ListItem\",\"position\":2,\"name\":\"PRIVACY POLICY\"}]},{\"@type\":\"WebSite\",\"@id\":\"https:\\\/\\\/ekoplast-group.com\\\/en\\\/#website\",\"url\":\"https:\\\/\\\/ekoplast-group.com\\\/en\\\/\",\"name\":\"Ekoplast S.A.\",\"description\":\"Okna PCV Krak\u00f3w Ekoplast - okna plastikowe, okna aluminiowe\",\"publisher\":{\"@id\":\"https:\\\/\\\/ekoplast-group.com\\\/en\\\/#organization\"},\"potentialAction\":[{\"@type\":\"SearchAction\",\"target\":{\"@type\":\"EntryPoint\",\"urlTemplate\":\"https:\\\/\\\/ekoplast-group.com\\\/en\\\/?s={search_term_string}\"},\"query-input\":{\"@type\":\"PropertyValueSpecification\",\"valueRequired\":true,\"valueName\":\"search_term_string\"}}],\"inLanguage\":\"en-US\"},{\"@type\":\"Organization\",\"@id\":\"https:\\\/\\\/ekoplast-group.com\\\/en\\\/#organization\",\"name\":\"Ekoplast S.A.\",\"url\":\"https:\\\/\\\/ekoplast-group.com\\\/en\\\/\",\"logo\":{\"@type\":\"ImageObject\",\"inLanguage\":\"en-US\",\"@id\":\"https:\\\/\\\/ekoplast-group.com\\\/en\\\/#\\\/schema\\\/logo\\\/image\\\/\",\"url\":\"https:\\\/\\\/ekoplast-group.com\\\/wp-content\\\/uploads\\\/2017\\\/10\\\/Ekoplast_Logo_Color_Regular_Transparent-copy.svg\",\"contentUrl\":\"https:\\\/\\\/ekoplast-group.com\\\/wp-content\\\/uploads\\\/2017\\\/10\\\/Ekoplast_Logo_Color_Regular_Transparent-copy.svg\",\"width\":1,\"height\":1,\"caption\":\"Ekoplast S.A.\"},\"image\":{\"@id\":\"https:\\\/\\\/ekoplast-group.com\\\/en\\\/#\\\/schema\\\/logo\\\/image\\\/\"},\"sameAs\":[\"https:\\\/\\\/www.facebook.com\\\/EkoplastPL\",\"https:\\\/\\\/www.linkedin.com\\\/company\\\/ekoplastsa\"]}]}<\/script>\n<!-- \/ Yoast SEO plugin. -->","yoast_head_json":{"title":"PRIVACY POLICY | Ekoplast S.A.","robots":{"index":"index","follow":"follow","max-snippet":"max-snippet:-1","max-image-preview":"max-image-preview:large","max-video-preview":"max-video-preview:-1"},"canonical":"https:\/\/ekoplast-group.com\/en\/privacy-policy\/","og_locale":"en_US","og_type":"article","og_title":"PRIVACY POLICY | Ekoplast S.A.","og_description":"PRIVACY POLICY (COOKIES AND OTHER SIMILAR TECHNOLOGIES) The security of your personal data is very important to us. We are [&hellip;]","og_url":"https:\/\/ekoplast-group.com\/en\/privacy-policy\/","og_site_name":"Ekoplast S.A.","article_publisher":"https:\/\/www.facebook.com\/EkoplastPL","twitter_card":"summary_large_image","twitter_misc":{"Est. reading time":"7 minutes"},"schema":{"@context":"https:\/\/schema.org","@graph":[{"@type":"WebPage","@id":"https:\/\/ekoplast-group.com\/en\/privacy-policy\/","url":"https:\/\/ekoplast-group.com\/en\/privacy-policy\/","name":"PRIVACY POLICY | Ekoplast S.A.","isPartOf":{"@id":"https:\/\/ekoplast-group.com\/en\/#website"},"datePublished":"2019-12-12T13:36:40+00:00","breadcrumb":{"@id":"https:\/\/ekoplast-group.com\/en\/privacy-policy\/#breadcrumb"},"inLanguage":"en-US","potentialAction":[{"@type":"ReadAction","target":["https:\/\/ekoplast-group.com\/en\/privacy-policy\/"]}]},{"@type":"BreadcrumbList","@id":"https:\/\/ekoplast-group.com\/en\/privacy-policy\/#breadcrumb","itemListElement":[{"@type":"ListItem","position":1,"name":"Strona g\u0142\u00f3wna","item":"https:\/\/ekoplast-group.com\/en\/"},{"@type":"ListItem","position":2,"name":"PRIVACY POLICY"}]},{"@type":"WebSite","@id":"https:\/\/ekoplast-group.com\/en\/#website","url":"https:\/\/ekoplast-group.com\/en\/","name":"Ekoplast S.A.","description":"Okna PCV Krak\u00f3w Ekoplast - okna plastikowe, okna aluminiowe","publisher":{"@id":"https:\/\/ekoplast-group.com\/en\/#organization"},"potentialAction":[{"@type":"SearchAction","target":{"@type":"EntryPoint","urlTemplate":"https:\/\/ekoplast-group.com\/en\/?s={search_term_string}"},"query-input":{"@type":"PropertyValueSpecification","valueRequired":true,"valueName":"search_term_string"}}],"inLanguage":"en-US"},{"@type":"Organization","@id":"https:\/\/ekoplast-group.com\/en\/#organization","name":"Ekoplast S.A.","url":"https:\/\/ekoplast-group.com\/en\/","logo":{"@type":"ImageObject","inLanguage":"en-US","@id":"https:\/\/ekoplast-group.com\/en\/#\/schema\/logo\/image\/","url":"https:\/\/ekoplast-group.com\/wp-content\/uploads\/2017\/10\/Ekoplast_Logo_Color_Regular_Transparent-copy.svg","contentUrl":"https:\/\/ekoplast-group.com\/wp-content\/uploads\/2017\/10\/Ekoplast_Logo_Color_Regular_Transparent-copy.svg","width":1,"height":1,"caption":"Ekoplast S.A."},"image":{"@id":"https:\/\/ekoplast-group.com\/en\/#\/schema\/logo\/image\/"},"sameAs":["https:\/\/www.facebook.com\/EkoplastPL","https:\/\/www.linkedin.com\/company\/ekoplastsa"]}]}},"_links":{"self":[{"href":"https:\/\/ekoplast-group.com\/en\/wp-json\/wp\/v2\/pages\/79401","targetHints":{"allow":["GET"]}}],"collection":[{"href":"https:\/\/ekoplast-group.com\/en\/wp-json\/wp\/v2\/pages"}],"about":[{"href":"https:\/\/ekoplast-group.com\/en\/wp-json\/wp\/v2\/types\/page"}],"author":[{"embeddable":true,"href":"https:\/\/ekoplast-group.com\/en\/wp-json\/wp\/v2\/users\/43"}],"replies":[{"embeddable":true,"href":"https:\/\/ekoplast-group.com\/en\/wp-json\/wp\/v2\/comments?post=79401"}],"version-history":[{"count":0,"href":"https:\/\/ekoplast-group.com\/en\/wp-json\/wp\/v2\/pages\/79401\/revisions"}],"wp:attachment":[{"href":"https:\/\/ekoplast-group.com\/en\/wp-json\/wp\/v2\/media?parent=79401"}],"curies":[{"name":"wp","href":"https:\/\/api.w.org\/{rel}","templated":true}]}}