{"id":74399,"date":"2019-04-15T15:17:56","date_gmt":"2019-04-15T13:17:56","guid":{"rendered":"http:\/\/ekoplast-group.com\/?page_id=74399"},"modified":"2020-02-17T12:30:15","modified_gmt":"2020-02-17T11:30:15","slug":"portes-coulissantes-hst-85","status":"publish","type":"page","link":"https:\/\/ekoplast-group.com\/fr\/portes-de-terrasse-2\/portes-coulissantes-hst-85\/","title":{"rendered":"PORTES COULISSANTES HST 85"},"content":{"rendered":"<div class=\"wpb-content-wrapper\"><p>[vc_row row_height_percent=\u00a0\u00bb0&Prime; override_padding=\u00a0\u00bbyes\u00a0\u00bb h_padding=\u00a0\u00bb2&Prime; top_padding=\u00a0\u00bb3&Prime; bottom_padding=\u00a0\u00bb1&Prime; overlay_alpha=\u00a0\u00bb50&Prime; gutter_size=\u00a0\u00bb3&Prime; column_width_percent=\u00a0\u00bb100&Prime; shift_y=\u00a0\u00bb0&Prime; z_index=\u00a0\u00bb0&Prime;][vc_column column_width_percent=\u00a0\u00bb100&Prime; gutter_size=\u00a0\u00bb3&Prime; overlay_alpha=\u00a0\u00bb50&Prime; shift_x=\u00a0\u00bb0&Prime; shift_y=\u00a0\u00bb0&Prime; shift_y_down=\u00a0\u00bb0&Prime; z_index=\u00a0\u00bb0&Prime; medium_width=\u00a0\u00bb0&Prime; mobile_width=\u00a0\u00bb0&Prime; width=\u00a0\u00bb3\/4&Prime;][vc_single_image media=\u00a0\u00bb69908&Prime; media_lightbox=\u00a0\u00bbyes\u00a0\u00bb media_width_percent=\u00a0\u00bb100&Prime;][\/vc_column][vc_column column_width_percent=\u00a0\u00bb100&Prime; position_horizontal=\u00a0\u00bbleft\u00a0\u00bb gutter_size=\u00a0\u00bb3&Prime; overlay_alpha=\u00a0\u00bb50&Prime; shift_x=\u00a0\u00bb0&Prime; shift_y=\u00a0\u00bb0&Prime; shift_y_down=\u00a0\u00bb0&Prime; z_index=\u00a0\u00bb0&Prime; medium_width=\u00a0\u00bb0&Prime; mobile_width=\u00a0\u00bb0&Prime; sticky=\u00a0\u00bbyes\u00a0\u00bb width=\u00a0\u00bb1\/4&Prime;][vc_column_text]<\/p>\n<h3>L&rsquo;uscita perfetta sulla terrazza o sul balcone<\/h3>\n<p>Le porte HST sono caratterizzate da due guide indipendenti e consentono lo spazio massimo di apertura della stanza verso l&rsquo;esterno. Permettono la creazione di strutture basate su ante larghe fino a 3 metri.[\/vc_column_text][\/vc_column][\/vc_row][vc_row row_height_percent=\u00a0\u00bb0&Prime; override_padding=\u00a0\u00bbyes\u00a0\u00bb h_padding=\u00a0\u00bb2&Prime; top_padding=\u00a0\u00bb3&Prime; bottom_padding=\u00a0\u00bb0&Prime; overlay_alpha=\u00a0\u00bb50&Prime; gutter_size=\u00a0\u00bb3&Prime; column_width_percent=\u00a0\u00bb100&Prime; shift_y=\u00a0\u00bb0&Prime; z_index=\u00a0\u00bb0&Prime;][vc_column width=\u00a0\u00bb1\/1&Prime;][vc_custom_heading heading_semantic=\u00a0\u00bbh3&Prime; text_size=\u00a0\u00bbh3&Prime; text_height=\u00a0\u00bb\u00a0\u00bb]<\/p>\n<h5><span style=\"color: #005eb8;\">AVANTAGES PRINCIPAUX<\/span><\/h5>\n<p>[\/vc_custom_heading][vc_row_inner][vc_column_inner column_width_use_pixel=\u00a0\u00bbyes\u00a0\u00bb align_horizontal=\u00a0\u00bbalign_center\u00a0\u00bb gutter_size=\u00a0\u00bb3&Prime; overlay_color=\u00a0\u00bbcolor-lxmt\u00a0\u00bb overlay_alpha=\u00a0\u00bb20&Prime; border_color=\u00a0\u00bbcolor-gyho\u00a0\u00bb border_style=\u00a0\u00bbsolid\u00a0\u00bb shift_x=\u00a0\u00bb0&Prime; shift_y=\u00a0\u00bb0&Prime; shift_y_down=\u00a0\u00bb0&Prime; z_index=\u00a0\u00bb0&Prime; medium_width=\u00a0\u00bb0&Prime; mobile_width=\u00a0\u00bb0&Prime; width=\u00a0\u00bb1\/6&Prime; column_width_pixel=\u00a0\u00bb158&Prime; css=\u00a0\u00bb.vc_custom_1526205233144{border-top-width: 1px !important;border-right-width: 1px !important;border-bottom-width: 1px !important;border-left-width: 1px !important;}\u00a0\u00bb][vc_icon icon_image=\u00a0\u00bb69965&Prime; icon_color=\u00a0\u00bbaccent\u00a0\u00bb text_height=\u00a0\u00bb\u00a0\u00bb][\/vc_icon][\/vc_column_inner][vc_column_inner width=\u00a0\u00bb1\/6&Prime;][vc_column_text]<\/p>\n<h5>Menuiseries et surfaces vitr\u00e9es de grand gabarit.<\/h5>\n<p>Les profil\u00e9s r\u00e9sistants en aluminium permettant la construction de surfaces vitr\u00e9es de grand gabarit.[\/vc_column_text][\/vc_column_inner][vc_column_inner column_width_percent=\u00a0\u00bb100&Prime; align_horizontal=\u00a0\u00bbalign_center\u00a0\u00bb gutter_size=\u00a0\u00bb3&Prime; overlay_color=\u00a0\u00bbcolor-lxmt\u00a0\u00bb overlay_alpha=\u00a0\u00bb20&Prime; border_color=\u00a0\u00bbcolor-uydo\u00a0\u00bb border_style=\u00a0\u00bbsolid\u00a0\u00bb shift_x=\u00a0\u00bb0&Prime; shift_y=\u00a0\u00bb0&Prime; shift_y_down=\u00a0\u00bb0&Prime; z_index=\u00a0\u00bb0&Prime; medium_width=\u00a0\u00bb0&Prime; mobile_width=\u00a0\u00bb0&Prime; width=\u00a0\u00bb1\/6&Prime; css=\u00a0\u00bb.vc_custom_1525997156631{border-top-width: 1px !important;border-right-width: 1px !important;border-bottom-width: 1px !important;border-left-width: 1px !important;}\u00a0\u00bb][vc_icon icon_image=\u00a0\u00bb69962&Prime; icon_color=\u00a0\u00bbaccent\u00a0\u00bb text_height=\u00a0\u00bb\u00a0\u00bb][\/vc_icon][\/vc_column_inner][vc_column_inner width=\u00a0\u00bb1\/6&Prime;][vc_column_text]<\/p>\n<h5>Grande r\u00e9sistance aux conditions atmosph\u00e9riques<\/h5>\n<p>Possibilit\u00e9 d\u2019application de plus gros vitrages d\u2019une largeur jusqu\u2019\u00e0 51 mm permet d\u2019obtenir des qualit\u00e9s exceptionnelles en mati\u00e8re d\u2019isolation thermique.<\/p>\n<p>[\/vc_column_text][\/vc_column_inner][vc_column_inner column_width_percent=\u00a0\u00bb100&Prime; align_horizontal=\u00a0\u00bbalign_center\u00a0\u00bb gutter_size=\u00a0\u00bb3&Prime; overlay_color=\u00a0\u00bbcolor-lxmt\u00a0\u00bb overlay_alpha=\u00a0\u00bb20&Prime; border_color=\u00a0\u00bbcolor-uydo\u00a0\u00bb border_style=\u00a0\u00bbsolid\u00a0\u00bb shift_x=\u00a0\u00bb0&Prime; shift_y=\u00a0\u00bb0&Prime; shift_y_down=\u00a0\u00bb0&Prime; z_index=\u00a0\u00bb0&Prime; medium_width=\u00a0\u00bb0&Prime; mobile_width=\u00a0\u00bb0&Prime; width=\u00a0\u00bb1\/6&Prime; css=\u00a0\u00bb.vc_custom_1525997165223{border-top-width: 1px !important;border-right-width: 1px !important;border-bottom-width: 1px !important;border-left-width: 1px !important;}\u00a0\u00bb][vc_icon icon_image=\u00a0\u00bb69963&Prime; icon_color=\u00a0\u00bbaccent\u00a0\u00bb text_height=\u00a0\u00bb\u00a0\u00bb][\/vc_icon][\/vc_column_inner][vc_column_inner width=\u00a0\u00bb1\/6&Prime;][vc_column_text]<\/p>\n<h5>Possibilit\u00e9 d\u2019automatisation<\/h5>\n<p>Permet un contr\u00f4le automatique de la porte ce qui constitue une grande facilit\u00e9 surtout pour les personnes \u00e0 mobilit\u00e9 r\u00e9duite, personnes \u00e2g\u00e9es et enfants.<br \/>\n[\/vc_column_text][\/vc_column_inner][\/vc_row_inner][vc_row_inner][vc_column_inner column_width_use_pixel=\u00a0\u00bbyes\u00a0\u00bb align_horizontal=\u00a0\u00bbalign_center\u00a0\u00bb gutter_size=\u00a0\u00bb3&Prime; overlay_color=\u00a0\u00bbcolor-lxmt\u00a0\u00bb overlay_alpha=\u00a0\u00bb20&Prime; border_color=\u00a0\u00bbcolor-gyho\u00a0\u00bb border_style=\u00a0\u00bbsolid\u00a0\u00bb shift_x=\u00a0\u00bb0&Prime; shift_y=\u00a0\u00bb0&Prime; shift_y_down=\u00a0\u00bb0&Prime; z_index=\u00a0\u00bb0&Prime; medium_width=\u00a0\u00bb0&Prime; mobile_width=\u00a0\u00bb0&Prime; width=\u00a0\u00bb1\/6&Prime; column_width_pixel=\u00a0\u00bb158&Prime; css=\u00a0\u00bb.vc_custom_1526205233144{border-top-width: 1px !important;border-right-width: 1px !important;border-bottom-width: 1px !important;border-left-width: 1px !important;}\u00a0\u00bb][vc_icon icon_image=\u00a0\u00bb69985&Prime; icon_color=\u00a0\u00bbaccent\u00a0\u00bb text_height=\u00a0\u00bb\u00a0\u00bb][\/vc_icon][\/vc_column_inner][vc_column_inner width=\u00a0\u00bb1\/6&Prime;][vc_column_text]<\/p>\n<h5>Dimensions max. de la fen\u00eatre<\/h5>\n<p>2700 x 5000 mm<br \/>\n(h x l)[\/vc_column_text][\/vc_column_inner][vc_column_inner column_width_percent=\u00a0\u00bb100&Prime; align_horizontal=\u00a0\u00bbalign_center\u00a0\u00bb gutter_size=\u00a0\u00bb3&Prime; overlay_color=\u00a0\u00bbcolor-lxmt\u00a0\u00bb overlay_alpha=\u00a0\u00bb20&Prime; border_color=\u00a0\u00bbcolor-uydo\u00a0\u00bb border_style=\u00a0\u00bbsolid\u00a0\u00bb shift_x=\u00a0\u00bb0&Prime; shift_y=\u00a0\u00bb0&Prime; shift_y_down=\u00a0\u00bb0&Prime; z_index=\u00a0\u00bb0&Prime; medium_width=\u00a0\u00bb0&Prime; mobile_width=\u00a0\u00bb0&Prime; width=\u00a0\u00bb1\/6&Prime; css=\u00a0\u00bb.vc_custom_1525997156631{border-top-width: 1px !important;border-right-width: 1px !important;border-bottom-width: 1px !important;border-left-width: 1px !important;}\u00a0\u00bb][vc_icon icon_image=\u00a0\u00bb69990&Prime; icon_color=\u00a0\u00bbaccent\u00a0\u00bb text_height=\u00a0\u00bb\u00a0\u00bb][\/vc_icon][\/vc_column_inner][vc_column_inner width=\u00a0\u00bb1\/6&Prime;][vc_column_text]<\/p>\n<h5>Coefficient de transmission thermique<\/h5>\n<p>U<sub>w<\/sub> \u2265 0,71 W\/m<sup>2<\/sup>K[\/vc_column_text][\/vc_column_inner][vc_column_inner column_width_percent=\u00a0\u00bb100&Prime; align_horizontal=\u00a0\u00bbalign_center\u00a0\u00bb gutter_size=\u00a0\u00bb3&Prime; overlay_color=\u00a0\u00bbcolor-lxmt\u00a0\u00bb overlay_alpha=\u00a0\u00bb20&Prime; border_color=\u00a0\u00bbcolor-uydo\u00a0\u00bb border_style=\u00a0\u00bbsolid\u00a0\u00bb shift_x=\u00a0\u00bb0&Prime; shift_y=\u00a0\u00bb0&Prime; shift_y_down=\u00a0\u00bb0&Prime; z_index=\u00a0\u00bb0&Prime; medium_width=\u00a0\u00bb0&Prime; mobile_width=\u00a0\u00bb0&Prime; width=\u00a0\u00bb1\/6&Prime; css=\u00a0\u00bb.vc_custom_1525997165223{border-top-width: 1px !important;border-right-width: 1px !important;border-bottom-width: 1px !important;border-left-width: 1px !important;}\u00a0\u00bb][\/vc_column_inner][vc_column_inner width=\u00a0\u00bb1\/6&Prime;][\/vc_column_inner][\/vc_row_inner][\/vc_column][\/vc_row][vc_row row_height_percent=\u00a0\u00bb0&Prime; override_padding=\u00a0\u00bbyes\u00a0\u00bb h_padding=\u00a0\u00bb2&Prime; top_padding=\u00a0\u00bb4&Prime; bottom_padding=\u00a0\u00bb1&Prime; overlay_alpha=\u00a0\u00bb50&Prime; gutter_size=\u00a0\u00bb3&Prime; column_width_percent=\u00a0\u00bb100&Prime; shift_y=\u00a0\u00bb0&Prime; z_index=\u00a0\u00bb0&Prime;][vc_column width=\u00a0\u00bb1\/1&Prime;][vc_custom_heading heading_semantic=\u00a0\u00bbh3&Prime; text_size=\u00a0\u00bbh3&Prime; text_height=\u00a0\u00bb\u00a0\u00bb]Galerie d&rsquo;inspiration[\/vc_custom_heading][\/vc_column][\/vc_row][vc_row unlock_row_content=\u00a0\u00bbyes\u00a0\u00bb row_height_percent=\u00a0\u00bb0&Prime; override_padding=\u00a0\u00bbyes\u00a0\u00bb h_padding=\u00a0\u00bb5&Prime; top_padding=\u00a0\u00bb2&Prime; bottom_padding=\u00a0\u00bb2&Prime; overlay_alpha=\u00a0\u00bb100&Prime; gutter_size=\u00a0\u00bb3&Prime; column_width_percent=\u00a0\u00bb100&Prime; border_color=\u00a0\u00bbcolor-lxmt\u00a0\u00bb shift_y=\u00a0\u00bb0&Prime; z_index=\u00a0\u00bb0&Prime; row_height_use_pixel=\u00a0\u00bb\u00a0\u00bb][vc_column column_width_use_pixel=\u00a0\u00bbyes\u00a0\u00bb gutter_size=\u00a0\u00bb3&Prime; overlay_alpha=\u00a0\u00bb50&Prime; shift_x=\u00a0\u00bb0&Prime; shift_y=\u00a0\u00bb0&Prime; medium_width=\u00a0\u00bb0&Prime; zoom_width=\u00a0\u00bb0&Prime; zoom_height=\u00a0\u00bb0&Prime;][vc_gallery el_id=\u00a0\u00bbgallery-47626&Prime; medias=\u00a0\u00bb68737,68736,68735,68586,68484,68318,68317,67827&Prime; gutter_size=\u00a0\u00bb2&Prime; media_items=\u00a0\u00bbmedia,icon\u00a0\u00bb screen_lg=\u00a0\u00bb600&Prime; screen_md=\u00a0\u00bb600&Prime; screen_sm=\u00a0\u00bb480&Prime; images_size=\u00a0\u00bbthree-two\u00a0\u00bb single_overlay_opacity=\u00a0\u00bb50&Prime; single_h_align=\u00a0\u00bbcenter\u00a0\u00bb single_padding=\u00a0\u00bb2&Prime; single_title_dimension=\u00a0\u00bbh1&Prime; single_title_height=\u00a0\u00bb\u00a0\u00bb single_icon=\u00a0\u00bbfa fa-plus2&Prime; single_border=\u00a0\u00bbyes\u00a0\u00bb carousel_rtl=\u00a0\u00bb\u00a0\u00bb single_title_uppercase=\u00a0\u00bb\u00a0\u00bb][\/vc_column][\/vc_row][vc_row row_height_percent=\u00a0\u00bb0&Prime; override_padding=\u00a0\u00bbyes\u00a0\u00bb h_padding=\u00a0\u00bb2&Prime; top_padding=\u00a0\u00bb2&Prime; bottom_padding=\u00a0\u00bb4&Prime; overlay_alpha=\u00a0\u00bb50&Prime; gutter_size=\u00a0\u00bb3&Prime; column_width_percent=\u00a0\u00bb100&Prime; shift_y=\u00a0\u00bb0&Prime; z_index=\u00a0\u00bb0&Prime;][vc_column width=\u00a0\u00bb1\/1&Prime;][vc_column_text]Le principal avantage de cette solution est qu\u2019elle n\u2019occupe pas la surface utilisable de la pi\u00e8ce. Les portes coulissantes HST se caract\u00e9risent par un coefficient de transfert thermique sup\u00e9rieur de 60% aux exigences r\u00e9sultant des dispositions applicables de la loi sur la construction. Ils pr\u00e9sentent \u00e9galement de hautes qualit\u00e9s anti-vol, qui repr\u00e9sentent la 2e classe de r\u00e9sistance au vol. Nous pouvons choisir des accessoires et des accessoires pour le syst\u00e8me que nous proposons, en fonction des besoins et des go\u00fbts de chacun.<\/p>\n<p>Grandes lunettes<br \/>\nPortes coulissantes avec de grandes fen\u00eatres pouvant atteindre 3 m\u00e8tres de large. Leur but est de construire des portes-fen\u00eatres menant \u00e0 la terrasse ou au jardin. Ils sont super-stables et super-serr\u00e9s, confortables \u00e0 utiliser. Gr\u00e2ce \u00e0 eux, beaucoup de lumi\u00e8re tombe dans la pi\u00e8ce. Ils se caract\u00e9risent par une vari\u00e9t\u00e9 de constructions. Les portes coulissantes HST peuvent \u00eatre trouv\u00e9es dans au moins plusieurs versions et agencements d&rsquo;ailes et de parties non ouvertes. Ils peuvent avoir une, deux ou m\u00eame quatre ailes qui s\u2019ouvrent ind\u00e9pendamment les unes des autres.<\/p>\n<p>Gr\u00e2ce \u00e0 la combinaison appropri\u00e9e de profils dans la partie du linteau de la porte et dans la partie du seuil et des fen\u00eatres sp\u00e9ciales, les vantaux se d\u00e9placent librement et sans la moindre r\u00e9sistance, les uns par rapport aux autres ou aux parties non r\u00e9solues de la structure. Les syst\u00e8mes de fen\u00eatres et de portes coulissantes que nous proposons, d\u2019une largeur de 80 mm, coop\u00e8rent avec de simples \u00e9l\u00e9ments coulissants. Les ailes de ces syst\u00e8mes sont scell\u00e9es gr\u00e2ce aux joints \u00e0 brosse. Ils se rapprochent l&rsquo;un de l&rsquo;autre sur deux niveaux. Les portes du HST sont stables et \u00e9tanches. Ces caract\u00e9ristiques sont fournies par un arrangement sp\u00e9cial de but\u00e9es se chevauchant \u00e9quip\u00e9es d\u2019un syst\u00e8me de joints. Les constructions de porte peuvent \u00eatre bas\u00e9es sur le type de profil s\u00e9lectionn\u00e9. Les syst\u00e8mes de fen\u00eatres et de portes coulissantes que nous proposons, d\u2019une largeur de 80 mm, coop\u00e8rent avec de simples \u00e9l\u00e9ments coulissants. Les ailes de ces syst\u00e8mes sont scell\u00e9es gr\u00e2ce aux joints \u00e0 brosse. Ils se rapprochent l&rsquo;un de l&rsquo;autre sur deux niveaux.[\/vc_column_text][\/vc_column][\/vc_row][vc_row][vc_column width=\u00a0\u00bb1\/1&Prime;][uncode_block id=\u00a0\u00bb72977&Prime;][\/vc_column][\/vc_row]<\/p>\n<\/div>","protected":false},"excerpt":{"rendered":"<p>[vc_row row_height_percent=\u00a0\u00bb0&Prime; override_padding=\u00a0\u00bbyes\u00a0\u00bb h_padding=\u00a0\u00bb2&Prime; top_padding=\u00a0\u00bb3&Prime; bottom_padding=\u00a0\u00bb1&Prime; overlay_alpha=\u00a0\u00bb50&Prime; gutter_size=\u00a0\u00bb3&Prime; column_width_percent=\u00a0\u00bb100&Prime; shift_y=\u00a0\u00bb0&Prime; z_index=\u00a0\u00bb0&Prime;][vc_column column_width_percent=\u00a0\u00bb100&Prime; gutter_size=\u00a0\u00bb3&Prime; overlay_alpha=\u00a0\u00bb50&Prime; shift_x=\u00a0\u00bb0&Prime; shift_y=\u00a0\u00bb0&Prime; shift_y_down=\u00a0\u00bb0&Prime; z_index=\u00a0\u00bb0&Prime; medium_width=\u00a0\u00bb0&Prime; mobile_width=\u00a0\u00bb0&Prime; [&hellip;]<\/p>\n","protected":false},"author":43,"featured_media":71896,"parent":74386,"menu_order":0,"comment_status":"closed","ping_status":"closed","template":"","meta":{"footnotes":""},"class_list":["post-74399","page","type-page","status-publish","has-post-thumbnail","hentry"],"yoast_head":"<!-- This site is optimized with the Yoast SEO plugin v27.4 - https:\/\/yoast.com\/product\/yoast-seo-wordpress\/ -->\n<title>PORTES COULISSANTES HST 85 | Ekoplast<\/title>\n<meta name=\"robots\" content=\"index, follow, max-snippet:-1, max-image-preview:large, max-video-preview:-1\" \/>\n<link rel=\"canonical\" href=\"https:\/\/ekoplast-group.com\/fr\/portes-de-terrasse-2\/portes-coulissantes-hst-85\/\" \/>\n<meta property=\"og:locale\" content=\"fr_FR\" \/>\n<meta property=\"og:type\" content=\"article\" \/>\n<meta property=\"og:title\" content=\"PORTES COULISSANTES HST 85 | Ekoplast\" \/>\n<meta property=\"og:description\" content=\"[vc_row row_height_percent=\u00a0\u00bb0&Prime; override_padding=\u00a0\u00bbyes\u00a0\u00bb h_padding=\u00a0\u00bb2&Prime; top_padding=\u00a0\u00bb3&Prime; bottom_padding=\u00a0\u00bb1&Prime; overlay_alpha=\u00a0\u00bb50&Prime; gutter_size=\u00a0\u00bb3&Prime; column_width_percent=\u00a0\u00bb100&Prime; shift_y=\u00a0\u00bb0&Prime; z_index=\u00a0\u00bb0&Prime;][vc_column column_width_percent=\u00a0\u00bb100&Prime; gutter_size=\u00a0\u00bb3&Prime; overlay_alpha=\u00a0\u00bb50&Prime; shift_x=\u00a0\u00bb0&Prime; shift_y=\u00a0\u00bb0&Prime; shift_y_down=\u00a0\u00bb0&Prime; z_index=\u00a0\u00bb0&Prime; medium_width=\u00a0\u00bb0&Prime; mobile_width=\u00a0\u00bb0&Prime; [&hellip;]\" \/>\n<meta property=\"og:url\" content=\"https:\/\/ekoplast-group.com\/fr\/portes-de-terrasse-2\/portes-coulissantes-hst-85\/\" \/>\n<meta property=\"og:site_name\" content=\"Ekoplast\" \/>\n<meta property=\"article:publisher\" content=\"https:\/\/www.facebook.com\/EkoplastPL\" \/>\n<meta property=\"article:modified_time\" content=\"2020-02-17T11:30:15+00:00\" \/>\n<meta property=\"og:image\" content=\"https:\/\/ekoplast-group.com\/wp-content\/uploads\/hst.jpg\" \/>\n\t<meta property=\"og:image:width\" content=\"1920\" \/>\n\t<meta property=\"og:image:height\" content=\"448\" \/>\n\t<meta property=\"og:image:type\" content=\"image\/jpeg\" \/>\n<meta name=\"twitter:card\" content=\"summary_large_image\" \/>\n<meta name=\"twitter:label1\" content=\"Dur\u00e9e de lecture estim\u00e9e\" \/>\n\t<meta name=\"twitter:data1\" content=\"7 minutes\" \/>\n<script type=\"application\/ld+json\" class=\"yoast-schema-graph\">{\"@context\":\"https:\\\/\\\/schema.org\",\"@graph\":[{\"@type\":\"WebPage\",\"@id\":\"https:\\\/\\\/ekoplast-group.com\\\/fr\\\/portes-de-terrasse-2\\\/portes-coulissantes-hst-85\\\/\",\"url\":\"https:\\\/\\\/ekoplast-group.com\\\/fr\\\/portes-de-terrasse-2\\\/portes-coulissantes-hst-85\\\/\",\"name\":\"PORTES COULISSANTES HST 85 | Ekoplast\",\"isPartOf\":{\"@id\":\"https:\\\/\\\/ekoplast-group.com\\\/fr\\\/#website\"},\"primaryImageOfPage\":{\"@id\":\"https:\\\/\\\/ekoplast-group.com\\\/fr\\\/portes-de-terrasse-2\\\/portes-coulissantes-hst-85\\\/#primaryimage\"},\"image\":{\"@id\":\"https:\\\/\\\/ekoplast-group.com\\\/fr\\\/portes-de-terrasse-2\\\/portes-coulissantes-hst-85\\\/#primaryimage\"},\"thumbnailUrl\":\"https:\\\/\\\/ekoplast-group.com\\\/wp-content\\\/uploads\\\/hst.jpg\",\"datePublished\":\"2019-04-15T13:17:56+00:00\",\"dateModified\":\"2020-02-17T11:30:15+00:00\",\"breadcrumb\":{\"@id\":\"https:\\\/\\\/ekoplast-group.com\\\/fr\\\/portes-de-terrasse-2\\\/portes-coulissantes-hst-85\\\/#breadcrumb\"},\"inLanguage\":\"fr-FR\",\"potentialAction\":[{\"@type\":\"ReadAction\",\"target\":[\"https:\\\/\\\/ekoplast-group.com\\\/fr\\\/portes-de-terrasse-2\\\/portes-coulissantes-hst-85\\\/\"]}]},{\"@type\":\"ImageObject\",\"inLanguage\":\"fr-FR\",\"@id\":\"https:\\\/\\\/ekoplast-group.com\\\/fr\\\/portes-de-terrasse-2\\\/portes-coulissantes-hst-85\\\/#primaryimage\",\"url\":\"https:\\\/\\\/ekoplast-group.com\\\/wp-content\\\/uploads\\\/hst.jpg\",\"contentUrl\":\"https:\\\/\\\/ekoplast-group.com\\\/wp-content\\\/uploads\\\/hst.jpg\",\"width\":1920,\"height\":448,\"caption\":\"hst\"},{\"@type\":\"BreadcrumbList\",\"@id\":\"https:\\\/\\\/ekoplast-group.com\\\/fr\\\/portes-de-terrasse-2\\\/portes-coulissantes-hst-85\\\/#breadcrumb\",\"itemListElement\":[{\"@type\":\"ListItem\",\"position\":1,\"name\":\"Strona g\u0142\u00f3wna\",\"item\":\"https:\\\/\\\/ekoplast-group.com\\\/fr\\\/\"},{\"@type\":\"ListItem\",\"position\":2,\"name\":\"Portes de terrasse\",\"item\":\"https:\\\/\\\/ekoplast-group.com\\\/fr\\\/portes-de-terrasse-2\\\/\"},{\"@type\":\"ListItem\",\"position\":3,\"name\":\"PORTES COULISSANTES HST 85\"}]},{\"@type\":\"WebSite\",\"@id\":\"https:\\\/\\\/ekoplast-group.com\\\/fr\\\/#website\",\"url\":\"https:\\\/\\\/ekoplast-group.com\\\/fr\\\/\",\"name\":\"Ekoplast\",\"description\":\"Okna PCV Krak\u00f3w Ekoplast - okna plastikowe, okna aluminiowe\",\"publisher\":{\"@id\":\"https:\\\/\\\/ekoplast-group.com\\\/fr\\\/#organization\"},\"potentialAction\":[{\"@type\":\"SearchAction\",\"target\":{\"@type\":\"EntryPoint\",\"urlTemplate\":\"https:\\\/\\\/ekoplast-group.com\\\/fr\\\/?s={search_term_string}\"},\"query-input\":{\"@type\":\"PropertyValueSpecification\",\"valueRequired\":true,\"valueName\":\"search_term_string\"}}],\"inLanguage\":\"fr-FR\"},{\"@type\":\"Organization\",\"@id\":\"https:\\\/\\\/ekoplast-group.com\\\/fr\\\/#organization\",\"name\":\"Ekoplast\",\"url\":\"https:\\\/\\\/ekoplast-group.com\\\/fr\\\/\",\"logo\":{\"@type\":\"ImageObject\",\"inLanguage\":\"fr-FR\",\"@id\":\"https:\\\/\\\/ekoplast-group.com\\\/fr\\\/#\\\/schema\\\/logo\\\/image\\\/\",\"url\":\"https:\\\/\\\/ekoplast-group.com\\\/wp-content\\\/uploads\\\/2017\\\/10\\\/Ekoplast_Logo_Color_Regular_Transparent-copy.svg\",\"contentUrl\":\"https:\\\/\\\/ekoplast-group.com\\\/wp-content\\\/uploads\\\/2017\\\/10\\\/Ekoplast_Logo_Color_Regular_Transparent-copy.svg\",\"width\":1,\"height\":1,\"caption\":\"Ekoplast\"},\"image\":{\"@id\":\"https:\\\/\\\/ekoplast-group.com\\\/fr\\\/#\\\/schema\\\/logo\\\/image\\\/\"},\"sameAs\":[\"https:\\\/\\\/www.facebook.com\\\/EkoplastPL\",\"https:\\\/\\\/www.linkedin.com\\\/company\\\/ekoplastsa\"]}]}<\/script>\n<!-- \/ Yoast SEO plugin. -->","yoast_head_json":{"title":"PORTES COULISSANTES HST 85 | Ekoplast","robots":{"index":"index","follow":"follow","max-snippet":"max-snippet:-1","max-image-preview":"max-image-preview:large","max-video-preview":"max-video-preview:-1"},"canonical":"https:\/\/ekoplast-group.com\/fr\/portes-de-terrasse-2\/portes-coulissantes-hst-85\/","og_locale":"fr_FR","og_type":"article","og_title":"PORTES COULISSANTES HST 85 | Ekoplast","og_description":"[vc_row row_height_percent=\u00a0\u00bb0&Prime; override_padding=\u00a0\u00bbyes\u00a0\u00bb h_padding=\u00a0\u00bb2&Prime; top_padding=\u00a0\u00bb3&Prime; bottom_padding=\u00a0\u00bb1&Prime; overlay_alpha=\u00a0\u00bb50&Prime; gutter_size=\u00a0\u00bb3&Prime; column_width_percent=\u00a0\u00bb100&Prime; shift_y=\u00a0\u00bb0&Prime; z_index=\u00a0\u00bb0&Prime;][vc_column column_width_percent=\u00a0\u00bb100&Prime; gutter_size=\u00a0\u00bb3&Prime; overlay_alpha=\u00a0\u00bb50&Prime; shift_x=\u00a0\u00bb0&Prime; shift_y=\u00a0\u00bb0&Prime; shift_y_down=\u00a0\u00bb0&Prime; z_index=\u00a0\u00bb0&Prime; medium_width=\u00a0\u00bb0&Prime; mobile_width=\u00a0\u00bb0&Prime; [&hellip;]","og_url":"https:\/\/ekoplast-group.com\/fr\/portes-de-terrasse-2\/portes-coulissantes-hst-85\/","og_site_name":"Ekoplast","article_publisher":"https:\/\/www.facebook.com\/EkoplastPL","article_modified_time":"2020-02-17T11:30:15+00:00","og_image":[{"width":1920,"height":448,"url":"https:\/\/ekoplast-group.com\/wp-content\/uploads\/hst.jpg","type":"image\/jpeg"}],"twitter_card":"summary_large_image","twitter_misc":{"Dur\u00e9e de lecture estim\u00e9e":"7 minutes"},"schema":{"@context":"https:\/\/schema.org","@graph":[{"@type":"WebPage","@id":"https:\/\/ekoplast-group.com\/fr\/portes-de-terrasse-2\/portes-coulissantes-hst-85\/","url":"https:\/\/ekoplast-group.com\/fr\/portes-de-terrasse-2\/portes-coulissantes-hst-85\/","name":"PORTES COULISSANTES HST 85 | Ekoplast","isPartOf":{"@id":"https:\/\/ekoplast-group.com\/fr\/#website"},"primaryImageOfPage":{"@id":"https:\/\/ekoplast-group.com\/fr\/portes-de-terrasse-2\/portes-coulissantes-hst-85\/#primaryimage"},"image":{"@id":"https:\/\/ekoplast-group.com\/fr\/portes-de-terrasse-2\/portes-coulissantes-hst-85\/#primaryimage"},"thumbnailUrl":"https:\/\/ekoplast-group.com\/wp-content\/uploads\/hst.jpg","datePublished":"2019-04-15T13:17:56+00:00","dateModified":"2020-02-17T11:30:15+00:00","breadcrumb":{"@id":"https:\/\/ekoplast-group.com\/fr\/portes-de-terrasse-2\/portes-coulissantes-hst-85\/#breadcrumb"},"inLanguage":"fr-FR","potentialAction":[{"@type":"ReadAction","target":["https:\/\/ekoplast-group.com\/fr\/portes-de-terrasse-2\/portes-coulissantes-hst-85\/"]}]},{"@type":"ImageObject","inLanguage":"fr-FR","@id":"https:\/\/ekoplast-group.com\/fr\/portes-de-terrasse-2\/portes-coulissantes-hst-85\/#primaryimage","url":"https:\/\/ekoplast-group.com\/wp-content\/uploads\/hst.jpg","contentUrl":"https:\/\/ekoplast-group.com\/wp-content\/uploads\/hst.jpg","width":1920,"height":448,"caption":"hst"},{"@type":"BreadcrumbList","@id":"https:\/\/ekoplast-group.com\/fr\/portes-de-terrasse-2\/portes-coulissantes-hst-85\/#breadcrumb","itemListElement":[{"@type":"ListItem","position":1,"name":"Strona g\u0142\u00f3wna","item":"https:\/\/ekoplast-group.com\/fr\/"},{"@type":"ListItem","position":2,"name":"Portes de terrasse","item":"https:\/\/ekoplast-group.com\/fr\/portes-de-terrasse-2\/"},{"@type":"ListItem","position":3,"name":"PORTES COULISSANTES HST 85"}]},{"@type":"WebSite","@id":"https:\/\/ekoplast-group.com\/fr\/#website","url":"https:\/\/ekoplast-group.com\/fr\/","name":"Ekoplast","description":"Okna PCV Krak\u00f3w Ekoplast - okna plastikowe, okna aluminiowe","publisher":{"@id":"https:\/\/ekoplast-group.com\/fr\/#organization"},"potentialAction":[{"@type":"SearchAction","target":{"@type":"EntryPoint","urlTemplate":"https:\/\/ekoplast-group.com\/fr\/?s={search_term_string}"},"query-input":{"@type":"PropertyValueSpecification","valueRequired":true,"valueName":"search_term_string"}}],"inLanguage":"fr-FR"},{"@type":"Organization","@id":"https:\/\/ekoplast-group.com\/fr\/#organization","name":"Ekoplast","url":"https:\/\/ekoplast-group.com\/fr\/","logo":{"@type":"ImageObject","inLanguage":"fr-FR","@id":"https:\/\/ekoplast-group.com\/fr\/#\/schema\/logo\/image\/","url":"https:\/\/ekoplast-group.com\/wp-content\/uploads\/2017\/10\/Ekoplast_Logo_Color_Regular_Transparent-copy.svg","contentUrl":"https:\/\/ekoplast-group.com\/wp-content\/uploads\/2017\/10\/Ekoplast_Logo_Color_Regular_Transparent-copy.svg","width":1,"height":1,"caption":"Ekoplast"},"image":{"@id":"https:\/\/ekoplast-group.com\/fr\/#\/schema\/logo\/image\/"},"sameAs":["https:\/\/www.facebook.com\/EkoplastPL","https:\/\/www.linkedin.com\/company\/ekoplastsa"]}]}},"_links":{"self":[{"href":"https:\/\/ekoplast-group.com\/fr\/wp-json\/wp\/v2\/pages\/74399","targetHints":{"allow":["GET"]}}],"collection":[{"href":"https:\/\/ekoplast-group.com\/fr\/wp-json\/wp\/v2\/pages"}],"about":[{"href":"https:\/\/ekoplast-group.com\/fr\/wp-json\/wp\/v2\/types\/page"}],"author":[{"embeddable":true,"href":"https:\/\/ekoplast-group.com\/fr\/wp-json\/wp\/v2\/users\/43"}],"replies":[{"embeddable":true,"href":"https:\/\/ekoplast-group.com\/fr\/wp-json\/wp\/v2\/comments?post=74399"}],"version-history":[{"count":0,"href":"https:\/\/ekoplast-group.com\/fr\/wp-json\/wp\/v2\/pages\/74399\/revisions"}],"up":[{"embeddable":true,"href":"https:\/\/ekoplast-group.com\/fr\/wp-json\/wp\/v2\/pages\/74386"}],"wp:featuredmedia":[{"embeddable":true,"href":"https:\/\/ekoplast-group.com\/fr\/wp-json\/wp\/v2\/media\/71896"}],"wp:attachment":[{"href":"https:\/\/ekoplast-group.com\/fr\/wp-json\/wp\/v2\/media?parent=74399"}],"curies":[{"name":"wp","href":"https:\/\/api.w.org\/{rel}","templated":true}]}}