{"id":69167,"date":"2018-06-03T20:00:33","date_gmt":"2018-06-03T18:00:33","guid":{"rendered":"http:\/\/ekoplast.home.pl\/main_pl\/?page_id=69167"},"modified":"2020-11-16T23:24:15","modified_gmt":"2020-11-16T22:24:15","slug":"protokoly","status":"publish","type":"page","link":"https:\/\/ekoplast-group.com\/pl\/firma\/protokoly\/","title":{"rendered":"Protoko\u0142y"},"content":{"rendered":"<div class=\"wpb-content-wrapper\"><p>[vc_row row_height_percent=&#8221;3&#8243; override_padding=&#8221;yes&#8221; h_padding=&#8221;2&#8243; top_padding=&#8221;0&#8243; bottom_padding=&#8221;2&#8243; back_color=&#8221;color-lxmt&#8221; overlay_alpha=&#8221;50&#8243; gutter_size=&#8221;0&#8243; column_width_percent=&#8221;100&#8243; shift_y=&#8221;0&#8243; z_index=&#8221;0&#8243; mobile_visibility=&#8221;yes&#8221;][vc_column column_width_percent=&#8221;100&#8243; position_horizontal=&#8221;left&#8221; position_vertical=&#8221;middle&#8221; gutter_size=&#8221;0&#8243; overlay_alpha=&#8221;50&#8243; shift_x=&#8221;0&#8243; shift_y=&#8221;2&#8243; shift_y_down=&#8221;0&#8243; z_index=&#8221;0&#8243; medium_width=&#8221;0&#8243; mobile_width=&#8221;0&#8243; width=&#8221;1\/1&#8243;][uncode_breadcrumbs][\/vc_column][\/vc_row][vc_row row_height_percent=&#8221;0&#8243; override_padding=&#8221;yes&#8221; h_padding=&#8221;2&#8243; top_padding=&#8221;2&#8243; bottom_padding=&#8221;2&#8243; overlay_alpha=&#8221;50&#8243; gutter_size=&#8221;0&#8243; column_width_percent=&#8221;100&#8243; shift_y=&#8221;0&#8243; z_index=&#8221;0&#8243;][vc_column column_width_percent=&#8221;100&#8243; gutter_size=&#8221;3&#8243; override_padding=&#8221;yes&#8221; column_padding=&#8221;0&#8243; overlay_alpha=&#8221;50&#8243; shift_x=&#8221;0&#8243; shift_y=&#8221;0&#8243; shift_y_down=&#8221;0&#8243; z_index=&#8221;0&#8243; medium_width=&#8221;0&#8243; mobile_width=&#8221;0&#8243; sticky=&#8221;yes&#8221; width=&#8221;1\/4&#8243;][vc_empty_space empty_h=&#8221;3&#8243; mobile_visibility=&#8221;yes&#8221;][vc_wp_custommenu nav_menu=&#8221;211&#8243;][\/vc_column][vc_column column_width_percent=&#8221;100&#8243; gutter_size=&#8221;3&#8243; override_padding=&#8221;yes&#8221; column_padding=&#8221;0&#8243; overlay_alpha=&#8221;50&#8243; border_color=&#8221;color-wvjs&#8221; border_style=&#8221;solid&#8221; shift_x=&#8221;0&#8243; shift_y=&#8221;0&#8243; shift_y_down=&#8221;0&#8243; z_index=&#8221;0&#8243; medium_width=&#8221;0&#8243; mobile_width=&#8221;0&#8243; width=&#8221;3\/4&#8243;][vc_column_text]<\/p>\n<h2><\/h2>\n<h2>Protoko\u0142y<\/h2>\n<p>[\/vc_column_text][vc_column_text]<\/p>\n<ul>\n<li><a href=\"https:\/\/ekoplast-group.com\/wp-content\/uploads\/Oswiadczenie-o-braku-powiazan.pdf\">O\u015bwiadczenie o braku powi\u0105za\u0144<\/a><\/li>\n<li><a href=\"https:\/\/ekoplast-group.com\/wp-content\/uploads\/Protokol-z-przeprowadzenia-postepowania-o-wylonienie-wykonawcy.pdf\">Protok\u00f3\u0142 z przeprowadzenia post\u0119powania o wy\u0142onienie wykonawcy<\/a><\/li>\n<li><a href=\"https:\/\/ekoplast-group.com\/wp-content\/uploads\/Protok\u00f3\u0142-z-przeprowadzenia-post\u0119powania-o-wy\u0142onienie-wykonawcy-2.pdf\">Protok\u00f3\u0142 z przeprowadzenia post\u0119powania o wy\u0142onienie wykonawcy 2<\/a><\/li>\n<\/ul>\n<p>[\/vc_column_text][vc_empty_space empty_h=&#8221;4&#8243;][\/vc_column][\/vc_row][vc_row unlock_row_content=&#8221;yes&#8221; row_height_percent=&#8221;0&#8243; override_padding=&#8221;yes&#8221; h_padding=&#8221;0&#8243; top_padding=&#8221;1&#8243; bottom_padding=&#8221;0&#8243; overlay_alpha=&#8221;50&#8243; gutter_size=&#8221;3&#8243; column_width_percent=&#8221;100&#8243; shift_y=&#8221;0&#8243; z_index=&#8221;0&#8243;][vc_column][vc_gmaps map_color=&#8221;accent&#8221; ui_color=&#8221;color-rgdb&#8221; zoom=&#8221;14&#8243; map_saturation=&#8221;-20&#8243; map_brightness=&#8221;5&#8243; latlon=&#8221;50.020010, 20.088871&#8243; size=&#8221;400&#8243;][\/vc_column][\/vc_row][vc_row unlock_row_content=&#8221;yes&#8221; row_height_percent=&#8221;0&#8243; overlay_alpha=&#8221;50&#8243; gutter_size=&#8221;3&#8243; column_width_percent=&#8221;100&#8243; shift_y=&#8221;0&#8243; z_index=&#8221;0&#8243;][vc_column width=&#8221;1\/1&#8243;][uncode_block id=&#8221;15588&#8243;][\/vc_column][\/vc_row]<\/p>\n<\/div>","protected":false},"excerpt":{"rendered":"<p>[vc_row row_height_percent=&#8221;3&#8243; override_padding=&#8221;yes&#8221; h_padding=&#8221;2&#8243; top_padding=&#8221;0&#8243; bottom_padding=&#8221;2&#8243; back_color=&#8221;color-lxmt&#8221; overlay_alpha=&#8221;50&#8243; gutter_size=&#8221;0&#8243; column_width_percent=&#8221;100&#8243; shift_y=&#8221;0&#8243; z_index=&#8221;0&#8243; mobile_visibility=&#8221;yes&#8221;][vc_column column_width_percent=&#8221;100&#8243; position_horizontal=&#8221;left&#8221; position_vertical=&#8221;middle&#8221; gutter_size=&#8221;0&#8243; overlay_alpha=&#8221;50&#8243; shift_x=&#8221;0&#8243; shift_y=&#8221;2&#8243; [&hellip;]<\/p>\n","protected":false},"author":43,"featured_media":67486,"parent":31,"menu_order":0,"comment_status":"closed","ping_status":"closed","template":"","meta":{"footnotes":""},"class_list":["post-69167","page","type-page","status-publish","has-post-thumbnail","hentry"],"yoast_head":"<!-- This site is optimized with the Yoast SEO plugin v27.4 - https:\/\/yoast.com\/product\/yoast-seo-wordpress\/ -->\n<title>Protoko\u0142y | Ekoplast S.A.<\/title>\n<meta name=\"robots\" content=\"index, follow, max-snippet:-1, max-image-preview:large, max-video-preview:-1\" \/>\n<link rel=\"canonical\" href=\"https:\/\/ekoplast-group.com\/pl\/firma\/protokoly\/\" \/>\n<meta property=\"og:locale\" content=\"pl_PL\" \/>\n<meta property=\"og:type\" content=\"article\" \/>\n<meta property=\"og:title\" content=\"Protoko\u0142y | Ekoplast S.A.\" \/>\n<meta property=\"og:description\" content=\"[vc_row row_height_percent=&#8221;3&#8243; override_padding=&#8221;yes&#8221; h_padding=&#8221;2&#8243; top_padding=&#8221;0&#8243; bottom_padding=&#8221;2&#8243; back_color=&#8221;color-lxmt&#8221; overlay_alpha=&#8221;50&#8243; gutter_size=&#8221;0&#8243; column_width_percent=&#8221;100&#8243; shift_y=&#8221;0&#8243; z_index=&#8221;0&#8243; mobile_visibility=&#8221;yes&#8221;][vc_column column_width_percent=&#8221;100&#8243; position_horizontal=&#8221;left&#8221; position_vertical=&#8221;middle&#8221; gutter_size=&#8221;0&#8243; overlay_alpha=&#8221;50&#8243; shift_x=&#8221;0&#8243; shift_y=&#8221;2&#8243; [&hellip;]\" \/>\n<meta property=\"og:url\" content=\"https:\/\/ekoplast-group.com\/pl\/firma\/protokoly\/\" \/>\n<meta property=\"og:site_name\" content=\"Ekoplast S.A.\" \/>\n<meta property=\"article:publisher\" content=\"https:\/\/www.facebook.com\/EkoplastPL\" \/>\n<meta property=\"article:modified_time\" content=\"2020-11-16T22:24:15+00:00\" \/>\n<meta property=\"og:image\" content=\"https:\/\/ekoplast-group.com\/wp-content\/uploads\/ekoplast-_krakow.jpg\" \/>\n\t<meta property=\"og:image:width\" content=\"1980\" \/>\n\t<meta property=\"og:image:height\" content=\"685\" \/>\n\t<meta property=\"og:image:type\" content=\"image\/jpeg\" \/>\n<meta name=\"twitter:card\" content=\"summary_large_image\" \/>\n<meta name=\"twitter:label1\" content=\"Szacowany czas czytania\" \/>\n\t<meta name=\"twitter:data1\" content=\"1 minuta\" \/>\n<script type=\"application\/ld+json\" class=\"yoast-schema-graph\">{\"@context\":\"https:\\\/\\\/schema.org\",\"@graph\":[{\"@type\":\"WebPage\",\"@id\":\"https:\\\/\\\/ekoplast-group.com\\\/pl\\\/firma\\\/protokoly\\\/\",\"url\":\"https:\\\/\\\/ekoplast-group.com\\\/pl\\\/firma\\\/protokoly\\\/\",\"name\":\"Protoko\u0142y | Ekoplast S.A.\",\"isPartOf\":{\"@id\":\"https:\\\/\\\/ekoplast-group.com\\\/pl\\\/#website\"},\"primaryImageOfPage\":{\"@id\":\"https:\\\/\\\/ekoplast-group.com\\\/pl\\\/firma\\\/protokoly\\\/#primaryimage\"},\"image\":{\"@id\":\"https:\\\/\\\/ekoplast-group.com\\\/pl\\\/firma\\\/protokoly\\\/#primaryimage\"},\"thumbnailUrl\":\"https:\\\/\\\/ekoplast-group.com\\\/wp-content\\\/uploads\\\/ekoplast-_krakow.jpg\",\"datePublished\":\"2018-06-03T18:00:33+00:00\",\"dateModified\":\"2020-11-16T22:24:15+00:00\",\"breadcrumb\":{\"@id\":\"https:\\\/\\\/ekoplast-group.com\\\/pl\\\/firma\\\/protokoly\\\/#breadcrumb\"},\"inLanguage\":\"pl-PL\",\"potentialAction\":[{\"@type\":\"ReadAction\",\"target\":[\"https:\\\/\\\/ekoplast-group.com\\\/pl\\\/firma\\\/protokoly\\\/\"]}]},{\"@type\":\"ImageObject\",\"inLanguage\":\"pl-PL\",\"@id\":\"https:\\\/\\\/ekoplast-group.com\\\/pl\\\/firma\\\/protokoly\\\/#primaryimage\",\"url\":\"https:\\\/\\\/ekoplast-group.com\\\/wp-content\\\/uploads\\\/ekoplast-_krakow.jpg\",\"contentUrl\":\"https:\\\/\\\/ekoplast-group.com\\\/wp-content\\\/uploads\\\/ekoplast-_krakow.jpg\",\"width\":1980,\"height\":685,\"caption\":\"okna z Krakowa\"},{\"@type\":\"BreadcrumbList\",\"@id\":\"https:\\\/\\\/ekoplast-group.com\\\/pl\\\/firma\\\/protokoly\\\/#breadcrumb\",\"itemListElement\":[{\"@type\":\"ListItem\",\"position\":1,\"name\":\"Strona g\u0142\u00f3wna\",\"item\":\"https:\\\/\\\/ekoplast-group.com\\\/pl\\\/\"},{\"@type\":\"ListItem\",\"position\":2,\"name\":\"Firma\",\"item\":\"https:\\\/\\\/ekoplast-group.com\\\/pl\\\/firma\\\/\"},{\"@type\":\"ListItem\",\"position\":3,\"name\":\"Protoko\u0142y\"}]},{\"@type\":\"WebSite\",\"@id\":\"https:\\\/\\\/ekoplast-group.com\\\/pl\\\/#website\",\"url\":\"https:\\\/\\\/ekoplast-group.com\\\/pl\\\/\",\"name\":\"Ekoplast S.A.\",\"description\":\"Okna PCV Krak\u00f3w Ekoplast - okna plastikowe, okna aluminiowe\",\"publisher\":{\"@id\":\"https:\\\/\\\/ekoplast-group.com\\\/pl\\\/#organization\"},\"potentialAction\":[{\"@type\":\"SearchAction\",\"target\":{\"@type\":\"EntryPoint\",\"urlTemplate\":\"https:\\\/\\\/ekoplast-group.com\\\/pl\\\/?s={search_term_string}\"},\"query-input\":{\"@type\":\"PropertyValueSpecification\",\"valueRequired\":true,\"valueName\":\"search_term_string\"}}],\"inLanguage\":\"pl-PL\"},{\"@type\":\"Organization\",\"@id\":\"https:\\\/\\\/ekoplast-group.com\\\/pl\\\/#organization\",\"name\":\"Ekoplast S.A.\",\"url\":\"https:\\\/\\\/ekoplast-group.com\\\/pl\\\/\",\"logo\":{\"@type\":\"ImageObject\",\"inLanguage\":\"pl-PL\",\"@id\":\"https:\\\/\\\/ekoplast-group.com\\\/pl\\\/#\\\/schema\\\/logo\\\/image\\\/\",\"url\":\"https:\\\/\\\/ekoplast-group.com\\\/wp-content\\\/uploads\\\/2017\\\/10\\\/Ekoplast_Logo_Color_Regular_Transparent-copy.svg\",\"contentUrl\":\"https:\\\/\\\/ekoplast-group.com\\\/wp-content\\\/uploads\\\/2017\\\/10\\\/Ekoplast_Logo_Color_Regular_Transparent-copy.svg\",\"width\":1,\"height\":1,\"caption\":\"Ekoplast S.A.\"},\"image\":{\"@id\":\"https:\\\/\\\/ekoplast-group.com\\\/pl\\\/#\\\/schema\\\/logo\\\/image\\\/\"},\"sameAs\":[\"https:\\\/\\\/www.facebook.com\\\/EkoplastPL\",\"https:\\\/\\\/www.linkedin.com\\\/company\\\/ekoplastsa\"]}]}<\/script>\n<!-- \/ Yoast SEO plugin. -->","yoast_head_json":{"title":"Protoko\u0142y | Ekoplast S.A.","robots":{"index":"index","follow":"follow","max-snippet":"max-snippet:-1","max-image-preview":"max-image-preview:large","max-video-preview":"max-video-preview:-1"},"canonical":"https:\/\/ekoplast-group.com\/pl\/firma\/protokoly\/","og_locale":"pl_PL","og_type":"article","og_title":"Protoko\u0142y | Ekoplast S.A.","og_description":"[vc_row row_height_percent=&#8221;3&#8243; override_padding=&#8221;yes&#8221; h_padding=&#8221;2&#8243; top_padding=&#8221;0&#8243; bottom_padding=&#8221;2&#8243; back_color=&#8221;color-lxmt&#8221; overlay_alpha=&#8221;50&#8243; gutter_size=&#8221;0&#8243; column_width_percent=&#8221;100&#8243; shift_y=&#8221;0&#8243; z_index=&#8221;0&#8243; mobile_visibility=&#8221;yes&#8221;][vc_column column_width_percent=&#8221;100&#8243; position_horizontal=&#8221;left&#8221; position_vertical=&#8221;middle&#8221; gutter_size=&#8221;0&#8243; overlay_alpha=&#8221;50&#8243; shift_x=&#8221;0&#8243; shift_y=&#8221;2&#8243; [&hellip;]","og_url":"https:\/\/ekoplast-group.com\/pl\/firma\/protokoly\/","og_site_name":"Ekoplast S.A.","article_publisher":"https:\/\/www.facebook.com\/EkoplastPL","article_modified_time":"2020-11-16T22:24:15+00:00","og_image":[{"width":1980,"height":685,"url":"https:\/\/ekoplast-group.com\/wp-content\/uploads\/ekoplast-_krakow.jpg","type":"image\/jpeg"}],"twitter_card":"summary_large_image","twitter_misc":{"Szacowany czas czytania":"1 minuta"},"schema":{"@context":"https:\/\/schema.org","@graph":[{"@type":"WebPage","@id":"https:\/\/ekoplast-group.com\/pl\/firma\/protokoly\/","url":"https:\/\/ekoplast-group.com\/pl\/firma\/protokoly\/","name":"Protoko\u0142y | Ekoplast S.A.","isPartOf":{"@id":"https:\/\/ekoplast-group.com\/pl\/#website"},"primaryImageOfPage":{"@id":"https:\/\/ekoplast-group.com\/pl\/firma\/protokoly\/#primaryimage"},"image":{"@id":"https:\/\/ekoplast-group.com\/pl\/firma\/protokoly\/#primaryimage"},"thumbnailUrl":"https:\/\/ekoplast-group.com\/wp-content\/uploads\/ekoplast-_krakow.jpg","datePublished":"2018-06-03T18:00:33+00:00","dateModified":"2020-11-16T22:24:15+00:00","breadcrumb":{"@id":"https:\/\/ekoplast-group.com\/pl\/firma\/protokoly\/#breadcrumb"},"inLanguage":"pl-PL","potentialAction":[{"@type":"ReadAction","target":["https:\/\/ekoplast-group.com\/pl\/firma\/protokoly\/"]}]},{"@type":"ImageObject","inLanguage":"pl-PL","@id":"https:\/\/ekoplast-group.com\/pl\/firma\/protokoly\/#primaryimage","url":"https:\/\/ekoplast-group.com\/wp-content\/uploads\/ekoplast-_krakow.jpg","contentUrl":"https:\/\/ekoplast-group.com\/wp-content\/uploads\/ekoplast-_krakow.jpg","width":1980,"height":685,"caption":"okna z Krakowa"},{"@type":"BreadcrumbList","@id":"https:\/\/ekoplast-group.com\/pl\/firma\/protokoly\/#breadcrumb","itemListElement":[{"@type":"ListItem","position":1,"name":"Strona g\u0142\u00f3wna","item":"https:\/\/ekoplast-group.com\/pl\/"},{"@type":"ListItem","position":2,"name":"Firma","item":"https:\/\/ekoplast-group.com\/pl\/firma\/"},{"@type":"ListItem","position":3,"name":"Protoko\u0142y"}]},{"@type":"WebSite","@id":"https:\/\/ekoplast-group.com\/pl\/#website","url":"https:\/\/ekoplast-group.com\/pl\/","name":"Ekoplast S.A.","description":"Okna PCV Krak\u00f3w Ekoplast - okna plastikowe, okna aluminiowe","publisher":{"@id":"https:\/\/ekoplast-group.com\/pl\/#organization"},"potentialAction":[{"@type":"SearchAction","target":{"@type":"EntryPoint","urlTemplate":"https:\/\/ekoplast-group.com\/pl\/?s={search_term_string}"},"query-input":{"@type":"PropertyValueSpecification","valueRequired":true,"valueName":"search_term_string"}}],"inLanguage":"pl-PL"},{"@type":"Organization","@id":"https:\/\/ekoplast-group.com\/pl\/#organization","name":"Ekoplast S.A.","url":"https:\/\/ekoplast-group.com\/pl\/","logo":{"@type":"ImageObject","inLanguage":"pl-PL","@id":"https:\/\/ekoplast-group.com\/pl\/#\/schema\/logo\/image\/","url":"https:\/\/ekoplast-group.com\/wp-content\/uploads\/2017\/10\/Ekoplast_Logo_Color_Regular_Transparent-copy.svg","contentUrl":"https:\/\/ekoplast-group.com\/wp-content\/uploads\/2017\/10\/Ekoplast_Logo_Color_Regular_Transparent-copy.svg","width":1,"height":1,"caption":"Ekoplast S.A."},"image":{"@id":"https:\/\/ekoplast-group.com\/pl\/#\/schema\/logo\/image\/"},"sameAs":["https:\/\/www.facebook.com\/EkoplastPL","https:\/\/www.linkedin.com\/company\/ekoplastsa"]}]}},"_links":{"self":[{"href":"https:\/\/ekoplast-group.com\/pl\/wp-json\/wp\/v2\/pages\/69167","targetHints":{"allow":["GET"]}}],"collection":[{"href":"https:\/\/ekoplast-group.com\/pl\/wp-json\/wp\/v2\/pages"}],"about":[{"href":"https:\/\/ekoplast-group.com\/pl\/wp-json\/wp\/v2\/types\/page"}],"author":[{"embeddable":true,"href":"https:\/\/ekoplast-group.com\/pl\/wp-json\/wp\/v2\/users\/43"}],"replies":[{"embeddable":true,"href":"https:\/\/ekoplast-group.com\/pl\/wp-json\/wp\/v2\/comments?post=69167"}],"version-history":[{"count":0,"href":"https:\/\/ekoplast-group.com\/pl\/wp-json\/wp\/v2\/pages\/69167\/revisions"}],"up":[{"embeddable":true,"href":"https:\/\/ekoplast-group.com\/pl\/wp-json\/wp\/v2\/pages\/31"}],"wp:featuredmedia":[{"embeddable":true,"href":"https:\/\/ekoplast-group.com\/pl\/wp-json\/wp\/v2\/media\/67486"}],"wp:attachment":[{"href":"https:\/\/ekoplast-group.com\/pl\/wp-json\/wp\/v2\/media?parent=69167"}],"curies":[{"name":"wp","href":"https:\/\/api.w.org\/{rel}","templated":true}]}}