{"id":69236,"date":"2018-06-04T11:43:40","date_gmt":"2018-06-04T09:43:40","guid":{"rendered":"http:\/\/ekoplast.home.pl\/main_pl\/?page_id=69236"},"modified":"2025-09-23T11:47:35","modified_gmt":"2025-09-23T09:47:35","slug":"certyfikaty","status":"publish","type":"page","link":"https:\/\/ekoplast-group.com\/pl\/firma\/certyfikaty\/","title":{"rendered":"Certyfikaty"},"content":{"rendered":"<div class=\"wpb-content-wrapper\"><p>[vc_row row_height_percent=&#8221;3&#8243; override_padding=&#8221;yes&#8221; h_padding=&#8221;2&#8243; top_padding=&#8221;0&#8243; bottom_padding=&#8221;2&#8243; back_color=&#8221;color-lxmt&#8221; overlay_alpha=&#8221;50&#8243; gutter_size=&#8221;0&#8243; column_width_percent=&#8221;100&#8243; shift_y=&#8221;0&#8243; z_index=&#8221;0&#8243; mobile_visibility=&#8221;yes&#8221;][vc_column column_width_percent=&#8221;100&#8243; position_horizontal=&#8221;left&#8221; position_vertical=&#8221;middle&#8221; gutter_size=&#8221;0&#8243; overlay_alpha=&#8221;50&#8243; shift_x=&#8221;0&#8243; shift_y=&#8221;2&#8243; shift_y_down=&#8221;0&#8243; z_index=&#8221;0&#8243; medium_width=&#8221;0&#8243; mobile_width=&#8221;0&#8243; width=&#8221;1\/1&#8243;][uncode_breadcrumbs][\/vc_column][\/vc_row][vc_row row_height_percent=&#8221;0&#8243; override_padding=&#8221;yes&#8221; h_padding=&#8221;2&#8243; top_padding=&#8221;2&#8243; bottom_padding=&#8221;2&#8243; overlay_alpha=&#8221;50&#8243; gutter_size=&#8221;0&#8243; column_width_percent=&#8221;100&#8243; shift_y=&#8221;0&#8243; z_index=&#8221;0&#8243;][vc_column column_width_percent=&#8221;100&#8243; gutter_size=&#8221;3&#8243; override_padding=&#8221;yes&#8221; column_padding=&#8221;0&#8243; overlay_alpha=&#8221;50&#8243; shift_x=&#8221;0&#8243; shift_y=&#8221;0&#8243; shift_y_down=&#8221;0&#8243; z_index=&#8221;0&#8243; medium_width=&#8221;0&#8243; mobile_width=&#8221;0&#8243; width=&#8221;1\/4&#8243; uncode_shortcode_id=&#8221;436083&#8243;][vc_empty_space empty_h=&#8221;3&#8243; mobile_visibility=&#8221;yes&#8221;][vc_wp_custommenu nav_menu=&#8221;211&#8243;][\/vc_column][vc_column column_width_percent=&#8221;100&#8243; gutter_size=&#8221;3&#8243; override_padding=&#8221;yes&#8221; column_padding=&#8221;0&#8243; overlay_alpha=&#8221;50&#8243; border_color=&#8221;color-wvjs&#8221; border_style=&#8221;solid&#8221; shift_x=&#8221;0&#8243; shift_y=&#8221;0&#8243; shift_y_down=&#8221;0&#8243; z_index=&#8221;0&#8243; medium_width=&#8221;0&#8243; mobile_width=&#8221;0&#8243; width=&#8221;3\/4&#8243;][vc_column_text]<\/p>\n<h2><\/h2>\n<h4>Certyfikaty<\/h4>\n<p>Okna i drzwi to kosztowne elementy budowlane, od kt\u00f3rych oczekujemy, \u017ce b\u0119d\u0119 s\u0142u\u017cy\u0142y nam przez d\u0142ugie lata. Ekoplast S.A.\u00a0to gwarancja jako\u015bci. Oferowane przez nas systemy przesz\u0142y przez odpowiednie testy jako\u015bciowe oraz posiadaj\u0105 niezb\u0119dne certyfikaty i atesty. Dzi\u0119ki temu jeste\u015bmy polecanym producentem, kt\u00f3ry sprzedaje swoje produkty zar\u00f3wno w kraju, jak i poza granicami Polski.[\/vc_column_text][vc_row_inner row_inner_height_percent=&#8221;0&#8243; overlay_alpha=&#8221;50&#8243; equal_height=&#8221;yes&#8221; gutter_size=&#8221;3&#8243; shift_y=&#8221;0&#8243; z_index=&#8221;0&#8243;][vc_column_inner width=&#8221;1\/4&#8243;][vc_single_image media=&#8221;69213&#8243; media_lightbox=&#8221;yes&#8221; media_width_percent=&#8221;100&#8243; lbox_connected=&#8221;yes&#8221;][\/vc_column_inner][vc_column_inner width=&#8221;1\/4&#8243;][vc_single_image media=&#8221;69214&#8243; media_lightbox=&#8221;yes&#8221; media_width_percent=&#8221;100&#8243; lbox_connected=&#8221;yes&#8221;][\/vc_column_inner][vc_column_inner width=&#8221;1\/4&#8243;][vc_single_image media=&#8221;69215&#8243; media_lightbox=&#8221;yes&#8221; media_width_percent=&#8221;100&#8243; lbox_connected=&#8221;yes&#8221;][\/vc_column_inner][vc_column_inner width=&#8221;1\/4&#8243;][vc_single_image media=&#8221;69216&#8243; media_lightbox=&#8221;yes&#8221; media_width_percent=&#8221;100&#8243; lbox_connected=&#8221;yes&#8221;][\/vc_column_inner][\/vc_row_inner][vc_row_inner row_inner_height_percent=&#8221;0&#8243; overlay_alpha=&#8221;50&#8243; equal_height=&#8221;yes&#8221; gutter_size=&#8221;3&#8243; shift_y=&#8221;0&#8243; z_index=&#8221;0&#8243;][vc_column_inner width=&#8221;1\/4&#8243;][vc_single_image media=&#8221;69217&#8243; media_lightbox=&#8221;yes&#8221; media_width_percent=&#8221;100&#8243; lbox_connected=&#8221;yes&#8221;][\/vc_column_inner][vc_column_inner width=&#8221;1\/4&#8243;][vc_single_image media=&#8221;69218&#8243; media_lightbox=&#8221;yes&#8221; media_width_percent=&#8221;100&#8243; lbox_connected=&#8221;yes&#8221;][\/vc_column_inner][vc_column_inner width=&#8221;1\/4&#8243;][vc_single_image media=&#8221;69219&#8243; media_lightbox=&#8221;yes&#8221; media_width_percent=&#8221;100&#8243; lbox_connected=&#8221;yes&#8221;][\/vc_column_inner][vc_column_inner width=&#8221;1\/4&#8243;][vc_single_image media=&#8221;69220&#8243; media_lightbox=&#8221;yes&#8221; media_width_percent=&#8221;100&#8243; lbox_connected=&#8221;yes&#8221;][\/vc_column_inner][\/vc_row_inner][vc_row_inner row_inner_height_percent=&#8221;0&#8243; overlay_alpha=&#8221;50&#8243; equal_height=&#8221;yes&#8221; gutter_size=&#8221;3&#8243; shift_y=&#8221;0&#8243; z_index=&#8221;0&#8243;][vc_column_inner width=&#8221;1\/4&#8243;][vc_single_image media=&#8221;69221&#8243; media_lightbox=&#8221;yes&#8221; media_width_percent=&#8221;100&#8243; lbox_connected=&#8221;yes&#8221;][\/vc_column_inner][vc_column_inner width=&#8221;1\/4&#8243;][vc_single_image media=&#8221;69222&#8243; media_lightbox=&#8221;yes&#8221; media_width_percent=&#8221;100&#8243; lbox_connected=&#8221;yes&#8221;][\/vc_column_inner][vc_column_inner width=&#8221;1\/4&#8243;][vc_single_image media=&#8221;69223&#8243; media_lightbox=&#8221;yes&#8221; media_width_percent=&#8221;100&#8243; lbox_connected=&#8221;yes&#8221;][\/vc_column_inner][vc_column_inner width=&#8221;1\/4&#8243;][vc_single_image media=&#8221;69224&#8243; media_lightbox=&#8221;yes&#8221; media_width_percent=&#8221;100&#8243; lbox_connected=&#8221;yes&#8221;][\/vc_column_inner][\/vc_row_inner][vc_row_inner row_inner_height_percent=&#8221;0&#8243; overlay_alpha=&#8221;50&#8243; equal_height=&#8221;yes&#8221; gutter_size=&#8221;3&#8243; shift_y=&#8221;0&#8243; z_index=&#8221;0&#8243;][vc_column_inner width=&#8221;1\/4&#8243;][vc_single_image media=&#8221;69225&#8243; media_lightbox=&#8221;yes&#8221; media_width_percent=&#8221;100&#8243; lbox_connected=&#8221;yes&#8221;][\/vc_column_inner][vc_column_inner width=&#8221;1\/4&#8243;][vc_single_image media=&#8221;69226&#8243; media_lightbox=&#8221;yes&#8221; media_width_percent=&#8221;100&#8243; lbox_connected=&#8221;yes&#8221;][\/vc_column_inner][vc_column_inner width=&#8221;1\/4&#8243;][vc_single_image media=&#8221;69227&#8243; media_lightbox=&#8221;yes&#8221; media_width_percent=&#8221;100&#8243; lbox_connected=&#8221;yes&#8221;][\/vc_column_inner][vc_column_inner width=&#8221;1\/4&#8243;][vc_single_image media=&#8221;69228&#8243; media_lightbox=&#8221;yes&#8221; media_width_percent=&#8221;100&#8243; lbox_connected=&#8221;yes&#8221;][\/vc_column_inner][\/vc_row_inner][vc_row_inner row_inner_height_percent=&#8221;0&#8243; overlay_alpha=&#8221;50&#8243; equal_height=&#8221;yes&#8221; gutter_size=&#8221;3&#8243; shift_y=&#8221;0&#8243; z_index=&#8221;0&#8243;][vc_column_inner width=&#8221;1\/4&#8243;][vc_single_image media=&#8221;69229&#8243; media_lightbox=&#8221;yes&#8221; media_width_percent=&#8221;100&#8243; lbox_connected=&#8221;yes&#8221;][\/vc_column_inner][vc_column_inner width=&#8221;1\/4&#8243;][vc_single_image media=&#8221;69230&#8243; media_lightbox=&#8221;yes&#8221; media_width_percent=&#8221;100&#8243; lbox_connected=&#8221;yes&#8221;][\/vc_column_inner][vc_column_inner width=&#8221;1\/4&#8243;][vc_single_image media=&#8221;69231&#8243; media_lightbox=&#8221;yes&#8221; media_width_percent=&#8221;100&#8243; lbox_connected=&#8221;yes&#8221;][\/vc_column_inner][vc_column_inner width=&#8221;1\/4&#8243;][vc_single_image media=&#8221;69232&#8243; media_lightbox=&#8221;yes&#8221; media_width_percent=&#8221;100&#8243; lbox_connected=&#8221;yes&#8221;][\/vc_column_inner][\/vc_row_inner][vc_row_inner row_inner_height_percent=&#8221;0&#8243; overlay_alpha=&#8221;50&#8243; equal_height=&#8221;yes&#8221; gutter_size=&#8221;3&#8243; shift_y=&#8221;0&#8243; z_index=&#8221;0&#8243;][vc_column_inner width=&#8221;1\/4&#8243;][vc_single_image media=&#8221;69233&#8243; media_lightbox=&#8221;yes&#8221; media_width_percent=&#8221;100&#8243; lbox_connected=&#8221;yes&#8221;][\/vc_column_inner][vc_column_inner width=&#8221;1\/4&#8243;][\/vc_column_inner][vc_column_inner width=&#8221;1\/4&#8243;][\/vc_column_inner][vc_column_inner width=&#8221;1\/4&#8243;][\/vc_column_inner][\/vc_row_inner][\/vc_column][\/vc_row][vc_row unlock_row=&#8221;&#8221; row_height_percent=&#8221;0&#8243; override_padding=&#8221;yes&#8221; h_padding=&#8221;0&#8243; top_padding=&#8221;2&#8243; bottom_padding=&#8221;1&#8243; overlay_alpha=&#8221;50&#8243; gutter_size=&#8221;3&#8243; column_width_percent=&#8221;100&#8243; shift_y=&#8221;0&#8243; z_index=&#8221;0&#8243;][vc_column width=&#8221;1\/1&#8243;][vc_custom_heading heading_semantic=&#8221;h3&#8243; text_size=&#8221;h3&#8243;]Dlaczego Ekoplast?[\/vc_custom_heading][\/vc_column][\/vc_row][vc_row unlock_row_content=&#8221;yes&#8221; row_height_percent=&#8221;0&#8243; override_padding=&#8221;yes&#8221; h_padding=&#8221;0&#8243; top_padding=&#8221;2&#8243; bottom_padding=&#8221;0&#8243; overlay_alpha=&#8221;50&#8243; gutter_size=&#8221;3&#8243; column_width_percent=&#8221;100&#8243; shift_y=&#8221;0&#8243; z_index=&#8221;0&#8243;][vc_column width=&#8221;1\/1&#8243;][vc_separator sep_color=&#8221;color-gyho&#8221;][\/vc_column][\/vc_row][vc_row][vc_column width=&#8221;1\/4&#8243;][vc_single_image media=&#8221;67503&#8243; media_width_percent=&#8221;100&#8243;][vc_column_text]<strong>Jako\u015b\u0107<\/strong><\/p>\n<p><span style=\"font-weight: 400;\">Najwy\u017csza jako\u015b\u0107 jako standard w ofercie \u2013 tego mo\u017cesz od nas oczekiwa\u0107. Dob\u00f3r sprawdzonych podwykonawc\u00f3w, skrupulatno\u015b\u0107 wykonania oraz najlepsze parametry produkt\u00f3w bior\u0105 si\u0119 z naszej niegasn\u0105cej ambicji, by sprosta\u0107 r\u00f3\u017cnorodnym wymaganiom Klient\u00f3w.<\/span>[\/vc_column_text][\/vc_column][vc_column width=&#8221;1\/4&#8243;][vc_single_image media=&#8221;67508&#8243; media_width_percent=&#8221;100&#8243;][vc_column_text]<strong>Elastyczno\u015b\u0107<\/strong><\/p>\n<p><span style=\"font-weight: 400;\">Obecno\u015b\u0107 na rynkach europejskich nauczy\u0142a nas otwarto\u015bci na oczekiwania partner\u00f3w indywidualnych i biznesowych. Potrafimy dostosowa\u0107 lini\u0119 produkcyjn\u0105 do indywidualnych potrzeb Klienta, takich jak okna nietypowe \u2013 produkowane na specjalne zam\u00f3wienie i charakteryzuj\u0105ce si\u0119 indywidualnymi cechami. Mog\u0105 one posiada\u0107 wi\u0119ksze przeszklenia, by\u0107 dopasowane pod k\u0105tem konkretnego rozmiaru, czy wyr\u00f3\u017cnia\u0107 si\u0119 specyficznym kszta\u0142tem, np. owalnym, trapezowym, \u0142ukowym. <\/span>[\/vc_column_text][\/vc_column][vc_column width=&#8221;1\/4&#8243;][vc_single_image media=&#8221;65895&#8243; media_width_percent=&#8221;100&#8243;][vc_column_text]<strong>Satysfakcja<\/strong><\/p>\n<p><span style=\"font-weight: 400;\">Zadowolenie Klienta to warto\u015b\u0107 dodana ka\u017cdej transakcji. W Ekopla\u015bcie dbamy, by obs\u0142uga partner\u00f3w handlowych dor\u00f3wnywa\u0142a jako\u015bci naszej oferty. Nasi przedstawiciele pomog\u0105 wybra\u0107 najlepsze rozwi\u0105zania pod wzgl\u0119dem parametr\u00f3w technicznych, doradz\u0105 te\u017c dobra\u0107 po\u017c\u0105dan\u0105 estetyk\u0119 na bazie bogatej oferty.<\/span>[\/vc_column_text][\/vc_column][vc_column width=&#8221;1\/4&#8243;][vc_single_image media=&#8221;65896&#8243; media_width_percent=&#8221;100&#8243;][vc_column_text]<strong>Automatyzacja<\/strong><\/p>\n<p>Nasza dba\u0142o\u015b\u0107 o to, by dostali Pa\u0144stwo produkt jako\u015bciowo z najwy\u017cszej p\u00f3\u0142ki przejawia si\u0119 tak\u017ce w procesie produkcji. Wysoko wykwalifikowani, do\u015bwiadczeni pracownicy oraz dost\u0119p do najnowszych technologii, daje nam przewag\u0119 konkurencyjn\u0105 na rynku. System zarz\u0105dzania jako\u015bci\u0105 w Ekoplast S.A.\u00a0identyfikuje wszystkie procesy, wymagane dla jego optymalnego funkcjonowania. Podlega on ci\u0105g\u0142ej ewolucji i doskonaleniu.[\/vc_column_text][\/vc_column][\/vc_row][vc_row unlock_row_content=&#8221;yes&#8221; row_height_percent=&#8221;0&#8243; override_padding=&#8221;yes&#8221; h_padding=&#8221;0&#8243; top_padding=&#8221;2&#8243; bottom_padding=&#8221;2&#8243; overlay_alpha=&#8221;50&#8243; gutter_size=&#8221;3&#8243; column_width_percent=&#8221;100&#8243; shift_y=&#8221;0&#8243; z_index=&#8221;0&#8243;][vc_column width=&#8221;1\/1&#8243;][uncode_index el_id=&#8221;index-164303&#8243; isotope_mode=&#8221;packery&#8221; loop=&#8221;size:4|order_by:date|post_type:post&#8221; auto_query=&#8221;yes&#8221; style_preset=&#8221;metro&#8221; single_height_viewport=&#8221;yes&#8221; screen_lg=&#8221;1200&#8243; screen_md=&#8221;1000&#8243; screen_sm=&#8221;480&#8243; gutter_size=&#8221;0&#8243; post_items=&#8221;media|featured|onpost|poster,title,spacer|half&#8221; single_text=&#8221;overlay&#8221; single_width=&#8221;3&#8243; single_fluid_height=&#8221;50&#8243; single_overlay_color=&#8221;color-nhtu&#8221; single_overlay_coloration=&#8221;bottom_gradient&#8221; single_overlay_opacity=&#8221;71&#8243; single_overlay_visible=&#8221;yes&#8221; single_text_visible=&#8221;yes&#8221; single_text_anim=&#8221;no&#8221; single_v_position=&#8221;bottom&#8221; single_reduced=&#8221;half&#8221; single_padding=&#8221;2&#8243; single_title_dimension=&#8221;h3&#8243; single_title_transform=&#8221;uppercase&#8221; single_border=&#8221;yes&#8221; single_css_animation=&#8221;zoom-in&#8221; single_animation_delay=&#8221;400&#8243; items=&#8221;eyI2NTcwOV9pIjp7InNpbmdsZV9sYXlvdXRfcG9zdF9pdGVtcyI6Im1lZGlhfGZlYXR1cmVkfG9ucG9zdHxwb3N0ZXIsdGl0bGUsc3BhY2VyfGhhbGYifSwiNjU3NDZfaSI6eyJzaW5nbGVfbGF5b3V0X3Bvc3RfaXRlbXMiOiJtZWRpYXxmZWF0dXJlZHxvbnBvc3R8cG9zdGVyLHRpdGxlLHNwYWNlcnxoYWxmIn0sIjY1OTI1X2kiOnsic2luZ2xlX2xheW91dF9wb3N0X2l0ZW1zIjoibWVkaWF8ZmVhdHVyZWR8b25wb3N0fHBvc3Rlcix0aXRsZSxzcGFjZXJ8aGFsZiJ9LCI2NTkzOF9pIjp7InNpbmdsZV9sYXlvdXRfcG9zdF9pdGVtcyI6Im1lZGlhfGZlYXR1cmVkfG9ucG9zdHxwb3N0ZXIsdGl0bGUsc3BhY2VyfGhhbGYifX0=&#8221;][\/vc_column][\/vc_row][vc_row unlock_row_content=&#8221;yes&#8221; row_height_percent=&#8221;0&#8243; override_padding=&#8221;yes&#8221; h_padding=&#8221;0&#8243; top_padding=&#8221;1&#8243; bottom_padding=&#8221;0&#8243; overlay_alpha=&#8221;50&#8243; gutter_size=&#8221;3&#8243; column_width_percent=&#8221;100&#8243; shift_y=&#8221;0&#8243; z_index=&#8221;0&#8243;][vc_column][vc_gmaps latlon=&#8221;50.020010, 20.088871&#8243; map_color=&#8221;accent&#8221; ui_color=&#8221;color-rgdb&#8221; zoom=&#8221;14&#8243; map_saturation=&#8221;-20&#8243; map_brightness=&#8221;5&#8243;][\/vc_column][\/vc_row][vc_row unlock_row_content=&#8221;yes&#8221; row_height_percent=&#8221;0&#8243; overlay_alpha=&#8221;50&#8243; gutter_size=&#8221;3&#8243; column_width_percent=&#8221;100&#8243; shift_y=&#8221;0&#8243; z_index=&#8221;0&#8243;][vc_column width=&#8221;1\/1&#8243;][uncode_block id=&#8221;15588&#8243;][\/vc_column][\/vc_row]<\/p>\n<\/div>","protected":false},"excerpt":{"rendered":"<p>[vc_row row_height_percent=&#8221;3&#8243; override_padding=&#8221;yes&#8221; h_padding=&#8221;2&#8243; top_padding=&#8221;0&#8243; bottom_padding=&#8221;2&#8243; back_color=&#8221;color-lxmt&#8221; overlay_alpha=&#8221;50&#8243; gutter_size=&#8221;0&#8243; column_width_percent=&#8221;100&#8243; shift_y=&#8221;0&#8243; z_index=&#8221;0&#8243; mobile_visibility=&#8221;yes&#8221;][vc_column column_width_percent=&#8221;100&#8243; position_horizontal=&#8221;left&#8221; position_vertical=&#8221;middle&#8221; gutter_size=&#8221;0&#8243; overlay_alpha=&#8221;50&#8243; shift_x=&#8221;0&#8243; shift_y=&#8221;2&#8243; [&hellip;]<\/p>\n","protected":false},"author":43,"featured_media":67486,"parent":31,"menu_order":0,"comment_status":"closed","ping_status":"closed","template":"","meta":{"footnotes":""},"class_list":["post-69236","page","type-page","status-publish","has-post-thumbnail","hentry"],"yoast_head":"<!-- This site is optimized with the Yoast SEO plugin v27.4 - https:\/\/yoast.com\/product\/yoast-seo-wordpress\/ -->\n<title>Certyfikaty | Ekoplast S.A.<\/title>\n<meta name=\"description\" content=\"Okna i drzwi to kosztowne elementy budowlane, od kt\u00f3rych oczekujemy, \u017ce b\u0119d\u0119 s\u0142u\u017cy\u0142y nam przez d\u0142ugie lata. Ekoplast Krak\u00f3w to gwarancja jako\u015bci.\" \/>\n<meta name=\"robots\" content=\"index, follow, max-snippet:-1, max-image-preview:large, max-video-preview:-1\" \/>\n<link rel=\"canonical\" href=\"https:\/\/ekoplast-group.com\/pl\/firma\/certyfikaty\/\" \/>\n<meta property=\"og:locale\" content=\"pl_PL\" \/>\n<meta property=\"og:type\" content=\"article\" \/>\n<meta property=\"og:title\" content=\"Certyfikaty | Ekoplast S.A.\" \/>\n<meta property=\"og:description\" content=\"Okna i drzwi to kosztowne elementy budowlane, od kt\u00f3rych oczekujemy, \u017ce b\u0119d\u0119 s\u0142u\u017cy\u0142y nam przez d\u0142ugie lata. Ekoplast Krak\u00f3w to gwarancja jako\u015bci.\" \/>\n<meta property=\"og:url\" content=\"https:\/\/ekoplast-group.com\/pl\/firma\/certyfikaty\/\" \/>\n<meta property=\"og:site_name\" content=\"Ekoplast S.A.\" \/>\n<meta property=\"article:publisher\" content=\"https:\/\/www.facebook.com\/EkoplastPL\" \/>\n<meta property=\"article:modified_time\" content=\"2025-09-23T09:47:35+00:00\" \/>\n<meta property=\"og:image\" content=\"https:\/\/ekoplast-group.com\/wp-content\/uploads\/ekoplast-_krakow.jpg\" \/>\n\t<meta property=\"og:image:width\" content=\"1980\" \/>\n\t<meta property=\"og:image:height\" content=\"685\" \/>\n\t<meta property=\"og:image:type\" content=\"image\/jpeg\" \/>\n<meta name=\"twitter:card\" content=\"summary_large_image\" \/>\n<meta name=\"twitter:label1\" content=\"Szacowany czas czytania\" \/>\n\t<meta name=\"twitter:data1\" content=\"4 minuty\" \/>\n<script type=\"application\/ld+json\" class=\"yoast-schema-graph\">{\"@context\":\"https:\\\/\\\/schema.org\",\"@graph\":[{\"@type\":\"WebPage\",\"@id\":\"https:\\\/\\\/ekoplast-group.com\\\/pl\\\/firma\\\/certyfikaty\\\/\",\"url\":\"https:\\\/\\\/ekoplast-group.com\\\/pl\\\/firma\\\/certyfikaty\\\/\",\"name\":\"Certyfikaty | Ekoplast S.A.\",\"isPartOf\":{\"@id\":\"https:\\\/\\\/ekoplast-group.com\\\/pl\\\/#website\"},\"primaryImageOfPage\":{\"@id\":\"https:\\\/\\\/ekoplast-group.com\\\/pl\\\/firma\\\/certyfikaty\\\/#primaryimage\"},\"image\":{\"@id\":\"https:\\\/\\\/ekoplast-group.com\\\/pl\\\/firma\\\/certyfikaty\\\/#primaryimage\"},\"thumbnailUrl\":\"https:\\\/\\\/ekoplast-group.com\\\/wp-content\\\/uploads\\\/ekoplast-_krakow.jpg\",\"datePublished\":\"2018-06-04T09:43:40+00:00\",\"dateModified\":\"2025-09-23T09:47:35+00:00\",\"description\":\"Okna i drzwi to kosztowne elementy budowlane, od kt\u00f3rych oczekujemy, \u017ce b\u0119d\u0119 s\u0142u\u017cy\u0142y nam przez d\u0142ugie lata. Ekoplast Krak\u00f3w to gwarancja jako\u015bci.\",\"breadcrumb\":{\"@id\":\"https:\\\/\\\/ekoplast-group.com\\\/pl\\\/firma\\\/certyfikaty\\\/#breadcrumb\"},\"inLanguage\":\"pl-PL\",\"potentialAction\":[{\"@type\":\"ReadAction\",\"target\":[\"https:\\\/\\\/ekoplast-group.com\\\/pl\\\/firma\\\/certyfikaty\\\/\"]}]},{\"@type\":\"ImageObject\",\"inLanguage\":\"pl-PL\",\"@id\":\"https:\\\/\\\/ekoplast-group.com\\\/pl\\\/firma\\\/certyfikaty\\\/#primaryimage\",\"url\":\"https:\\\/\\\/ekoplast-group.com\\\/wp-content\\\/uploads\\\/ekoplast-_krakow.jpg\",\"contentUrl\":\"https:\\\/\\\/ekoplast-group.com\\\/wp-content\\\/uploads\\\/ekoplast-_krakow.jpg\",\"width\":1980,\"height\":685,\"caption\":\"okna z Krakowa\"},{\"@type\":\"BreadcrumbList\",\"@id\":\"https:\\\/\\\/ekoplast-group.com\\\/pl\\\/firma\\\/certyfikaty\\\/#breadcrumb\",\"itemListElement\":[{\"@type\":\"ListItem\",\"position\":1,\"name\":\"Strona g\u0142\u00f3wna\",\"item\":\"https:\\\/\\\/ekoplast-group.com\\\/pl\\\/\"},{\"@type\":\"ListItem\",\"position\":2,\"name\":\"Firma\",\"item\":\"https:\\\/\\\/ekoplast-group.com\\\/pl\\\/firma\\\/\"},{\"@type\":\"ListItem\",\"position\":3,\"name\":\"Certyfikaty\"}]},{\"@type\":\"WebSite\",\"@id\":\"https:\\\/\\\/ekoplast-group.com\\\/pl\\\/#website\",\"url\":\"https:\\\/\\\/ekoplast-group.com\\\/pl\\\/\",\"name\":\"Ekoplast S.A.\",\"description\":\"Okna PCV Krak\u00f3w Ekoplast - okna plastikowe, okna aluminiowe\",\"publisher\":{\"@id\":\"https:\\\/\\\/ekoplast-group.com\\\/pl\\\/#organization\"},\"potentialAction\":[{\"@type\":\"SearchAction\",\"target\":{\"@type\":\"EntryPoint\",\"urlTemplate\":\"https:\\\/\\\/ekoplast-group.com\\\/pl\\\/?s={search_term_string}\"},\"query-input\":{\"@type\":\"PropertyValueSpecification\",\"valueRequired\":true,\"valueName\":\"search_term_string\"}}],\"inLanguage\":\"pl-PL\"},{\"@type\":\"Organization\",\"@id\":\"https:\\\/\\\/ekoplast-group.com\\\/pl\\\/#organization\",\"name\":\"Ekoplast S.A.\",\"url\":\"https:\\\/\\\/ekoplast-group.com\\\/pl\\\/\",\"logo\":{\"@type\":\"ImageObject\",\"inLanguage\":\"pl-PL\",\"@id\":\"https:\\\/\\\/ekoplast-group.com\\\/pl\\\/#\\\/schema\\\/logo\\\/image\\\/\",\"url\":\"https:\\\/\\\/ekoplast-group.com\\\/wp-content\\\/uploads\\\/2017\\\/10\\\/Ekoplast_Logo_Color_Regular_Transparent-copy.svg\",\"contentUrl\":\"https:\\\/\\\/ekoplast-group.com\\\/wp-content\\\/uploads\\\/2017\\\/10\\\/Ekoplast_Logo_Color_Regular_Transparent-copy.svg\",\"width\":1,\"height\":1,\"caption\":\"Ekoplast S.A.\"},\"image\":{\"@id\":\"https:\\\/\\\/ekoplast-group.com\\\/pl\\\/#\\\/schema\\\/logo\\\/image\\\/\"},\"sameAs\":[\"https:\\\/\\\/www.facebook.com\\\/EkoplastPL\",\"https:\\\/\\\/www.linkedin.com\\\/company\\\/ekoplastsa\"]}]}<\/script>\n<!-- \/ Yoast SEO plugin. -->","yoast_head_json":{"title":"Certyfikaty | Ekoplast S.A.","description":"Okna i drzwi to kosztowne elementy budowlane, od kt\u00f3rych oczekujemy, \u017ce b\u0119d\u0119 s\u0142u\u017cy\u0142y nam przez d\u0142ugie lata. Ekoplast Krak\u00f3w to gwarancja jako\u015bci.","robots":{"index":"index","follow":"follow","max-snippet":"max-snippet:-1","max-image-preview":"max-image-preview:large","max-video-preview":"max-video-preview:-1"},"canonical":"https:\/\/ekoplast-group.com\/pl\/firma\/certyfikaty\/","og_locale":"pl_PL","og_type":"article","og_title":"Certyfikaty | Ekoplast S.A.","og_description":"Okna i drzwi to kosztowne elementy budowlane, od kt\u00f3rych oczekujemy, \u017ce b\u0119d\u0119 s\u0142u\u017cy\u0142y nam przez d\u0142ugie lata. Ekoplast Krak\u00f3w to gwarancja jako\u015bci.","og_url":"https:\/\/ekoplast-group.com\/pl\/firma\/certyfikaty\/","og_site_name":"Ekoplast S.A.","article_publisher":"https:\/\/www.facebook.com\/EkoplastPL","article_modified_time":"2025-09-23T09:47:35+00:00","og_image":[{"width":1980,"height":685,"url":"https:\/\/ekoplast-group.com\/wp-content\/uploads\/ekoplast-_krakow.jpg","type":"image\/jpeg"}],"twitter_card":"summary_large_image","twitter_misc":{"Szacowany czas czytania":"4 minuty"},"schema":{"@context":"https:\/\/schema.org","@graph":[{"@type":"WebPage","@id":"https:\/\/ekoplast-group.com\/pl\/firma\/certyfikaty\/","url":"https:\/\/ekoplast-group.com\/pl\/firma\/certyfikaty\/","name":"Certyfikaty | Ekoplast S.A.","isPartOf":{"@id":"https:\/\/ekoplast-group.com\/pl\/#website"},"primaryImageOfPage":{"@id":"https:\/\/ekoplast-group.com\/pl\/firma\/certyfikaty\/#primaryimage"},"image":{"@id":"https:\/\/ekoplast-group.com\/pl\/firma\/certyfikaty\/#primaryimage"},"thumbnailUrl":"https:\/\/ekoplast-group.com\/wp-content\/uploads\/ekoplast-_krakow.jpg","datePublished":"2018-06-04T09:43:40+00:00","dateModified":"2025-09-23T09:47:35+00:00","description":"Okna i drzwi to kosztowne elementy budowlane, od kt\u00f3rych oczekujemy, \u017ce b\u0119d\u0119 s\u0142u\u017cy\u0142y nam przez d\u0142ugie lata. Ekoplast Krak\u00f3w to gwarancja jako\u015bci.","breadcrumb":{"@id":"https:\/\/ekoplast-group.com\/pl\/firma\/certyfikaty\/#breadcrumb"},"inLanguage":"pl-PL","potentialAction":[{"@type":"ReadAction","target":["https:\/\/ekoplast-group.com\/pl\/firma\/certyfikaty\/"]}]},{"@type":"ImageObject","inLanguage":"pl-PL","@id":"https:\/\/ekoplast-group.com\/pl\/firma\/certyfikaty\/#primaryimage","url":"https:\/\/ekoplast-group.com\/wp-content\/uploads\/ekoplast-_krakow.jpg","contentUrl":"https:\/\/ekoplast-group.com\/wp-content\/uploads\/ekoplast-_krakow.jpg","width":1980,"height":685,"caption":"okna z Krakowa"},{"@type":"BreadcrumbList","@id":"https:\/\/ekoplast-group.com\/pl\/firma\/certyfikaty\/#breadcrumb","itemListElement":[{"@type":"ListItem","position":1,"name":"Strona g\u0142\u00f3wna","item":"https:\/\/ekoplast-group.com\/pl\/"},{"@type":"ListItem","position":2,"name":"Firma","item":"https:\/\/ekoplast-group.com\/pl\/firma\/"},{"@type":"ListItem","position":3,"name":"Certyfikaty"}]},{"@type":"WebSite","@id":"https:\/\/ekoplast-group.com\/pl\/#website","url":"https:\/\/ekoplast-group.com\/pl\/","name":"Ekoplast S.A.","description":"Okna PCV Krak\u00f3w Ekoplast - okna plastikowe, okna aluminiowe","publisher":{"@id":"https:\/\/ekoplast-group.com\/pl\/#organization"},"potentialAction":[{"@type":"SearchAction","target":{"@type":"EntryPoint","urlTemplate":"https:\/\/ekoplast-group.com\/pl\/?s={search_term_string}"},"query-input":{"@type":"PropertyValueSpecification","valueRequired":true,"valueName":"search_term_string"}}],"inLanguage":"pl-PL"},{"@type":"Organization","@id":"https:\/\/ekoplast-group.com\/pl\/#organization","name":"Ekoplast S.A.","url":"https:\/\/ekoplast-group.com\/pl\/","logo":{"@type":"ImageObject","inLanguage":"pl-PL","@id":"https:\/\/ekoplast-group.com\/pl\/#\/schema\/logo\/image\/","url":"https:\/\/ekoplast-group.com\/wp-content\/uploads\/2017\/10\/Ekoplast_Logo_Color_Regular_Transparent-copy.svg","contentUrl":"https:\/\/ekoplast-group.com\/wp-content\/uploads\/2017\/10\/Ekoplast_Logo_Color_Regular_Transparent-copy.svg","width":1,"height":1,"caption":"Ekoplast S.A."},"image":{"@id":"https:\/\/ekoplast-group.com\/pl\/#\/schema\/logo\/image\/"},"sameAs":["https:\/\/www.facebook.com\/EkoplastPL","https:\/\/www.linkedin.com\/company\/ekoplastsa"]}]}},"_links":{"self":[{"href":"https:\/\/ekoplast-group.com\/pl\/wp-json\/wp\/v2\/pages\/69236","targetHints":{"allow":["GET"]}}],"collection":[{"href":"https:\/\/ekoplast-group.com\/pl\/wp-json\/wp\/v2\/pages"}],"about":[{"href":"https:\/\/ekoplast-group.com\/pl\/wp-json\/wp\/v2\/types\/page"}],"author":[{"embeddable":true,"href":"https:\/\/ekoplast-group.com\/pl\/wp-json\/wp\/v2\/users\/43"}],"replies":[{"embeddable":true,"href":"https:\/\/ekoplast-group.com\/pl\/wp-json\/wp\/v2\/comments?post=69236"}],"version-history":[{"count":1,"href":"https:\/\/ekoplast-group.com\/pl\/wp-json\/wp\/v2\/pages\/69236\/revisions"}],"predecessor-version":[{"id":145228,"href":"https:\/\/ekoplast-group.com\/pl\/wp-json\/wp\/v2\/pages\/69236\/revisions\/145228"}],"up":[{"embeddable":true,"href":"https:\/\/ekoplast-group.com\/pl\/wp-json\/wp\/v2\/pages\/31"}],"wp:featuredmedia":[{"embeddable":true,"href":"https:\/\/ekoplast-group.com\/pl\/wp-json\/wp\/v2\/media\/67486"}],"wp:attachment":[{"href":"https:\/\/ekoplast-group.com\/pl\/wp-json\/wp\/v2\/media?parent=69236"}],"curies":[{"name":"wp","href":"https:\/\/api.w.org\/{rel}","templated":true}]}}