{"id":74472,"date":"2019-04-15T22:31:54","date_gmt":"2019-04-15T20:31:54","guid":{"rendered":"http:\/\/ekoplast-group.com\/?page_id=74472"},"modified":"2022-09-23T10:40:21","modified_gmt":"2022-09-23T08:40:21","slug":"rodo","status":"publish","type":"page","link":"https:\/\/ekoplast-group.com\/pl\/firma\/rodo\/","title":{"rendered":"Rodo"},"content":{"rendered":"<div class=\"wpb-content-wrapper\"><p>[vc_row row_height_percent=&#8221;3&#8243; override_padding=&#8221;yes&#8221; h_padding=&#8221;2&#8243; top_padding=&#8221;0&#8243; bottom_padding=&#8221;2&#8243; back_color=&#8221;color-lxmt&#8221; overlay_alpha=&#8221;50&#8243; gutter_size=&#8221;0&#8243; column_width_percent=&#8221;100&#8243; shift_y=&#8221;0&#8243; z_index=&#8221;0&#8243; mobile_visibility=&#8221;yes&#8221;][vc_column column_width_percent=&#8221;100&#8243; position_horizontal=&#8221;left&#8221; position_vertical=&#8221;middle&#8221; gutter_size=&#8221;0&#8243; overlay_alpha=&#8221;50&#8243; shift_x=&#8221;0&#8243; shift_y=&#8221;2&#8243; shift_y_down=&#8221;0&#8243; z_index=&#8221;0&#8243; medium_width=&#8221;0&#8243; mobile_width=&#8221;0&#8243; width=&#8221;1\/1&#8243;][uncode_breadcrumbs][\/vc_column][\/vc_row][vc_row row_height_percent=&#8221;0&#8243; override_padding=&#8221;yes&#8221; h_padding=&#8221;2&#8243; top_padding=&#8221;2&#8243; bottom_padding=&#8221;2&#8243; overlay_alpha=&#8221;50&#8243; gutter_size=&#8221;0&#8243; column_width_percent=&#8221;100&#8243; shift_y=&#8221;0&#8243; z_index=&#8221;0&#8243;][vc_column column_width_percent=&#8221;100&#8243; gutter_size=&#8221;3&#8243; override_padding=&#8221;yes&#8221; column_padding=&#8221;0&#8243; overlay_alpha=&#8221;50&#8243; shift_x=&#8221;0&#8243; shift_y=&#8221;0&#8243; shift_y_down=&#8221;0&#8243; z_index=&#8221;0&#8243; medium_width=&#8221;0&#8243; mobile_width=&#8221;0&#8243; sticky=&#8221;yes&#8221; width=&#8221;1\/4&#8243;][vc_empty_space empty_h=&#8221;3&#8243; mobile_visibility=&#8221;yes&#8221;][vc_wp_custommenu nav_menu=&#8221;211&#8243;][\/vc_column][vc_column column_width_percent=&#8221;100&#8243; gutter_size=&#8221;3&#8243; override_padding=&#8221;yes&#8221; column_padding=&#8221;0&#8243; overlay_alpha=&#8221;50&#8243; border_color=&#8221;color-wvjs&#8221; border_style=&#8221;solid&#8221; shift_x=&#8221;0&#8243; shift_y=&#8221;0&#8243; shift_y_down=&#8221;0&#8243; z_index=&#8221;0&#8243; medium_width=&#8221;0&#8243; mobile_width=&#8221;0&#8243; width=&#8221;3\/4&#8243;][vc_column_text]<\/p>\n<h2><\/h2>\n<h2>RODO<\/h2>\n<p>[\/vc_column_text][vc_column_text uncode_shortcode_id=&#8221;930051&#8243;]Bezpiecze\u0144stwo Twoich danych osobowych jest dla nas bardzo wa\u017cne.<br \/>\nDok\u0142adamy stara\u0144, aby ich przetwarzanie odbywa\u0142o si\u0119 przy zachowaniu najwy\u017cszych standard\u00f3w.Przetwarzamy dane osobowe uzyskane od Ciebie w toku zawierania i wykonywania umowy dotycz\u0105cej kompleksowej us\u0142ugi wymiany stolarki otworowej, takie jak: imi\u0119 i nazwisko, numer telefonu, adres e-mail, adres klienta, adres p\u0142atnika, adres korespondencyjny i adres wykonania us\u0142ugi, numer PESEL, NIP i REGON, nazwa, adres jednoosobowej dzia\u0142alno\u015bci gospodarczej. Dane osobowe s\u0105 przetwarzane w celu wykonania um\u00f3w z klientami,w ramach bezpo\u015bredniej komunikacji marketingowej, wykonywania obowi\u0105zk\u00f3w prawnych oraz ustalenia i ochrony naszych praw lub dochodzenia roszcze\u0144.<\/p>\n<p><strong>Administratorem danych osobowych jest EKOPLAST Sp\u00f3\u0142ka Akcyjna\u00a0z siedzib\u0105 w\u00a0Kokotowie, Kokot\u00f3w 913, 32-002 Kokot\u00f3w. <\/strong><\/p>\n<p>Szczeg\u00f3\u0142owe informacje o podstawach prawnych przetwarzania danych, okresach przetwarzania, automatycznym przetwarzaniu danych, miejscu przechowywania, podmiotach, kt\u00f3rym udost\u0119pniamy dane osobowe oraz Twoich prawach (prawo sprostowania, usuni\u0119cia lub ograniczenia przetwarzania, prawo do wniesienia sprzeciwu, prawo do przenoszenia danych oraz prawo zg\u0142oszenia skargi do organu nadzorczego) znajdziesz na naszej stronie internetowej pod adresem: <strong>dpo@ekoplast-group.pl<\/strong> zostan\u0105\u00a0przes\u0142ane na podany przez Ciebie adres e-mail.[\/vc_column_text][vc_separator sep_color=&#8221;,Default&#8221;][\/vc_column][\/vc_row][vc_row row_height_percent=&#8221;0&#8243; override_padding=&#8221;yes&#8221; h_padding=&#8221;2&#8243; top_padding=&#8221;0&#8243; bottom_padding=&#8221;2&#8243; overlay_alpha=&#8221;50&#8243; gutter_size=&#8221;0&#8243; column_width_percent=&#8221;100&#8243; shift_y=&#8221;0&#8243; z_index=&#8221;0&#8243;][vc_column column_width_percent=&#8221;100&#8243; gutter_size=&#8221;3&#8243; override_padding=&#8221;yes&#8221; column_padding=&#8221;0&#8243; overlay_alpha=&#8221;50&#8243; shift_x=&#8221;0&#8243; shift_y=&#8221;0&#8243; shift_y_down=&#8221;0&#8243; z_index=&#8221;0&#8243; medium_width=&#8221;0&#8243; mobile_width=&#8221;0&#8243; sticky=&#8221;yes&#8221; width=&#8221;1\/4&#8243;][\/vc_column][vc_column column_width_percent=&#8221;100&#8243; gutter_size=&#8221;1&#8243; override_padding=&#8221;yes&#8221; column_padding=&#8221;0&#8243; overlay_alpha=&#8221;50&#8243; border_color=&#8221;color-wvjs&#8221; border_style=&#8221;solid&#8221; shift_x=&#8221;0&#8243; shift_y=&#8221;0&#8243; shift_y_down=&#8221;0&#8243; z_index=&#8221;0&#8243; medium_width=&#8221;0&#8243; mobile_width=&#8221;0&#8243; width=&#8221;3\/4&#8243;][vc_column_text]Poni\u017cej znajd\u0105 Pa\u0144stwo ca\u0142\u0105 klauzul\u0119 informacyjn\u0105 o przechowywaniu danych:[\/vc_column_text][vc_empty_space empty_h=&#8221;1&#8243;][vc_button button_color=&#8221;accent&#8221; border_width=&#8221;0&#8243; link=&#8221;url:https%3A%2F%2Fekoplast-group.com%2Fwp-content%2Fuploads%2FEkoplast-RODO-Przetwarzanie-danych-osobowych.pdf&#8221; button_color_type=&#8221;uncode-palette&#8221; uncode_shortcode_id=&#8221;158158&#8243;]KLAUZULA INFORMACYJNA[\/vc_button][vc_empty_space empty_h=&#8221;1&#8243; medium_visibility=&#8221;yes&#8221; mobile_visibility=&#8221;yes&#8221;][\/vc_column][\/vc_row][vc_row unlock_row=&#8221;&#8221; row_height_percent=&#8221;0&#8243; override_padding=&#8221;yes&#8221; h_padding=&#8221;0&#8243; top_padding=&#8221;0&#8243; bottom_padding=&#8221;1&#8243; overlay_alpha=&#8221;50&#8243; gutter_size=&#8221;3&#8243; column_width_percent=&#8221;100&#8243; shift_y=&#8221;0&#8243; z_index=&#8221;0&#8243;][vc_column width=&#8221;1\/1&#8243;][vc_custom_heading heading_semantic=&#8221;h3&#8243; text_size=&#8221;h3&#8243;]Dlaczego Ekoplast?[\/vc_custom_heading][\/vc_column][\/vc_row][vc_row unlock_row_content=&#8221;yes&#8221; row_height_percent=&#8221;0&#8243; override_padding=&#8221;yes&#8221; h_padding=&#8221;0&#8243; top_padding=&#8221;2&#8243; bottom_padding=&#8221;0&#8243; overlay_alpha=&#8221;50&#8243; gutter_size=&#8221;3&#8243; column_width_percent=&#8221;100&#8243; shift_y=&#8221;0&#8243; z_index=&#8221;0&#8243;][vc_column width=&#8221;1\/1&#8243;][vc_separator sep_color=&#8221;color-gyho&#8221;][\/vc_column][\/vc_row][vc_row][vc_column width=&#8221;1\/4&#8243;][vc_single_image media=&#8221;67503&#8243; media_width_percent=&#8221;100&#8243;][vc_column_text]<strong>Jako\u015b\u0107<\/strong><\/p>\n<p><span style=\"font-weight: 400;\">Najwy\u017csza jako\u015b\u0107 jako standard w ofercie \u2013 tego mo\u017cesz od nas oczekiwa\u0107. Dob\u00f3r sprawdzonych podwykonawc\u00f3w, skrupulatno\u015b\u0107 wykonania oraz najlepsze parametry produkt\u00f3w bior\u0105 si\u0119 z naszej niegasn\u0105cej ambicji, by sprosta\u0107 r\u00f3\u017cnorodnym wymaganiom Klient\u00f3w.<\/span>[\/vc_column_text][\/vc_column][vc_column width=&#8221;1\/4&#8243;][vc_single_image media=&#8221;67508&#8243; media_width_percent=&#8221;100&#8243;][vc_column_text]<strong>Elastyczno\u015b\u0107<\/strong><\/p>\n<p><span style=\"font-weight: 400;\">Obecno\u015b\u0107 na rynkach europejskich nauczy\u0142a nas otwarto\u015bci na oczekiwania partner\u00f3w indywidualnych i biznesowych. Potrafimy dostosowa\u0107 lini\u0119 produkcyjn\u0105 do indywidualnych potrzeb Klienta, takich jak okna nietypowe \u2013 produkowane na specjalne zam\u00f3wienie i charakteryzuj\u0105ce si\u0119 indywidualnymi cechami. Mog\u0105 one posiada\u0107 wi\u0119ksze przeszklenia, by\u0107 dopasowane pod k\u0105tem konkretnego rozmiaru, czy wyr\u00f3\u017cnia\u0107 si\u0119 specyficznym kszta\u0142tem, np. owalnym, trapezowym, \u0142ukowym. <\/span>[\/vc_column_text][\/vc_column][vc_column width=&#8221;1\/4&#8243;][vc_single_image media=&#8221;65895&#8243; media_width_percent=&#8221;100&#8243;][vc_column_text]<strong>Satysfakcja<\/strong><\/p>\n<p><span style=\"font-weight: 400;\">Zadowolenie Klienta to warto\u015b\u0107 dodana ka\u017cdej transakcji. W Ekopla\u015bcie dbamy, by obs\u0142uga partner\u00f3w handlowych dor\u00f3wnywa\u0142a jako\u015bci naszej oferty. Nasi przedstawiciele pomog\u0105 wybra\u0107 najlepsze rozwi\u0105zania pod wzgl\u0119dem parametr\u00f3w technicznych, doradz\u0105 te\u017c dobra\u0107 po\u017c\u0105dan\u0105 estetyk\u0119 na bazie bogatej oferty.<\/span>[\/vc_column_text][\/vc_column][vc_column width=&#8221;1\/4&#8243;][vc_single_image media=&#8221;65896&#8243; media_width_percent=&#8221;100&#8243;][vc_column_text]<strong>Automatyzacja<\/strong><\/p>\n<p>Nasza dba\u0142o\u015b\u0107 o to, by dostali Pa\u0144stwo produkt jako\u015bciowo z najwy\u017cszej p\u00f3\u0142ki przejawia si\u0119 tak\u017ce w procesie produkcji. Wysoko wykwalifikowani, do\u015bwiadczeni pracownicy oraz dost\u0119p do najnowszych technologii, daje nam przewag\u0119 konkurencyjn\u0105 na rynku. System zarz\u0105dzania jako\u015bci\u0105 w Ekoplast S.A.\u00a0identyfikuje wszystkie procesy, wymagane dla jego optymalnego funkcjonowania. Podlega on ci\u0105g\u0142ej ewolucji i doskonaleniu.[\/vc_column_text][\/vc_column][\/vc_row][vc_row unlock_row_content=&#8221;yes&#8221; row_height_percent=&#8221;0&#8243; override_padding=&#8221;yes&#8221; h_padding=&#8221;0&#8243; top_padding=&#8221;1&#8243; bottom_padding=&#8221;0&#8243; overlay_alpha=&#8221;50&#8243; gutter_size=&#8221;3&#8243; column_width_percent=&#8221;100&#8243; shift_y=&#8221;0&#8243; z_index=&#8221;0&#8243;][vc_column][vc_gmaps latlon=&#8221;50.020010, 20.088871&#8243; map_color=&#8221;accent&#8221; ui_color=&#8221;color-rgdb&#8221; zoom=&#8221;14&#8243; map_saturation=&#8221;-20&#8243; map_brightness=&#8221;5&#8243;][\/vc_column][\/vc_row][vc_row unlock_row_content=&#8221;yes&#8221; row_height_percent=&#8221;0&#8243; overlay_alpha=&#8221;50&#8243; gutter_size=&#8221;3&#8243; column_width_percent=&#8221;100&#8243; shift_y=&#8221;0&#8243; z_index=&#8221;0&#8243;][vc_column width=&#8221;1\/1&#8243;][uncode_block id=&#8221;15588&#8243;][\/vc_column][\/vc_row]<\/p>\n<\/div>","protected":false},"excerpt":{"rendered":"<p>[vc_row row_height_percent=&#8221;3&#8243; override_padding=&#8221;yes&#8221; h_padding=&#8221;2&#8243; top_padding=&#8221;0&#8243; bottom_padding=&#8221;2&#8243; back_color=&#8221;color-lxmt&#8221; overlay_alpha=&#8221;50&#8243; gutter_size=&#8221;0&#8243; column_width_percent=&#8221;100&#8243; shift_y=&#8221;0&#8243; z_index=&#8221;0&#8243; mobile_visibility=&#8221;yes&#8221;][vc_column column_width_percent=&#8221;100&#8243; position_horizontal=&#8221;left&#8221; position_vertical=&#8221;middle&#8221; gutter_size=&#8221;0&#8243; overlay_alpha=&#8221;50&#8243; shift_x=&#8221;0&#8243; shift_y=&#8221;2&#8243; [&hellip;]<\/p>\n","protected":false},"author":43,"featured_media":69313,"parent":31,"menu_order":0,"comment_status":"closed","ping_status":"closed","template":"","meta":{"footnotes":""},"class_list":["post-74472","page","type-page","status-publish","has-post-thumbnail","hentry"],"yoast_head":"<!-- This site is optimized with the Yoast SEO plugin v27.4 - https:\/\/yoast.com\/product\/yoast-seo-wordpress\/ -->\n<title>Rodo | Ekoplast S.A.<\/title>\n<meta name=\"robots\" content=\"index, follow, max-snippet:-1, max-image-preview:large, max-video-preview:-1\" \/>\n<link rel=\"canonical\" href=\"https:\/\/ekoplast-group.com\/pl\/firma\/rodo\/\" \/>\n<meta property=\"og:locale\" content=\"pl_PL\" \/>\n<meta property=\"og:type\" content=\"article\" \/>\n<meta property=\"og:title\" content=\"Rodo | Ekoplast S.A.\" \/>\n<meta property=\"og:description\" content=\"[vc_row row_height_percent=&#8221;3&#8243; override_padding=&#8221;yes&#8221; h_padding=&#8221;2&#8243; top_padding=&#8221;0&#8243; bottom_padding=&#8221;2&#8243; back_color=&#8221;color-lxmt&#8221; overlay_alpha=&#8221;50&#8243; gutter_size=&#8221;0&#8243; column_width_percent=&#8221;100&#8243; shift_y=&#8221;0&#8243; z_index=&#8221;0&#8243; mobile_visibility=&#8221;yes&#8221;][vc_column column_width_percent=&#8221;100&#8243; position_horizontal=&#8221;left&#8221; position_vertical=&#8221;middle&#8221; gutter_size=&#8221;0&#8243; overlay_alpha=&#8221;50&#8243; shift_x=&#8221;0&#8243; shift_y=&#8221;2&#8243; [&hellip;]\" \/>\n<meta property=\"og:url\" content=\"https:\/\/ekoplast-group.com\/pl\/firma\/rodo\/\" \/>\n<meta property=\"og:site_name\" content=\"Ekoplast S.A.\" \/>\n<meta property=\"article:publisher\" content=\"https:\/\/www.facebook.com\/EkoplastPL\" \/>\n<meta property=\"article:modified_time\" content=\"2022-09-23T08:40:21+00:00\" \/>\n<meta property=\"og:image\" content=\"https:\/\/ekoplast-group.com\/wp-content\/uploads\/ek1.jpg\" \/>\n\t<meta property=\"og:image:width\" content=\"1920\" \/>\n\t<meta property=\"og:image:height\" content=\"529\" \/>\n\t<meta property=\"og:image:type\" content=\"image\/jpeg\" \/>\n<meta name=\"twitter:card\" content=\"summary_large_image\" \/>\n<meta name=\"twitter:label1\" content=\"Szacowany czas czytania\" \/>\n\t<meta name=\"twitter:data1\" content=\"4 minuty\" \/>\n<script type=\"application\/ld+json\" class=\"yoast-schema-graph\">{\"@context\":\"https:\\\/\\\/schema.org\",\"@graph\":[{\"@type\":\"WebPage\",\"@id\":\"https:\\\/\\\/ekoplast-group.com\\\/pl\\\/firma\\\/rodo\\\/\",\"url\":\"https:\\\/\\\/ekoplast-group.com\\\/pl\\\/firma\\\/rodo\\\/\",\"name\":\"Rodo | Ekoplast S.A.\",\"isPartOf\":{\"@id\":\"https:\\\/\\\/ekoplast-group.com\\\/pl\\\/#website\"},\"primaryImageOfPage\":{\"@id\":\"https:\\\/\\\/ekoplast-group.com\\\/pl\\\/firma\\\/rodo\\\/#primaryimage\"},\"image\":{\"@id\":\"https:\\\/\\\/ekoplast-group.com\\\/pl\\\/firma\\\/rodo\\\/#primaryimage\"},\"thumbnailUrl\":\"https:\\\/\\\/ekoplast-group.com\\\/wp-content\\\/uploads\\\/ek1.jpg\",\"datePublished\":\"2019-04-15T20:31:54+00:00\",\"dateModified\":\"2022-09-23T08:40:21+00:00\",\"breadcrumb\":{\"@id\":\"https:\\\/\\\/ekoplast-group.com\\\/pl\\\/firma\\\/rodo\\\/#breadcrumb\"},\"inLanguage\":\"pl-PL\",\"potentialAction\":[{\"@type\":\"ReadAction\",\"target\":[\"https:\\\/\\\/ekoplast-group.com\\\/pl\\\/firma\\\/rodo\\\/\"]}]},{\"@type\":\"ImageObject\",\"inLanguage\":\"pl-PL\",\"@id\":\"https:\\\/\\\/ekoplast-group.com\\\/pl\\\/firma\\\/rodo\\\/#primaryimage\",\"url\":\"https:\\\/\\\/ekoplast-group.com\\\/wp-content\\\/uploads\\\/ek1.jpg\",\"contentUrl\":\"https:\\\/\\\/ekoplast-group.com\\\/wp-content\\\/uploads\\\/ek1.jpg\",\"width\":1920,\"height\":529,\"caption\":\"Kontakt\"},{\"@type\":\"BreadcrumbList\",\"@id\":\"https:\\\/\\\/ekoplast-group.com\\\/pl\\\/firma\\\/rodo\\\/#breadcrumb\",\"itemListElement\":[{\"@type\":\"ListItem\",\"position\":1,\"name\":\"Strona g\u0142\u00f3wna\",\"item\":\"https:\\\/\\\/ekoplast-group.com\\\/pl\\\/\"},{\"@type\":\"ListItem\",\"position\":2,\"name\":\"Firma\",\"item\":\"https:\\\/\\\/ekoplast-group.com\\\/pl\\\/firma\\\/\"},{\"@type\":\"ListItem\",\"position\":3,\"name\":\"Rodo\"}]},{\"@type\":\"WebSite\",\"@id\":\"https:\\\/\\\/ekoplast-group.com\\\/pl\\\/#website\",\"url\":\"https:\\\/\\\/ekoplast-group.com\\\/pl\\\/\",\"name\":\"Ekoplast S.A.\",\"description\":\"Okna PCV Krak\u00f3w Ekoplast - okna plastikowe, okna aluminiowe\",\"publisher\":{\"@id\":\"https:\\\/\\\/ekoplast-group.com\\\/pl\\\/#organization\"},\"potentialAction\":[{\"@type\":\"SearchAction\",\"target\":{\"@type\":\"EntryPoint\",\"urlTemplate\":\"https:\\\/\\\/ekoplast-group.com\\\/pl\\\/?s={search_term_string}\"},\"query-input\":{\"@type\":\"PropertyValueSpecification\",\"valueRequired\":true,\"valueName\":\"search_term_string\"}}],\"inLanguage\":\"pl-PL\"},{\"@type\":\"Organization\",\"@id\":\"https:\\\/\\\/ekoplast-group.com\\\/pl\\\/#organization\",\"name\":\"Ekoplast S.A.\",\"url\":\"https:\\\/\\\/ekoplast-group.com\\\/pl\\\/\",\"logo\":{\"@type\":\"ImageObject\",\"inLanguage\":\"pl-PL\",\"@id\":\"https:\\\/\\\/ekoplast-group.com\\\/pl\\\/#\\\/schema\\\/logo\\\/image\\\/\",\"url\":\"https:\\\/\\\/ekoplast-group.com\\\/wp-content\\\/uploads\\\/2017\\\/10\\\/Ekoplast_Logo_Color_Regular_Transparent-copy.svg\",\"contentUrl\":\"https:\\\/\\\/ekoplast-group.com\\\/wp-content\\\/uploads\\\/2017\\\/10\\\/Ekoplast_Logo_Color_Regular_Transparent-copy.svg\",\"width\":1,\"height\":1,\"caption\":\"Ekoplast S.A.\"},\"image\":{\"@id\":\"https:\\\/\\\/ekoplast-group.com\\\/pl\\\/#\\\/schema\\\/logo\\\/image\\\/\"},\"sameAs\":[\"https:\\\/\\\/www.facebook.com\\\/EkoplastPL\",\"https:\\\/\\\/www.linkedin.com\\\/company\\\/ekoplastsa\"]}]}<\/script>\n<!-- \/ Yoast SEO plugin. -->","yoast_head_json":{"title":"Rodo | Ekoplast S.A.","robots":{"index":"index","follow":"follow","max-snippet":"max-snippet:-1","max-image-preview":"max-image-preview:large","max-video-preview":"max-video-preview:-1"},"canonical":"https:\/\/ekoplast-group.com\/pl\/firma\/rodo\/","og_locale":"pl_PL","og_type":"article","og_title":"Rodo | Ekoplast S.A.","og_description":"[vc_row row_height_percent=&#8221;3&#8243; override_padding=&#8221;yes&#8221; h_padding=&#8221;2&#8243; top_padding=&#8221;0&#8243; bottom_padding=&#8221;2&#8243; back_color=&#8221;color-lxmt&#8221; overlay_alpha=&#8221;50&#8243; gutter_size=&#8221;0&#8243; column_width_percent=&#8221;100&#8243; shift_y=&#8221;0&#8243; z_index=&#8221;0&#8243; mobile_visibility=&#8221;yes&#8221;][vc_column column_width_percent=&#8221;100&#8243; position_horizontal=&#8221;left&#8221; position_vertical=&#8221;middle&#8221; gutter_size=&#8221;0&#8243; overlay_alpha=&#8221;50&#8243; shift_x=&#8221;0&#8243; shift_y=&#8221;2&#8243; [&hellip;]","og_url":"https:\/\/ekoplast-group.com\/pl\/firma\/rodo\/","og_site_name":"Ekoplast S.A.","article_publisher":"https:\/\/www.facebook.com\/EkoplastPL","article_modified_time":"2022-09-23T08:40:21+00:00","og_image":[{"width":1920,"height":529,"url":"https:\/\/ekoplast-group.com\/wp-content\/uploads\/ek1.jpg","type":"image\/jpeg"}],"twitter_card":"summary_large_image","twitter_misc":{"Szacowany czas czytania":"4 minuty"},"schema":{"@context":"https:\/\/schema.org","@graph":[{"@type":"WebPage","@id":"https:\/\/ekoplast-group.com\/pl\/firma\/rodo\/","url":"https:\/\/ekoplast-group.com\/pl\/firma\/rodo\/","name":"Rodo | Ekoplast S.A.","isPartOf":{"@id":"https:\/\/ekoplast-group.com\/pl\/#website"},"primaryImageOfPage":{"@id":"https:\/\/ekoplast-group.com\/pl\/firma\/rodo\/#primaryimage"},"image":{"@id":"https:\/\/ekoplast-group.com\/pl\/firma\/rodo\/#primaryimage"},"thumbnailUrl":"https:\/\/ekoplast-group.com\/wp-content\/uploads\/ek1.jpg","datePublished":"2019-04-15T20:31:54+00:00","dateModified":"2022-09-23T08:40:21+00:00","breadcrumb":{"@id":"https:\/\/ekoplast-group.com\/pl\/firma\/rodo\/#breadcrumb"},"inLanguage":"pl-PL","potentialAction":[{"@type":"ReadAction","target":["https:\/\/ekoplast-group.com\/pl\/firma\/rodo\/"]}]},{"@type":"ImageObject","inLanguage":"pl-PL","@id":"https:\/\/ekoplast-group.com\/pl\/firma\/rodo\/#primaryimage","url":"https:\/\/ekoplast-group.com\/wp-content\/uploads\/ek1.jpg","contentUrl":"https:\/\/ekoplast-group.com\/wp-content\/uploads\/ek1.jpg","width":1920,"height":529,"caption":"Kontakt"},{"@type":"BreadcrumbList","@id":"https:\/\/ekoplast-group.com\/pl\/firma\/rodo\/#breadcrumb","itemListElement":[{"@type":"ListItem","position":1,"name":"Strona g\u0142\u00f3wna","item":"https:\/\/ekoplast-group.com\/pl\/"},{"@type":"ListItem","position":2,"name":"Firma","item":"https:\/\/ekoplast-group.com\/pl\/firma\/"},{"@type":"ListItem","position":3,"name":"Rodo"}]},{"@type":"WebSite","@id":"https:\/\/ekoplast-group.com\/pl\/#website","url":"https:\/\/ekoplast-group.com\/pl\/","name":"Ekoplast S.A.","description":"Okna PCV Krak\u00f3w Ekoplast - okna plastikowe, okna aluminiowe","publisher":{"@id":"https:\/\/ekoplast-group.com\/pl\/#organization"},"potentialAction":[{"@type":"SearchAction","target":{"@type":"EntryPoint","urlTemplate":"https:\/\/ekoplast-group.com\/pl\/?s={search_term_string}"},"query-input":{"@type":"PropertyValueSpecification","valueRequired":true,"valueName":"search_term_string"}}],"inLanguage":"pl-PL"},{"@type":"Organization","@id":"https:\/\/ekoplast-group.com\/pl\/#organization","name":"Ekoplast S.A.","url":"https:\/\/ekoplast-group.com\/pl\/","logo":{"@type":"ImageObject","inLanguage":"pl-PL","@id":"https:\/\/ekoplast-group.com\/pl\/#\/schema\/logo\/image\/","url":"https:\/\/ekoplast-group.com\/wp-content\/uploads\/2017\/10\/Ekoplast_Logo_Color_Regular_Transparent-copy.svg","contentUrl":"https:\/\/ekoplast-group.com\/wp-content\/uploads\/2017\/10\/Ekoplast_Logo_Color_Regular_Transparent-copy.svg","width":1,"height":1,"caption":"Ekoplast S.A."},"image":{"@id":"https:\/\/ekoplast-group.com\/pl\/#\/schema\/logo\/image\/"},"sameAs":["https:\/\/www.facebook.com\/EkoplastPL","https:\/\/www.linkedin.com\/company\/ekoplastsa"]}]}},"_links":{"self":[{"href":"https:\/\/ekoplast-group.com\/pl\/wp-json\/wp\/v2\/pages\/74472","targetHints":{"allow":["GET"]}}],"collection":[{"href":"https:\/\/ekoplast-group.com\/pl\/wp-json\/wp\/v2\/pages"}],"about":[{"href":"https:\/\/ekoplast-group.com\/pl\/wp-json\/wp\/v2\/types\/page"}],"author":[{"embeddable":true,"href":"https:\/\/ekoplast-group.com\/pl\/wp-json\/wp\/v2\/users\/43"}],"replies":[{"embeddable":true,"href":"https:\/\/ekoplast-group.com\/pl\/wp-json\/wp\/v2\/comments?post=74472"}],"version-history":[{"count":0,"href":"https:\/\/ekoplast-group.com\/pl\/wp-json\/wp\/v2\/pages\/74472\/revisions"}],"up":[{"embeddable":true,"href":"https:\/\/ekoplast-group.com\/pl\/wp-json\/wp\/v2\/pages\/31"}],"wp:featuredmedia":[{"embeddable":true,"href":"https:\/\/ekoplast-group.com\/pl\/wp-json\/wp\/v2\/media\/69313"}],"wp:attachment":[{"href":"https:\/\/ekoplast-group.com\/pl\/wp-json\/wp\/v2\/media?parent=74472"}],"curies":[{"name":"wp","href":"https:\/\/api.w.org\/{rel}","templated":true}]}}